{"id":2,"date":"2022-09-22T08:15:56","date_gmt":"2022-09-22T08:15:56","guid":{"rendered":"https:\/\/www.real.edu.ee\/ajaveeb\/leibnitz\/?page_id=2"},"modified":"2022-09-29T11:37:27","modified_gmt":"2022-09-29T11:37:27","slug":"demoleht","status":"publish","type":"page","link":"https:\/\/www.real.edu.ee\/ajaveeb\/leibnitz\/","title":{"rendered":"B(R)G Leibnitz and Tallinn Secondary School of Science"},"content":{"rendered":"<p><strong>Erasmus+ Student Exchange Program<\/strong><\/p>\n<p><strong>25.09 Sunday<\/strong><br \/>\n17:45 arrival at Tallinn airport<\/p>\n<p><strong>26.09 Monday<\/strong><br \/>\n8:00 Getting acquainted with Tallinn Secondary School of Science &#8211; overview of the school, getting acquainted with the timeline (Mia, Renate, Tristan, Anete). Room 303<br \/>\n8: 55 &#8211; 10:35 ASs in different classes<\/p>\n<p><img loading=\"lazy\" decoding=\"async\" class=\"alignnone size-medium wp-image-18\" src=\"http:\/\/www.real.edu.ee\/ajaveeb\/leibnitz\/files\/2022\/09\/plan-1-203x300.png\" alt=\"\" width=\"203\" height=\"300\" srcset=\"https:\/\/www.real.edu.ee\/ajaveeb\/leibnitz\/files\/2022\/09\/plan-1-203x300.png 203w, https:\/\/www.real.edu.ee\/ajaveeb\/leibnitz\/files\/2022\/09\/plan-1.png 324w\" sizes=\"auto, (max-width: 203px) 100vw, 203px\" \/><\/p>\n<p>11:00 &#8211; 13:00 A guided tour in Tallinn Old Town (Liisa, Marta: estadventures.ee, <a href=\"tel:+37258027584\" target=\"_blank\" rel=\"noopener\">+372 58027584<\/a>)<br \/>\n13:15 Lunch at school<br \/>\n13:50 &#8211; 15:30 Classes \/ free time<br \/>\n15:35 Resilience and Mental health workshop at school &#8211; Austrian Ss and 11b and TRK psychologists Kati and Olle (room 303)<\/p>\n<p><strong>27.09 Tuesday<\/strong><br \/>\n8:00 Room 303 11b and ASs &#8211; presentation of the role of bogs in Estonia (Tobias, Mia and the team)<br \/>\n9.00-9.20 Photo session in aula<br \/>\n10:00 <a href=\"https:\/\/evm.ee\/\">Rocca al Mare Open Air Museum<\/a> (bus 21, from Vabaduse V\u00e4ljak 9:43), guided tour<br \/>\nTour at Open Air Museum is appx 1.5h long. Students gather at 9:30 in the foyer and go together. (Mia Brit, Elli, Ketlin, Frederik, Georg, William)<br \/>\n12:25 (or when back) Lunch at school<br \/>\n12:55 &#8211; 15:30 (or later) ASs in different classes<\/p>\n<p><strong>28.09 Wednesday<\/strong><br \/>\n8:00 some ASs in different classes<br \/>\n9:00 bus (number <strong>013BRY<\/strong>) from <strong>Otsa Street<\/strong> (between the school and the Opera Theatre)<br \/>\n10:00 A hike (incl. snowshoes) to a K\u00f5nnu-Suursoo bog; the role of bogs in Estonian history, a guided tour by RMK; 10:00 at J\u00e4rvi j\u00e4rvede P\u00e4rnj\u00e4rve parking lot, 3hrs, 3.5 with a picnic<br \/>\nNB Hiking boots or rubber boots are required. Tennis shoes and usual sneakers are not good enough!<br \/>\n13:00 Takeaway picnic lunch Mia, Linda,\u00a0 Tobias, Tristan, Kristi<br \/>\n14:30 back at school<\/p>\n<p><strong>29.09 Thursday, School&#8217;s birthday<\/strong><br \/>\n8:00 &#8211; 8:45 some ASs in different classes<br \/>\n8:55 &#8211; 9:30 ASs in classes or free time in Home Room<br \/>\n10:00 Guided tour at the Okupatsioonide ja vabaduse muuseum, 60 mins <a href=\"https:\/\/www.vabamu.ee\/en\">Museum of Occupations and Freedom <\/a>Anete, Mia S &#8211; Ss gather in the <strong>foyer<\/strong> and <strong>leave<\/strong> school at <strong>9:30<\/strong>.<br \/>\n11:40- 12:25 11b and ASs a class with a school alumni, room 303<br \/>\n12:25 Lunch at school<br \/>\n12:55 &#8211; 13:40 School\u2019s birthday gathering on the stadium<br \/>\n12:55 &#8211; 14:35 (or longer) ASs in different classes<\/p>\n<p><strong>30.09 Friday<\/strong><br \/>\n8:00 some ASs in classes<br \/>\nLennusadam\/<a href=\"https:\/\/meremuuseum.ee\/lennusadam\/en\/\">Seaplane Harbour<\/a>, guided tour at 10:10, 45 minutes (Tristan, Juhan, Mathias, Vahur), Ss gather in the foyer and leave school at 9:15;\u00a0 \u00a0bus 3 at\u00a0 9:33 from Estonia stop (next to Tammsaare park) to Lennusadam stop<br \/>\n12:25 lunch at school<br \/>\n12:55- 13:40 ASs in English classes:<\/p>\n<p><img loading=\"lazy\" decoding=\"async\" class=\"alignnone wp-image-38\" src=\"http:\/\/www.real.edu.ee\/ajaveeb\/leibnitz\/files\/2022\/09\/english2-300x96.jpg\" alt=\"\" width=\"509\" height=\"163\" srcset=\"https:\/\/www.real.edu.ee\/ajaveeb\/leibnitz\/files\/2022\/09\/english2-300x96.jpg 300w, https:\/\/www.real.edu.ee\/ajaveeb\/leibnitz\/files\/2022\/09\/english2-1024x327.jpg 1024w, https:\/\/www.real.edu.ee\/ajaveeb\/leibnitz\/files\/2022\/09\/english2-768x245.jpg 768w, https:\/\/www.real.edu.ee\/ajaveeb\/leibnitz\/files\/2022\/09\/english2.jpg 1188w\" sizes=\"auto, (max-width: 509px) 100vw, 509px\" \/><\/p>\n<p>13:50 &#8211; 14:35 David Duncan, <em>Stress prevention and resilience in a school environment,\u00a0<\/em>assembly hall<br \/>\n14:45 &#8211; 15:30 11b and ASs class teacher&#8217;s hour, room 307<br \/>\n! 17:30 <a href=\"https:\/\/www.spatallinn.ee\/en\/\">Viimsi SPA<\/a> (Ravi tee1, Viimsi; 16:49 bus 1 from Viru Keskus ), 3 hrs of SPA,<br \/>\nThose Ss who go from school, gather in the foyer at 16:30!<br \/>\n18:00 sauna rituals<br \/>\n19:00 steam sauna rituals<br \/>\nNB! No shorts &#8211; might damage the tubes! (wear swimming trunks instead)<\/p>\n<p><strong>David<\/strong><br \/>\n8:00 Teachers lecture, room 111<br \/>\n11:40 11c class, room 206 (39 students)<br \/>\n13:50 classes: 11a, 11b, 10b, 12c, assembly hall (4&#215;38 students (152\/6=25.3))<\/p>\n<p><strong>1.10 Saturday<\/strong><br \/>\n19:00 &#8211; 21:00 A Ss and parents night in the P\u00e4rnu Road house &#8211; Piret Otsa and Estonian traditional games\/dances.<br \/>\nCulture presentations &#8211; Austria. Estonian traditional food &#8211; everybody brings sth, we can use the kitchen upstairs.<\/p>\n<p><strong>2.10 Sunday<\/strong><br \/>\n12:55 departure from Tallinn Airport<\/p>\n","protected":false},"excerpt":{"rendered":"<p>Erasmus+ Student Exchange Program 25.09 Sunday 17:45 arrival at Tallinn airport 26.09 Monday 8:00 Getting acquainted with Tallinn Secondary School of Science &#8211; overview of the school, getting acquainted with the timeline (Mia, Renate, Tristan, Anete). Room 303 8: 55 &hellip; <a href=\"https:\/\/www.real.edu.ee\/ajaveeb\/leibnitz\/\">J\u00e4tka lugemist <span class=\"meta-nav\">&rarr;<\/span><\/a><\/p>\n","protected":false},"author":1,"featured_media":0,"parent":0,"menu_order":0,"comment_status":"closed","ping_status":"open","template":"","meta":{"footnotes":""},"class_list":["post-2","page","type-page","status-publish","hentry"],"_links":{"self":[{"href":"https:\/\/www.real.edu.ee\/ajaveeb\/leibnitz\/wp-json\/wp\/v2\/pages\/2","targetHints":{"allow":["GET"]}}],"collection":[{"href":"https:\/\/www.real.edu.ee\/ajaveeb\/leibnitz\/wp-json\/wp\/v2\/pages"}],"about":[{"href":"https:\/\/www.real.edu.ee\/ajaveeb\/leibnitz\/wp-json\/wp\/v2\/types\/page"}],"author":[{"embeddable":true,"href":"https:\/\/www.real.edu.ee\/ajaveeb\/leibnitz\/wp-json\/wp\/v2\/users\/1"}],"replies":[{"embeddable":true,"href":"https:\/\/www.real.edu.ee\/ajaveeb\/leibnitz\/wp-json\/wp\/v2\/comments?post=2"}],"version-history":[{"count":21,"href":"https:\/\/www.real.edu.ee\/ajaveeb\/leibnitz\/wp-json\/wp\/v2\/pages\/2\/revisions"}],"predecessor-version":[{"id":40,"href":"https:\/\/www.real.edu.ee\/ajaveeb\/leibnitz\/wp-json\/wp\/v2\/pages\/2\/revisions\/40"}],"wp:attachment":[{"href":"https:\/\/www.real.edu.ee\/ajaveeb\/leibnitz\/wp-json\/wp\/v2\/media?parent=2"}],"curies":[{"name":"wp","href":"https:\/\/api.w.org\/{rel}","templated":true}]}}