{"id":42,"date":"2012-07-02T06:33:18","date_gmt":"2012-07-02T06:33:18","guid":{"rendered":"http:\/\/www.real.edu.ee\/ajaveeb\/hoolekandeselts\/?page_id=42"},"modified":"2026-05-11T09:21:42","modified_gmt":"2026-05-11T09:21:42","slug":"reaali-aasta-opetajad","status":"publish","type":"page","link":"https:\/\/www.real.edu.ee\/ajaveeb\/hoolekandeselts\/reaali-aasta-opetajad\/","title":{"rendered":"Reaali aasta \u00f5petajad"},"content":{"rendered":"<p>&#8220;Reaali aasta \u00f5petaja&#8221; stipendiumi konkursi ellukutsuja ja sihtfinantseerija on vil! 107 Margus Kangro. Stipendiumi antakse v\u00e4lja alates aastast 2005.<\/p>\n<p>2025\u00a0 \u00a0 \u00a0 \u00a0 \u00a0 \u00a0Piret Otsa<\/p>\n<p>2024\u00a0 \u00a0 \u00a0 \u00a0 \u00a0 \u00a0Niina Karamkova, Erika Vatsel<\/p>\n<p>2023\u00a0 \u00a0 \u00a0 \u00a0 \u00a0 \u00a0Kersti Veskimets<\/p>\n<p>2022\u00a0 \u00a0 \u00a0 \u00a0 \u00a0 \u00a0Heli Ahuna<\/p>\n<p>2021\u00a0 \u00a0 \u00a0 \u00a0 \u00a0 \u00a0Tiia Luuk<\/p>\n<p>2020\u00a0\u00a0\u00a0\u00a0\u00a0\u00a0\u00a0\u00a0\u00a0 Aili H\u00f5bej\u00e4rv<\/p>\n<p>2019\u00a0\u00a0\u00a0\u00a0\u00a0\u00a0\u00a0\u00a0\u00a0\u00a0 Marge Kanne<\/p>\n<p>2018\u00a0\u00a0\u00a0\u00a0\u00a0\u00a0\u00a0\u00a0\u00a0\u00a0 Eve Karp<\/p>\n<p>2017\u00a0\u00a0\u00a0\u00a0\u00a0\u00a0\u00a0\u00a0\u00a0 Helen Kaasik<\/p>\n<p>2016 \u00a0 \u00a0 \u00a0 \u00a0\u00a0 Sirje Jaup<\/p>\n<p>2015\u00a0\u00a0\u00a0\u00a0\u00a0\u00a0\u00a0\u00a0\u00a0 Andres Raa, Silvia Mumma<\/p>\n<p>2014\u00a0\u00a0\u00a0\u00a0\u00a0\u00a0\u00a0\u00a0 Reet Eentsalu<\/p>\n<p>2013\u00a0\u00a0\u00a0\u00a0\u00a0\u00a0\u00a0\u00a0 Mai Gross<\/p>\n<p>2012\u00a0\u00a0\u00a0\u00a0\u00a0\u00a0\u00a0\u00a0 Thea Turulinn<\/p>\n<p>2011\u00a0\u00a0\u00a0\u00a0\u00a0\u00a0\u00a0\u00a0\u00a0 Marika Tendermann<\/p>\n<p>2010\u00a0\u00a0\u00a0\u00a0\u00a0\u00a0\u00a0\u00a0\u00a0 Nora Mals<\/p>\n<p>2009\u00a0\u00a0\u00a0\u00a0\u00a0\u00a0\u00a0\u00a0\u00a0 Anu-Lilli Ermann<\/p>\n<p>2008\u00a0\u00a0\u00a0\u00a0\u00a0\u00a0\u00a0\u00a0\u00a0 Mart Kuurme<\/p>\n<p>2008\u00a0\u00a0\u00a0\u00a0\u00a0\u00a0\u00a0\u00a0\u00a0 Reaali vaimu kandja Gunnar Polma<\/p>\n<p>2008\u00a0\u00a0\u00a0\u00a0\u00a0\u00a0\u00a0\u00a0\u00a0 Reaali teenekas \u00f5petaja\u00a0 Liisa-Kai Pihlak<\/p>\n<p>2007\u00a0\u00a0\u00a0\u00a0\u00a0\u00a0\u00a0\u00a0\u00a0 Leili Nappo<\/p>\n<p>2006\u00a0\u00a0\u00a0\u00a0\u00a0\u00a0\u00a0\u00a0\u00a0 Vaike J\u00fcriloo<\/p>\n<p>2005\u00a0\u00a0\u00a0\u00a0\u00a0\u00a0\u00a0\u00a0\u00a0 Aita Ottson<\/p>\n<p>&nbsp;<\/p>\n","protected":false},"excerpt":{"rendered":"<p>&#8220;Reaali aasta \u00f5petaja&#8221; stipendiumi konkursi ellukutsuja ja sihtfinantseerija on vil! 107 Margus Kangro. Stipendiumi antakse v\u00e4lja alates aastast 2005. 2025\u00a0 \u00a0 \u00a0 \u00a0 \u00a0 \u00a0Piret Otsa 2024\u00a0 \u00a0 \u00a0 \u00a0 \u00a0 \u00a0Niina Karamkova, Erika Vatsel 2023\u00a0 \u00a0 \u00a0 \u00a0 \u00a0 \u00a0Kersti Veskimets 2022\u00a0 \u00a0 \u00a0 \u00a0 \u00a0 \u00a0Heli Ahuna 2021\u00a0 \u00a0 \u00a0 \u00a0 \u00a0 \u00a0Tiia [&hellip;]<\/p>\n","protected":false},"author":1,"featured_media":0,"parent":0,"menu_order":0,"comment_status":"closed","ping_status":"closed","template":"","meta":{"footnotes":""},"class_list":["post-42","page","type-page","status-publish","hentry"],"_links":{"self":[{"href":"https:\/\/www.real.edu.ee\/ajaveeb\/hoolekandeselts\/wp-json\/wp\/v2\/pages\/42","targetHints":{"allow":["GET"]}}],"collection":[{"href":"https:\/\/www.real.edu.ee\/ajaveeb\/hoolekandeselts\/wp-json\/wp\/v2\/pages"}],"about":[{"href":"https:\/\/www.real.edu.ee\/ajaveeb\/hoolekandeselts\/wp-json\/wp\/v2\/types\/page"}],"author":[{"embeddable":true,"href":"https:\/\/www.real.edu.ee\/ajaveeb\/hoolekandeselts\/wp-json\/wp\/v2\/users\/1"}],"replies":[{"embeddable":true,"href":"https:\/\/www.real.edu.ee\/ajaveeb\/hoolekandeselts\/wp-json\/wp\/v2\/comments?post=42"}],"version-history":[{"count":20,"href":"https:\/\/www.real.edu.ee\/ajaveeb\/hoolekandeselts\/wp-json\/wp\/v2\/pages\/42\/revisions"}],"predecessor-version":[{"id":293,"href":"https:\/\/www.real.edu.ee\/ajaveeb\/hoolekandeselts\/wp-json\/wp\/v2\/pages\/42\/revisions\/293"}],"wp:attachment":[{"href":"https:\/\/www.real.edu.ee\/ajaveeb\/hoolekandeselts\/wp-json\/wp\/v2\/media?parent=42"}],"curies":[{"name":"wp","href":"https:\/\/api.w.org\/{rel}","templated":true}]}}