{"id":2,"date":"2011-02-02T09:00:56","date_gmt":"2011-02-02T09:00:56","guid":{"rendered":"http:\/\/www.real.edu.ee\/ajaveeb\/hoolekandeselts\/?page_id=2"},"modified":"2024-09-24T13:42:54","modified_gmt":"2024-09-24T13:42:54","slug":"minust","status":"publish","type":"page","link":"https:\/\/www.real.edu.ee\/ajaveeb\/hoolekandeselts\/minust\/","title":{"rendered":"P\u00f5hikiri"},"content":{"rendered":"<p>&nbsp;<\/p>\n<p><strong>Tallinna Reaalkooli Hoolekande Seltsi P\u00f5hikiri<\/strong><\/p>\n<p><strong>1.\u00dclds\u00e4tted<\/strong><\/p>\n<p>1.1Mittetulundus\u00fchingu ametlik nimi on Tallinna Reaalkooli Hoolekande Selts (edaspidi Selts).<\/p>\n<p>1.2Selts on asutatud 16.12.1993.a Tallinna Reaalkooli (edaspidi Kool) vilistlaste, lastevanemate, \u00f5petajate, sponsorite ja Kooli arengust huvitatud muude isikute vabatahtliku mittetulundusliku \u00fchendusena.<\/p>\n<p>1.3Selts on t\u00e4htajatult asutatud era\u00f5iguslik juriidiline isik, mis tegutseb Eesti Vabariigi \u00f5igusaktide ja k\u00e4esoleva p\u00f5hikirja alusel.<\/p>\n<p>1.4Seltsi asukohaks on Eesti Vabariik, Tallinn.<\/p>\n<p>1.5Seltsi majandusaasta algab 1. juulil ja l\u00f5ppeb 30. juunil.<\/p>\n<p>1.6 Selts on erakonnav\u00e4line \u2013erakondade ja teiste poliitiliste \u00fchenduste ning nende esindajate erakondlik tegevus Seltsis on keelatud.<\/p>\n<p><strong>2.Seltsi eesm\u00e4rgid ja nende saavutamise vahendid<\/strong><\/p>\n<p>2.1Selts on asutatud avalikes huvides ja Seltsi eesm\u00e4rkideks on:<\/p>\n<p>2.1.1huvi \u00e4ratamine loodus-ja reaalainete kallakuga alg-, p\u00f5hi-ja g\u00fcmnaasiumihariduse vastu;<\/p>\n<p>2.1.2 loodus-ja reaalainetekallakuga hariduse edendamine ja \u00f5ppet\u00f6\u00f6ks vajalike aineliste v\u00f5imaluste leidmine;<\/p>\n<p>2.1.3kaasaitamine sellele, et \u00f5petamine ja kasvatamine toimuks Koolis ja Seltsiga seotud muudes haridusasutustes isamaalises, rahvuslikus ja Kooli traditsioone j\u00e4rgivas vaimus.<\/p>\n<p>2.2 Oma eesm\u00e4rkide saavutamiseks:<\/p>\n<p>2.2.1korraldab ja osutab Koolile materiaalset abi \u00f5ppe-ja kasvatust\u00f6\u00f6 l\u00e4biviimise edendamiseks, sealhulgas Kooli hoonete hooldamiseks, remontimiseks, ehitamiseksja \u00fc\u00fcrimiseks;<\/p>\n<p>2.2.2otsustab Kooli direktori ettepanekul ainelise abi andmist \u00f5pilastele v\u00f5i nende perekondadele ning Kooli pedagoogidele ja t\u00f6\u00f6tajatele \u00f5igusaktidega kindlaksm\u00e4\u00e4ratud korras;<\/p>\n<p>2.2.3annab v\u00e4lja stipendiume ja eraldab toetusi hariduslikel eesm\u00e4rkidel;<\/p>\n<p>2.2.4edendab Seltsi eesm\u00e4rkide saavutamiseks koost\u00f6\u00f6d teiste samalaadsete organisatsioonidega kodu-ja v\u00e4lismaal;<\/p>\n<p>2.2.5kogub vajalikke rahalisi vahendeid, korraldab selleks kultuuri\u00fcritusi, v\u00f5tab vastu annetusi, moodustab erifonde ja abikassasid oma \u00fclesannete t\u00e4itmiseks;<\/p>\n<p>2.2.6 arendab seadusega lubatud majandustegevust;<\/p>\n<p>2.2.7v\u00f5ib vastu v\u00f5tta toetusi riigi v\u00f5i kohalike omavalitsuste eelarvetest ja muid avalikke toetusi;<\/p>\n<p>2.2.8 teeb selgitust\u00f6\u00f6d ja osaleb hariduse andmist puudutavates aruteludes ja avaldab arvamust hariduse korraldamise k\u00fcsimustes.<\/p>\n<p><strong>3.Seltsi liikmeskond<\/strong><\/p>\n<p>3.1Seltsi liikmeks v\u00f5ib olla iga t\u00e4isealine f\u00fc\u00fcsiline isik, kes soovib kaasa aidata Seltsi eesm\u00e4rkide saavutamisele, j\u00e4rgides Seltsi p\u00f5hikirja ja muid Seltsi tegevust reguleerivaid dokumente ja otsuseid.<\/p>\n<p>3.2Seltsi liikmeksvastuv\u00f5tmiseks taotleja:<\/p>\n<p>3.2.1esitab Seltsi juhatusele kirjaliku avalduse, milles kohustub t\u00e4itma Seltsi p\u00f5hikirja;<\/p>\n<p>3.2.2 tasub Seltsi \u00fcldkoosoleku poolt kehtestatud korras ja ulatuses sisseastumismaksu.<\/p>\n<p>3.3Seltsi liikmeks vastuv\u00f5tmise otsustab Seltsi juhatus. Seltsi juhatus on liikmeks vastuv\u00f5tmise kohustatud otsustama mitte hiljem kui kolme (3) kuu jooksul p\u00e4rast punktis kehtestatud n\u00f5uete t\u00e4itmist. Kui juhatus keeldub taotlejat liikmeks vastu v\u00f5tmast, v\u00f5ib taotleja n\u00f5uda, et vastuv\u00f5tmise otsustaks Seltsi \u00fcldkoosolek.<\/p>\n<p>3.4Seltsi liikmete arvestuse korraldab Seltsi juhatus.<\/p>\n<p>3.5Seltsi liikmel on \u00f5igus:<\/p>\n<p>3.5.1osaleda Seltsi poolt korraldatud \u00fcritustel;<\/p>\n<p>3.5.2 osaleda Seltsi organi v\u00f5i esinduse liikme valimistel p\u00f5hikirjas kehtestatud korras;<\/p>\n<p>3.5.3 s\u00f5lmida Seltsiga t\u00f6\u00f6leping;<\/p>\n<p>3.5.4saada informatsiooni Seltsi tegevuse kohta;<\/p>\n<p>3.5.5Seltsist v\u00e4lja astuda Seltsi p\u00f5hikirjas s\u00e4testatud tingimustel ja korras.<\/p>\n<p>3.6 Seltsi liige on kohustatud:<\/p>\n<p>3.6.1 j\u00e4rgima Seltsi tegevuses osalemisel Seltsi p\u00f5hikirja ja organite otsuseid;<\/p>\n<p>3.6.2v\u00f5tma aktiivselt osa Seltsi tegevusest ja igati kaasa aitama Seltsi eesm\u00e4rkide elluviimisele;<\/p>\n<p>3.6.3 tasuma \u00fcldkoosoleku poolt kehtestatud korras ja ulatuses Seltsi liikmemaksu;<\/p>\n<p>3.6.4 mitte kahjustama Seltsi v\u00f5i Kooli mainet.<\/p>\n<p>3.7Peale liikme-ja sisseastumismaksu v\u00f5ib Seltsi liikmele varalisi kohustusi panna ainult \u00fcldkoosoleku otsusega<\/p>\n<p>3.8 Seltsi liikmel on omal soovil \u00f5igus Seltsist v\u00e4lja astuda kooliaasta l\u00f5pul, esitades v\u00e4ljaastumiseks juhatusele kirjaliku avalduse hiljemalt kaks (2) kuud enne jooksva kooliaasta l\u00f5ppu. Juhatus kustutab v\u00e4ljaastunu Seltsi liikmete nimekirjast kahe (2) kuu jooksul, arvates avalduse saamise p\u00e4evast.<\/p>\n<p>3.9 Liikme v\u00f5ib Seltsis v\u00e4lja arvata juhatuse otsusega juhul kui Seltsi liige:<\/p>\n<p>3.9.1 on j\u00e4tnud v\u00e4hemalt \u00fche majandusaasta eest m\u00f5juva p\u00f5hjuseta Seltsi liikmemaksu tasumata;<\/p>\n<p>3.9.2ei ole viimase kooliaasta jooksul osalenud \u00fchelgi Seltsi \u00fcldkoosolekul v\u00f5i muul Seltsi \u00fcritustel;<\/p>\n<p>3.9.3 on j\u00e4tnud korduvalt t\u00e4itmata Seltsi p\u00f5hikirja s\u00e4tteid;<\/p>\n<p>3.9.4on oluliselt kahjustanud Seltsi v\u00f5i Kooli mainet.<\/p>\n<p>3.10Seltsi liikme v\u00e4ljaarvamise otsustab Seltsi juhatus oma koosolekul, teatades juhatuse koosoleku toimumisest v\u00e4hemalt 14 p\u00e4eva v\u00e4ljaarvatavale liikmele ette, kellel on \u00f5igus juhatuse koosolekul s\u00f5na\u00f5igusega osaleda. Liikme v\u00e4ljaarvamise otsus on langetatud, kui selle poolt h\u00e4\u00e4letas v\u00e4hemalt 2\/3 juhatuse liikmetest. Seltsist v\u00e4lja arvatud liikmele teatab juhatus 14 p\u00e4eva jooksul kirjalikult tema v\u00e4ljaarvamisest ja selle p\u00f5hjustest. Seltsi juhatuse poolt v\u00e4lja arvatud liikmel on \u00f5igus n\u00f5uda tema v\u00e4ljaarvamise otsuse l\u00e4bivaatamist j\u00e4rgneval Seltsi \u00fcldkoosoleku poolt ning taotleda Seltsi liikmeks ennistamist.<\/p>\n<p>3.11 Seltsi auliikmeks v\u00f5ib \u00fcldkoosolek valida isikuid, kellel on Seltsi v\u00f5i Kooli ees v\u00f5i Eesti hariduselus silmapaistvaid teeneid.<\/p>\n<p>3.12 Juhatuse otsusega v\u00f5ib isikuid, kes ei vasta punktis 3.1 nimetatud n\u00f5uetele, v\u00f5tta tavalises korras Seltsi toetajaliikmeks. Toetajaliikmeks v\u00f5ivad eelk\u00f5ige olla Kooli \u00f5pilased.<\/p>\n<p>3.13 Au-ja toetajaliikmed ei ole p\u00f5hikirja t\u00e4hendusesSeltsi liikmed, kuid neil on Seltsis Seltsi liikmetega v\u00f5rdsed \u00f5igused ja kohustused, v\u00e4lja arvatud h\u00e4\u00e4le\u00f5igus ja \u00f5igus olla valitud Seltsi organite liikmeteks.<\/p>\n<p><strong>4.\u00dcldkoosolek<\/strong><\/p>\n<p>4.1Seltsi k\u00f5rgeimaks organiks on liikmete \u00fcldkoosolek, mille ainup\u00e4devuses on:<\/p>\n<p>4.1.1Seltsi p\u00f5hikirja muutmine;<\/p>\n<p>4.1.2Seltsi eesm\u00e4rgi muutmine, tegevussuundade kindlaks m\u00e4\u00e4ramine;<\/p>\n<p>4.1.3 Seltsi juhatuse liikmete arvu kindlaks m\u00e4\u00e4ramine, nende valimine ja tagasikutsumine, juhatuse t\u00f6\u00f6korra kinnitamine;<\/p>\n<p>4.1.4 Seltsi revisjonikomisjoni (revidendi) valimine v\u00f5i audiitori nimetamine;<\/p>\n<p>4.1.5 majandusaasta ja raamatupidamise aruande ning juhatuse tegevusaruande kinnitamine;<\/p>\n<p>4.1.6Seltsi aasta-eelarve kinnitamine ja selles muudatuste tegemine;<\/p>\n<p>4.1.7Seltsi sisseastumis-ja liikmemaksu suuruse ja tasumise \u00fcldise korra kinnitamine;<\/p>\n<p>4.1.8Seltsi igap\u00e4evasest majandustegevuse raamidest v\u00e4ljuvate tehingute tegemiseks juhatusele n\u00f5usolekute andmine. \u00dcldkoosoleku n\u00f5usolek on vajalik eelk\u00f5ige, kuid mitte ainult, tehingute tegemiseks, millega kaasneb tehingute s\u00f5lmimine ja kohtuvaidluste pidamine juhatuse liikmetega, osaluse omandamine, v\u00f5\u00f5randamine v\u00f5i muul viisil osaluse l\u00f5ppemine \u00e4ri\u00fchingutes; liikmelisus v\u00f5i selle l\u00f5petamine teistes mittetulundus\u00fchingutes; kinnisasjade ja registrisse kantud vallasasjade, samuti muude varade, mille v\u00e4\u00e4rtus \u00fcletab viis tuhat eurot (5,000 EUR) omandamine, v\u00f5\u00f5randamine v\u00f5i koormamine; investeeringute<\/p>\n<p>tegemine, mis \u00fcletavad selleks majandusaastaks etten\u00e4htud kulutuste summa; laenude ja v\u00f5lakohustuste v\u00f5tmine, mis \u00fcletavad selleks majandusaastaks etten\u00e4htud summad, samuti pikaajaliste laenude v\u00f5tmine olenemata laenusummast; laenude andmine ja v\u00f5lakohustuste tagamine, mis \u00fcletavad viis tuhat eurot (5,000 EUR); olulised muudatused Seltsi majandustegevuse ja\/v\u00f5i rakendatavates raamatupidamise arvestusp\u00f5him\u00f5tetes; ja mistahes lepingute s\u00f5lmimine, l\u00f5petamine (sealhulgas lepingust taganemine ja lepingu \u00fcles\u00fctlemine) v\u00f5i muutmine kolmandate isikutega, kui see toob Seltsile kaasa kohustuse maksta omandatud asjade v\u00f5i \u00f5iguste v\u00f5iosutatud teenuste eest rohkem kui tavap\u00e4rane hind v\u00f5i kui see annab kolmandatele isikutele \u00f5iguse maksta Seltsile vastavate asjade, \u00f5iguste v\u00f5i teenuste eest madalamat hinda kui tavap\u00e4rane hind, ning samuti kui lepingute s\u00f5lmimine, l\u00f5petamine v\u00f5i muutminetoimub teisiti kui tavap\u00e4rastel majanduses rakendatavatel tingimustel ja ametlikel alustel;<\/p>\n<p>4.1.9Seltsi tegevuse l\u00f5petamine;<\/p>\n<p>4.1.10muud k\u00fcsimused, mis kuuluvad \u00fcldkoosoleku p\u00e4devusse vastavalt p\u00f5hikirjale v\u00f5i seadusele.<\/p>\n<p>4.2\u00dcldkoosoleku kutsub kokku juhatus v\u00e4hemalt \u00fcks (1) kord aastas, reeglina Kooli uue \u00f5ppeaasta algul.<\/p>\n<p>4.3Juhatus peab \u00fcldkoosoleku kokku kutsuma, kui;<\/p>\n<p>4.3.1 seda n\u00f5uab kirjalikult ja p\u00f5hjust \u00e4ra n\u00e4idates v\u00e4hemalt 1\/10 Seltsi liikmetest;<\/p>\n<p>4.3.2 seda n\u00f5uavad Seltsi huvid;<\/p>\n<p>4.3.3 seda taotleb juhatus v\u00f5i Seltsi revident.<\/p>\n<p>4.4 Kui juhatus ei kutsu punktis 4.3. s\u00e4testatud asjaoludel \u00fcldkoosolekut kokku, v\u00f5ivad taotlejad \u00fcldkoosoleku ise kokku kutsuda samas korras juhatusega.<\/p>\n<p>4.5 \u00dcldkoosoleku kokkukutsumisest teatab Seltsi juhatus liikmetele \u00fcks (1) kuu ette juhatuses registreeritud Seltsi liikme elukoha v\u00f5i e-posti aadressil.<\/p>\n<p>4.6.\u00a0 \u00dcldkoosolek on kinnine \u2013sellel v\u00f5ivad viibida ainult Seltsi liikmed. Kui \u00fcldkoosolek nii otsustab, v\u00f5ivad sellel osaleda ka k\u00fclalised.<\/p>\n<p>4.7 Isikuga seotud h\u00e4\u00e4letamine (valimine) on kinnine (salajane) kui kandidaate \u00fchele kohale on rohkem kui \u00fcks (1). Muul juhul on h\u00e4\u00e4letamine kinnine, kui seda n\u00f5uab kasv\u00f5i \u00fcks Seltsi liige.<\/p>\n<p>4.8 \u00dcldkoosoleku kohta koostatakse protokoll.<\/p>\n<p>4.9\u00dcldkoosolek on otsustusv\u00f5imeline kui sellel osaleb v\u00f5i on esindatud \u00fcle poole Seltsi liikmetest. Juhul, kui \u00fcldkoosolekul ei osale v\u00f5i ei ole esindatud k\u00e4esolevas punktis n\u00f5utava arv Seltsi liikmeid, on sama p\u00e4evakorraga kokkukutsutud uus \u00fcldkoosolek (korduskoosolek) otsustusv\u00f5imeline, kui sellel osaleb v\u00e4hemalt 1\/10 Seltsi liikmetest. Korduskoosoleku kutse\u00a0 v\u00f5i Seltsi liikmetele edastada koos esmase \u00fcldkoosoleku kutsega.<\/p>\n<p>4.10 \u00dcldkoosolek on p\u00e4dev vastu v\u00f5tma otsuseid, mis olid teatavaks tehtud \u00fcldkoosoleku kokkukutsumisel v\u00f5i millise otsuse tegemist on taotlenud enam kui pool \u00fcldkoosolekul osalevatest Seltsi liikmetest. Isiku valimise korral v\u00f5ib \u00fcldkoosolek valida nende kandidaatide hulgast, kes on kandideerimiseks andnud oma kirjaliku n\u00f5usoleku ning kes on kandidaadina kirjalikult \u00fcles seatud v\u00e4hemalt (2) n\u00e4dalat enne \u00fcldkoosoleku toimumist. Kandidaatide registreerimise korraldab juhatus.<\/p>\n<p>4.11\u00dcldkoosolekul v\u00f5ib osaleda ja h\u00e4\u00e4letada Seltsi iga liige v\u00f5i tema esindaja, kellele on antud lihtkirjalik volikiri. Esindajaks v\u00f5ib olla ainult Seltsi liige.<\/p>\n<p>4.12 \u00dcldkoosoleku otsus on vastu v\u00f5etud, kui selle poolt on h\u00e4\u00e4letanud \u00fcle poole koosolekul osalevatest Seltsi liikmetest v\u00f5i nende esindajatest ja Seltsi p\u00f5hikiri ei n\u00e4e ette suurema h\u00e4\u00e4lteenamuse n\u00f5uet.<\/p>\n<p>4.13Seltsi p\u00f5hikirja punktides 3.4., 4.1.1, 4.1.8 ja 4.1.9 s\u00e4testatud otsused on vastu v\u00f5etud, kui nende poolt on h\u00e4\u00e4letanud \u00fcle 2\/3 \u00fcldkoosolekul osalevatest liikmetest v\u00f5i nende esindajatest. P\u00f5hikirja muudatuse j\u00f5ustub selle registrisse kandmisest. P\u00f5hikirjas punktis 4.1.2 s\u00e4testatud Seltsi eesm\u00e4rgi muutmiseks on vajalik v\u00e4hemalt 9\/10 liikmete n\u00f5usolek, kusjuures muutmist otsustanud \u00fcldkoosolekul mitteosalenud liikmete n\u00f5usolek peab olema kirjalik.<\/p>\n<p>4.14Seltsi liikmel on \u00fcks (1) h\u00e4\u00e4l. Liige ei v\u00f5i otsustada, kui Selts h\u00e4\u00e4letab temaga v\u00f5i temaga v\u00f5rdset majanduslikku huvi omava isikuga tehingu tegemist v\u00f5i temaga kohtuvaidluse alustamist v\u00f5i l\u00f5petamist.<\/p>\n<p>4.15Seltsi liige, kes on ka juhatuse liige, ei v\u00f5i h\u00e4\u00e4letada Seltsi majandusaasta ega raamatupidamise aruande kinnitamise otsustamisel. Seltsi liige, kes on ka juhatuse v\u00f5i muu<\/p>\n<p>organi liige, ei v\u00f5i h\u00e4\u00e4letada Seltsi poolt tema vastu n\u00f5ude esitamise otsustamisel. Nende liikmete h\u00e4\u00e4li ei arvestata sellisel juhul esindatuse m\u00e4\u00e4ramisel.<\/p>\n<p><strong>5.Juhatus <\/strong><\/p>\n<p>5.1Seltsi igap\u00e4evast tegevust juhib ja esindab p\u00f5hikirjas ning \u00fcldkoosoleku otsustest l\u00e4htudes Seltsi juhatus, milles on kolm (3) kuni (7) liiget. Seltsi v\u00f5ivad k\u00f5igis \u00f5igustoimingutes esindada kaks (2) juhatuse liiget \u00fchiselt.<\/p>\n<p>5.2\u00a0 Juhatuse liikmed valitakse \u00fcldkoosoleku poolt kolmeks (3) aastaks.<\/p>\n<p>5.3Juhatuse liige ei v\u00f5i oma kohustuste t\u00e4itmist panna kolmandale isikule, kui seda ei ole ette n\u00e4htud \u00fcldkoosoleku otsusega.<\/p>\n<p>5.4Juhatuse liige ei saa oma kohustuste t\u00e4itmise eest h\u00fcvitist, kui \u00fcldkoosoleku otsus ei n\u00e4e ette teisiti. Juhatuse liige t\u00e4idab omakohustusi vajaliku hoolsusega \u00fcldtunnustatud kutseoskuste tasemele, oma v\u00f5imetele vastavalt ja Seltsile parimal viisil.<\/p>\n<p>5.5Juhatus on otsustusv\u00f5imeline, kui sellel osaleb \u00fcle poole juhatuse liikmetest. Juhatuse otsus on vastu v\u00f5etud kui selle poolt h\u00e4\u00e4letas \u00fcle poole juhatuse liikmetest. Juhatus v\u00f5ib vastu v\u00f5tta otsuse ka koosolekut kokku kutsumata, kui selle poolt h\u00e4\u00e4letavad kirjalikult 2\/3 juhatuse liikmetest.<\/p>\n<p>5.6Juhatuse p\u00e4devusse kuulub:<\/p>\n<p>5.6.1Seltsi igap\u00e4evase tegevuse juhtimine;<\/p>\n<p>5.6.2uute liikmete vastuv\u00f5tmise otsustamine;<\/p>\n<p>5.6.3 Seltsi liikmete arvestus ja liikme Seltsist v\u00e4ljaarvamine;<\/p>\n<p>5.6.4 erandkorras t\u00e4htajalise liikmemaksusoodustuse tegemine;<\/p>\n<p>5.6.5 vastavalt \u00fcldkoosoleku otsustele Seltsi vahendite ja vara kasutamise otsustamine;<\/p>\n<p>5.6.6Seltsi t\u00f6\u00f6tajatega t\u00f6\u00f6lepingute s\u00f5lmimine ja l\u00f5petamine;<\/p>\n<p>5.6.7 muude seaduse v\u00f5i p\u00f5hikirja alusel juhatuse p\u00e4devusse kuuluvate k\u00fcsimuste otsustamine.<\/p>\n<p><strong>6.Seltsi vara<\/strong><\/p>\n<p>6.1Seltsi vara moodustub:<\/p>\n<p>6.1.1sisseastumise \u2013ja liikmemaksudest<\/p>\n<p>6.1.2Seltsi majandustegevusest saadavast tulust;<\/p>\n<p>6.1.3 Seltsi p\u00f5hikirjalistest eesm\u00e4rkidest tulenevate tasuliste \u00fcrituste korraldamisest;<\/p>\n<p>6.1.4 annetustest, kingitustest ja sponsorsummadest;<\/p>\n<p>6.1.5 sihtotstarbelistest eraldistest;<\/p>\n<p>6.1.6 muust tulust, mis on saadud Seltsi p\u00f5hikirjalise tegevuse arendamiseks.<\/p>\n<p>6.2 Seltsi juhatus v\u00f5ib Seltsi igap\u00e4evasest tegevusest v\u00e4ljuvaid tehinguid teha ainult \u00fcldkoosoleku eelneval n\u00f5usolekul ja vastavas otsuses s\u00e4testatud tingimustel.<\/p>\n<p>6.3 Seltsi juhatus korraldab Seltsi raamatupidamist jakoostab p\u00e4rast majandusaasta l\u00f5ppu raamatupidamise aruande seaduses s\u00e4testatud korras.<\/p>\n<p>6.4 Seltsi majandustegevuse ning vara seisundi kontrolliks valib Seltsi \u00fcldkoosolek kolmeks (3) aastaks v\u00e4hemalt kolme liikmelise (3) revisjonikomisjoni v\u00f5i revidendi v\u00f5i nimetab audiitori, kes viib v\u00e4hemalt \u00fcks (1) kord aastas l\u00e4bi kontrollimise ning annab sellest aruande \u00fcldkoosolekule. Revisjonikomisjonil (revidendil, audiitoril) on \u00f5igus n\u00f5uda raamatupidamis-ja muid vajalikke Seltsi tegevust puudutavaid dokumente ning kontrollida finantsdistsipliini t\u00e4itmist.<\/p>\n<p>6.5 Juhatus esitab raamatupidamise aruande \u00fcldkoosolekule kolme (3) kuu jooksul p\u00e4rast majandusaasta l\u00f5ppemist. Aruandele lisatakse revisjonikomisjoni arvamus. Kui Seltsil on audiitor, lisatakse aruandele audiitiori j\u00e4reldusotsus.<\/p>\n<p>6.6 Aruande kinnitamise otsustab \u00fcldkoosolek. Majandusaata kinnitatud aruandele kirjutavad alla k\u00f5ik juhatuse liikmed.<\/p>\n<p>6.7 Selts ei kanna varalist vastutust oma liikmete varaliste kohustuste eest. Seltsi liikmed ei kanna varalist vastutust Seltsi varaliste kohustuste eest.<\/p>\n<p><strong>7.\u00dchinemine ja jagunemine, tegevuse l\u00f5petamine<\/strong><\/p>\n<p>7.1Seltsi \u00fchinemine, jagunemine ja l\u00f5petamine toimuvad seaduses s\u00e4testatud korras.<\/p>\n<p>7.2Seltsi l\u00f5petamisel, p\u00e4rast v\u00f5lausaldajate k\u00f5igi n\u00f5uete rahuldamist ja raha deponeerimist, antakse allesj\u00e4\u00e4nud vara m\u00f5nele teisele samalaadse eesm\u00e4rgiga tulumaksusoodustusega \u00fchingute nimekirja kantud Eesti hariduse ja\/v\u00f5i kultuuri edendamise valdkonnas tegutsevale mittetulundus\u00fchingule v\u00f5i avalik-\u00f5iguslikule juriidilisele isikule.<\/p>\n<p>* * *<\/p>\n<p><em>Tallinna Reaalkooli Hoolekande Seltsi p\u00f5hikirja k\u00e4esolev redaktsioon on vastu v\u00f5etud Seltsi erakorralise \u00fcldkoosolekul Tallinnas\u00a0 23.12.2013.a.<\/em><\/p>\n","protected":false},"excerpt":{"rendered":"<p>&nbsp; Tallinna Reaalkooli Hoolekande Seltsi P\u00f5hikiri 1.\u00dclds\u00e4tted 1.1Mittetulundus\u00fchingu ametlik nimi on Tallinna Reaalkooli Hoolekande Selts (edaspidi Selts). 1.2Selts on asutatud 16.12.1993.a Tallinna Reaalkooli (edaspidi Kool) vilistlaste, lastevanemate, \u00f5petajate, sponsorite ja Kooli arengust huvitatud muude isikute vabatahtliku mittetulundusliku \u00fchendusena. 1.3Selts on t\u00e4htajatult asutatud era\u00f5iguslik juriidiline isik, mis tegutseb Eesti Vabariigi \u00f5igusaktide ja k\u00e4esoleva p\u00f5hikirja alusel. 1.4Seltsi [&hellip;]<\/p>\n","protected":false},"author":1,"featured_media":0,"parent":0,"menu_order":0,"comment_status":"closed","ping_status":"closed","template":"","meta":{"footnotes":""},"class_list":["post-2","page","type-page","status-publish","hentry"],"_links":{"self":[{"href":"https:\/\/www.real.edu.ee\/ajaveeb\/hoolekandeselts\/wp-json\/wp\/v2\/pages\/2","targetHints":{"allow":["GET"]}}],"collection":[{"href":"https:\/\/www.real.edu.ee\/ajaveeb\/hoolekandeselts\/wp-json\/wp\/v2\/pages"}],"about":[{"href":"https:\/\/www.real.edu.ee\/ajaveeb\/hoolekandeselts\/wp-json\/wp\/v2\/types\/page"}],"author":[{"embeddable":true,"href":"https:\/\/www.real.edu.ee\/ajaveeb\/hoolekandeselts\/wp-json\/wp\/v2\/users\/1"}],"replies":[{"embeddable":true,"href":"https:\/\/www.real.edu.ee\/ajaveeb\/hoolekandeselts\/wp-json\/wp\/v2\/comments?post=2"}],"version-history":[{"count":7,"href":"https:\/\/www.real.edu.ee\/ajaveeb\/hoolekandeselts\/wp-json\/wp\/v2\/pages\/2\/revisions"}],"predecessor-version":[{"id":257,"href":"https:\/\/www.real.edu.ee\/ajaveeb\/hoolekandeselts\/wp-json\/wp\/v2\/pages\/2\/revisions\/257"}],"wp:attachment":[{"href":"https:\/\/www.real.edu.ee\/ajaveeb\/hoolekandeselts\/wp-json\/wp\/v2\/media?parent=2"}],"curies":[{"name":"wp","href":"https:\/\/api.w.org\/{rel}","templated":true}]}}