{"id":182,"date":"2021-11-02T08:59:44","date_gmt":"2021-11-02T08:59:44","guid":{"rendered":"https:\/\/www.real.edu.ee\/ajaveeb\/hoolekandeselts\/?page_id=182"},"modified":"2024-09-24T13:35:07","modified_gmt":"2024-09-24T13:35:07","slug":"kontaktandmed","status":"publish","type":"page","link":"https:\/\/www.real.edu.ee\/ajaveeb\/hoolekandeselts\/kontaktandmed\/","title":{"rendered":"Kontaktandmed"},"content":{"rendered":"<p>&nbsp;<\/p>\n<p style=\"font-weight: 400;\">Tallinna Reaalkooli Hoolekande Selts MT\u00dc<\/p>\n<p style=\"font-weight: 400;\">Reg number 80007163<\/p>\n<p style=\"font-weight: 400;\">EE847700771002285233 LHV<\/p>\n<p><i><span lang=\"ET\">MT\u00dc Tallinna Reaalkooli Hoolekande Selts (reg. kood 80007163) on kantud tulumaksusoodustusega mittetulundus\u00fchingute ja sihtasutuste nimekirja ja tuludeklaratsiooni esitamise kaudu (eelt\u00e4idetud deklaratsiooni jaoks saadab andmed Selts) on Teil \u00f5igus saada annetuselt\u00a0 tulumaksuosa tagasi.\u00a0<\/span><\/i><\/p>\n","protected":false},"excerpt":{"rendered":"<p>&nbsp; Tallinna Reaalkooli Hoolekande Selts MT\u00dc Reg number 80007163 EE847700771002285233 LHV MT\u00dc Tallinna Reaalkooli Hoolekande Selts (reg. kood 80007163) on kantud tulumaksusoodustusega mittetulundus\u00fchingute ja sihtasutuste nimekirja ja tuludeklaratsiooni esitamise kaudu (eelt\u00e4idetud deklaratsiooni jaoks saadab andmed Selts) on Teil \u00f5igus saada annetuselt\u00a0 tulumaksuosa tagasi.\u00a0<\/p>\n","protected":false},"author":1,"featured_media":0,"parent":0,"menu_order":3,"comment_status":"closed","ping_status":"closed","template":"","meta":{"footnotes":""},"class_list":["post-182","page","type-page","status-publish","hentry"],"_links":{"self":[{"href":"https:\/\/www.real.edu.ee\/ajaveeb\/hoolekandeselts\/wp-json\/wp\/v2\/pages\/182","targetHints":{"allow":["GET"]}}],"collection":[{"href":"https:\/\/www.real.edu.ee\/ajaveeb\/hoolekandeselts\/wp-json\/wp\/v2\/pages"}],"about":[{"href":"https:\/\/www.real.edu.ee\/ajaveeb\/hoolekandeselts\/wp-json\/wp\/v2\/types\/page"}],"author":[{"embeddable":true,"href":"https:\/\/www.real.edu.ee\/ajaveeb\/hoolekandeselts\/wp-json\/wp\/v2\/users\/1"}],"replies":[{"embeddable":true,"href":"https:\/\/www.real.edu.ee\/ajaveeb\/hoolekandeselts\/wp-json\/wp\/v2\/comments?post=182"}],"version-history":[{"count":4,"href":"https:\/\/www.real.edu.ee\/ajaveeb\/hoolekandeselts\/wp-json\/wp\/v2\/pages\/182\/revisions"}],"predecessor-version":[{"id":256,"href":"https:\/\/www.real.edu.ee\/ajaveeb\/hoolekandeselts\/wp-json\/wp\/v2\/pages\/182\/revisions\/256"}],"wp:attachment":[{"href":"https:\/\/www.real.edu.ee\/ajaveeb\/hoolekandeselts\/wp-json\/wp\/v2\/media?parent=182"}],"curies":[{"name":"wp","href":"https:\/\/api.w.org\/{rel}","templated":true}]}}