{"id":1269,"date":"2008-05-30T11:18:16","date_gmt":"2008-05-30T09:18:16","guid":{"rendered":"http:\/\/www.real.edu.ee\/ajaveeb\/arh133a\/minust\/"},"modified":"2008-05-30T11:18:16","modified_gmt":"2008-05-30T09:18:16","slug":"minust","status":"publish","type":"page","link":"https:\/\/www.real.edu.ee\/ajaveeb\/arh133a\/minust\/","title":{"rendered":"133 A"},"content":{"rendered":"<p><strong>Oleme Tallinna Reaalkooli 133. lend ja \u00f5pime A klassis. Meid on 31, 12 toredat t\u00fcdrukut ja 19 veidi ulakat poissi. Oleme \u00f5pihimulised, uudishimulikud ja \u00fctlemata targad tegelased &#8211; kinnituse saamiseks v\u00f5ite k\u00fcsitleda meie vanemaid ja \u00f5petajat. Loodame, et ajaveeb j\u00e4\u00e4b meile m\u00e4lestuseks ning annab teada, millega meie koolip\u00e4evad on sisustatud.<\/strong><\/p>\n<p><a title=\"imgp3580\" href=\"http:\/\/www.real.edu.ee\/ajaveeb\/133a\/?attachment_id=259\"><img loading=\"lazy\" decoding=\"async\" class=\"attachment-thumbnail\" src=\"http:\/\/www.real.edu.ee\/ajaveeb\/arh133a\/files\/2008\/09\/imgp3580-150x150.jpg\" alt=\"\" width=\"150\" height=\"150\" \/><\/a><a href=\"http:\/\/www.real.edu.ee\/ajaveeb\/arh133a\/files\/2008\/09\/2a.jpg\"><img loading=\"lazy\" decoding=\"async\" class=\"alignnone size-medium wp-image-186\" title=\"2a\" src=\"http:\/\/www.real.edu.ee\/ajaveeb\/arh133a\/files\/2008\/09\/2a-300x186.jpg\" alt=\"\" width=\"300\" height=\"186\" \/><\/a><\/p>\n","protected":false},"excerpt":{"rendered":"<p>Oleme Tallinna Reaalkooli 133. lend ja \u00f5pime A klassis. Meid on 31, 12 toredat t\u00fcdrukut ja 19 veidi ulakat poissi. Oleme \u00f5pihimulised, uudishimulikud ja \u00fctlemata targad tegelased &#8211; kinnituse saamiseks v\u00f5ite k\u00fcsitleda meie vanemaid ja \u00f5petajat. Loodame, et ajaveeb j\u00e4\u00e4b meile m\u00e4lestuseks ning annab teada, millega meie koolip\u00e4evad on sisustatud.<\/p>\n","protected":false},"author":1,"featured_media":0,"parent":0,"menu_order":0,"comment_status":"open","ping_status":"open","template":"","meta":{"footnotes":""},"class_list":["post-1269","page","type-page","status-publish","hentry"],"_links":{"self":[{"href":"https:\/\/www.real.edu.ee\/ajaveeb\/arh133a\/wp-json\/wp\/v2\/pages\/1269","targetHints":{"allow":["GET"]}}],"collection":[{"href":"https:\/\/www.real.edu.ee\/ajaveeb\/arh133a\/wp-json\/wp\/v2\/pages"}],"about":[{"href":"https:\/\/www.real.edu.ee\/ajaveeb\/arh133a\/wp-json\/wp\/v2\/types\/page"}],"author":[{"embeddable":true,"href":"https:\/\/www.real.edu.ee\/ajaveeb\/arh133a\/wp-json\/wp\/v2\/users\/1"}],"replies":[{"embeddable":true,"href":"https:\/\/www.real.edu.ee\/ajaveeb\/arh133a\/wp-json\/wp\/v2\/comments?post=1269"}],"version-history":[{"count":0,"href":"https:\/\/www.real.edu.ee\/ajaveeb\/arh133a\/wp-json\/wp\/v2\/pages\/1269\/revisions"}],"wp:attachment":[{"href":"https:\/\/www.real.edu.ee\/ajaveeb\/arh133a\/wp-json\/wp\/v2\/media?parent=1269"}],"curies":[{"name":"wp","href":"https:\/\/api.w.org\/{rel}","templated":true}]}}