{"id":152,"date":"2009-09-14T11:04:32","date_gmt":"2009-09-14T08:04:32","guid":{"rendered":"http:\/\/www.real.edu.ee\/ajaveeb\/132b\/?page_id=2"},"modified":"2009-09-14T11:04:32","modified_gmt":"2009-09-14T08:04:32","slug":"minust","status":"publish","type":"page","link":"https:\/\/www.real.edu.ee\/ajaveeb\/arh132b\/minust\/","title":{"rendered":"Minust"},"content":{"rendered":"<p>See on WordPressi lehen\u00e4idis; siia v\u00f5id panna infot iseenda v\u00f5i oma ajaveebi kohta, et lugejad teaksid sinust \u00fcht-teist. V\u00f5id luua nii palju lehti ja alamlehti kui soovid ning hallata neid k\u00f5iki otse WordPressist.<\/p>\n","protected":false},"excerpt":{"rendered":"<p>See on WordPressi lehen\u00e4idis; siia v\u00f5id panna infot iseenda v\u00f5i oma ajaveebi kohta, et lugejad teaksid sinust \u00fcht-teist. V\u00f5id luua nii palju lehti ja alamlehti kui soovid ning hallata neid k\u00f5iki otse WordPressist.<\/p>\n","protected":false},"author":1,"featured_media":0,"parent":0,"menu_order":0,"comment_status":"open","ping_status":"open","template":"","meta":{"footnotes":""},"class_list":["post-152","page","type-page","status-publish","hentry"],"_links":{"self":[{"href":"https:\/\/www.real.edu.ee\/ajaveeb\/arh132b\/wp-json\/wp\/v2\/pages\/152","targetHints":{"allow":["GET"]}}],"collection":[{"href":"https:\/\/www.real.edu.ee\/ajaveeb\/arh132b\/wp-json\/wp\/v2\/pages"}],"about":[{"href":"https:\/\/www.real.edu.ee\/ajaveeb\/arh132b\/wp-json\/wp\/v2\/types\/page"}],"author":[{"embeddable":true,"href":"https:\/\/www.real.edu.ee\/ajaveeb\/arh132b\/wp-json\/wp\/v2\/users\/1"}],"replies":[{"embeddable":true,"href":"https:\/\/www.real.edu.ee\/ajaveeb\/arh132b\/wp-json\/wp\/v2\/comments?post=152"}],"version-history":[{"count":0,"href":"https:\/\/www.real.edu.ee\/ajaveeb\/arh132b\/wp-json\/wp\/v2\/pages\/152\/revisions"}],"wp:attachment":[{"href":"https:\/\/www.real.edu.ee\/ajaveeb\/arh132b\/wp-json\/wp\/v2\/media?parent=152"}],"curies":[{"name":"wp","href":"https:\/\/api.w.org\/{rel}","templated":true}]}}