{"id":197,"date":"2008-10-13T19:00:37","date_gmt":"2008-10-13T23:00:37","guid":{"rendered":"http:\/\/www.real.edu.ee\/ajaveeb\/131b\/?page_id=197"},"modified":"2020-03-29T12:16:03","modified_gmt":"2020-03-29T09:16:03","slug":"opetajad","status":"publish","type":"page","link":"https:\/\/www.real.edu.ee\/ajaveeb\/arh131b\/opetajad\/","title":{"rendered":"\u00d5petajad ja teised"},"content":{"rendered":"<p>Direktor &#8211; Gunnar Polma &#8211; gunnar.polma[\u00e4t]real.edu.ee<\/p>\n<p>Klassijuhataja ja Inglise keele \u00f5petaja &#8211; Marelle Silland &#8211; marelle.silland[\u00e4t]real.edu.ee<\/p>\n<p>Matemaatika \u00f5petaja &#8211; Villu Raja &#8211; villu.raja[\u00e4t]real.edu.ee<\/p>\n<p>Eesti keele ja kirjanduse \u00f5petaja &#8211; Piret J\u00e4rvela &#8211; piret.jarvela[\u00e4t]real.edu.ee<\/p>\n<p>Bioloogia \u00f5petaja &#8211; Andres Raa &#8211; andres.raa[\u00e4t]real.edu.ee<\/p>\n<p>Vene keele <strong>esimese r\u00fchma \u00f5petaja<\/strong> &#8211; Niina Karamkova &#8211; niina.karamkova[\u00e4t]real.edu.ee<\/p>\n<p>Vene keele <strong>teise r\u00fchma \u00f5petaja<\/strong> &#8211; Lilian Kravt\u0161enko &#8211; lilian.kravtsenko[\u00e4t]real.edu.ee<\/p>\n<p>Kunsti \u00f5petaja &#8211; Tairi Tamme-Amj\u00e4rv &#8211; tairi.amjarv[\u00e4t]real.edu.ee<\/p>\n<p>Inimese \u00f5petuse \u00f5petaja &#8211; Piret Otsa &#8211; piret.otsa[\u00e4t]real.edu.ee<\/p>\n<p>Muusika \u00f5petaja &#8211; Heli Roos &#8211; heli.roos[\u00e4t]real.edu.ee<\/p>\n<p>T\u00f6\u00f6\u00f5petuse \u00f5petaja &#8211; Ahti Pent &#8211; ahti.pent[\u00e4t]real.edu.ee<\/p>\n<p>K\u00e4sit\u00f6\u00f6 \u00f5petaja &#8211; Katri Org &#8211; katri.org[\u00e4t]real.edu.ee<\/p>\n<p><strong>Poiste <\/strong>kehalise kasvatuse \u00f5petaja &#8211; Rait Eslon &#8211; rait.eslon[\u00e4t]real.edu.ee<\/p>\n<p><strong>T\u00fcdrukute<\/strong> kehalise kasvatuse \u00f5petaja &#8211; Katrin Kuusk &#8211; katrin.kuusk[\u00e4t]real.edu.ee<\/p>\n<p>Ajaloo \u00f5petaja &#8211; Tiia Luuk\u00a0<strong>&#8211;<\/strong>tiia.luuk[\u00e4t]real.edu.ee<\/p>\n<p>Geograafia \u00f5petaja &#8211; Piret Karu &#8211; piret.karu[\u00e4t]real.edu.ee<\/p>\n<p>Loodus \u00f5petuse \u00f5petaja &#8211; Rain Vellerind &#8211; rain.vellerind[\u00e4t]real.edu.ee<\/p>\n<p>Saksa keel ( 1.r\u00fchm ) &#8211; Mare Lillem\u00e4e &#8211; lillemae[\u00e4t]tik.edu.ee<\/p>\n<p>Saksa keel ( 2.r\u00fchm ) &#8211; \u00a0Julia Popova &#8211;<\/p>\n<p>Prantusese keel &#8211; Madis Olspert &#8211; madis.olspert[\u00e4t]real.edu.ee<\/p>\n<p>Arst &#8211; Helle Kaalep<\/p>\n<p>Med\u00f5ed &#8211; Kaire Nermann ja Valentina Glinkina<\/p>\n","protected":false},"excerpt":{"rendered":"<p>Direktor &#8211; Gunnar Polma &#8211; gunnar.polma[\u00e4t]real.edu.ee Klassijuhataja ja Inglise keele \u00f5petaja &#8211; Marelle Silland &#8211; marelle.silland[\u00e4t]real.edu.ee Matemaatika \u00f5petaja &#8211; Villu Raja &#8211; villu.raja[\u00e4t]real.edu.ee Eesti keele ja kirjanduse \u00f5petaja &#8211; Piret J\u00e4rvela &#8211; piret.jarvela[\u00e4t]real.edu.ee Bioloogia \u00f5petaja &#8211; Andres Raa &#8211; andres.raa[\u00e4t]real.edu.ee Vene keele esimese r\u00fchma \u00f5petaja &#8211; Niina Karamkova &#8211; niina.karamkova[\u00e4t]real.edu.ee Vene keele teise r\u00fchma \u00f5petaja [&hellip;]<\/p>\n","protected":false},"author":1,"featured_media":0,"parent":0,"menu_order":0,"comment_status":"closed","ping_status":"open","template":"","meta":{"footnotes":""},"class_list":["post-197","page","type-page","status-publish","hentry"],"_links":{"self":[{"href":"https:\/\/www.real.edu.ee\/ajaveeb\/arh131b\/wp-json\/wp\/v2\/pages\/197","targetHints":{"allow":["GET"]}}],"collection":[{"href":"https:\/\/www.real.edu.ee\/ajaveeb\/arh131b\/wp-json\/wp\/v2\/pages"}],"about":[{"href":"https:\/\/www.real.edu.ee\/ajaveeb\/arh131b\/wp-json\/wp\/v2\/types\/page"}],"author":[{"embeddable":true,"href":"https:\/\/www.real.edu.ee\/ajaveeb\/arh131b\/wp-json\/wp\/v2\/users\/1"}],"replies":[{"embeddable":true,"href":"https:\/\/www.real.edu.ee\/ajaveeb\/arh131b\/wp-json\/wp\/v2\/comments?post=197"}],"version-history":[{"count":1,"href":"https:\/\/www.real.edu.ee\/ajaveeb\/arh131b\/wp-json\/wp\/v2\/pages\/197\/revisions"}],"predecessor-version":[{"id":867,"href":"https:\/\/www.real.edu.ee\/ajaveeb\/arh131b\/wp-json\/wp\/v2\/pages\/197\/revisions\/867"}],"wp:attachment":[{"href":"https:\/\/www.real.edu.ee\/ajaveeb\/arh131b\/wp-json\/wp\/v2\/media?parent=197"}],"curies":[{"name":"wp","href":"https:\/\/api.w.org\/{rel}","templated":true}]}}