{"id":479,"date":"2010-03-11T14:26:39","date_gmt":"2010-03-11T12:26:39","guid":{"rendered":"http:\/\/www.real.edu.ee\/ajaveeb\/131a\/?page_id=479"},"modified":"2010-03-11T14:26:39","modified_gmt":"2010-03-11T12:26:39","slug":"klassireeglid","status":"publish","type":"page","link":"https:\/\/www.real.edu.ee\/ajaveeb\/arh131a\/klassireeglid\/","title":{"rendered":"Klassireeglid"},"content":{"rendered":"<p><strong>1. <\/strong><strong>Teisele ei tee seda, mida ma ei taha, et mulle tehtaks.<\/strong><\/p>\n<p><strong>2. <\/strong><strong>Teise asju ei puutu ilma tema loata.<\/strong> <strong> <\/strong><\/p>\n<p><strong>3. <\/strong><strong>Kaas\u00f5pilast l\u00f6\u00f6n ja t\u00f5ukan.<\/strong> <strong> <\/strong><\/p>\n<p><strong>4. <\/strong><strong>Kooli ega kaas\u00f5pilaste vara ei riku.<\/strong> <strong> <\/strong><\/p>\n<p><strong>5. <\/strong><strong>Vaidlused ja probleemid lahendan s\u00f5nadega, mitte k\u00e4tega.<\/strong> <strong> <\/strong><\/p>\n<p><strong>6. <\/strong><strong>Probleemidest julgen r\u00e4\u00e4kida klassijuhatajale.<\/strong> <strong><\/strong><\/p>\n<p><strong>7. <\/strong><strong>Kasutan \u00f5petajate ja kaas\u00f5pilastega suhtlemisel viisakat s\u00f5navara. Ei ropenda.<\/strong> <strong><\/strong><\/p>\n<p><strong>8. <\/strong><strong>Kui teine palub teda h\u00e4iriva tegevuse l\u00f5petada, siis teen seda.<\/strong> <strong><\/strong><\/p>\n<p><strong>9. <\/strong><strong>Koolimajas ei jookse, rabele ega l\u00e4rma. Mind on kuulda ka siis, kui kasutan vaikset h\u00e4\u00e4letooni. <\/strong><\/p>\n<p><strong>10. <\/strong><strong>Teisega suhtlemisel ei kasuta ebakohaseid h\u00fc\u00fcdnimesid. <\/strong><\/p>\n<p><strong>11. <\/strong><strong>Ei solva, narri ega kiusa kedagi.<\/strong><\/p>\n<p><strong>12. <\/strong><strong>Ei \u00fclbitse, uhkusta ega eputa.<\/strong><\/p>\n<p><strong>13. <\/strong><strong>Teise v\u00e4limust, arvamust, iseloomu ega asju ei halvusta.<\/strong><\/p>\n<p><strong>14. <\/strong><strong>\u00d5petajale ei vaidle vastu. \u00d5petajasse suhtun austavalt.<\/strong><\/p>\n<p><strong>15. <\/strong><strong>Teise \u00f5nnetuse \u00fcle ei naera.<\/strong><\/p>\n<p><strong>16. <\/strong><strong>Tundi ei sega. Tunnis olen t\u00e4helepanelik ja aktiivne, ei tegele tunniv\u00e4liste asjadega.<\/strong><\/p>\n<p><strong>17. <\/strong><strong>Tunnis r\u00e4\u00e4gin \u00f5petaja loal.<\/strong><\/p>\n<p><strong>18. <\/strong><strong>Teist \u00f5pilast vastu tema tahtmist ei filmi ega pildista.<\/strong><\/p>\n<p><strong>19. <\/strong><strong>Teretan k\u00f5iki \u00f5petajaid.<\/strong><\/p>\n<p><strong>20. <\/strong><strong>Tunni l\u00f5petab alati \u00f5petaja, mitte kell.<\/strong><\/p>\n<p><strong>21. <\/strong><strong>Klassist lahkudes veendun, et minust j\u00e4\u00e4b alles korras t\u00f6\u00f6koht.<\/strong><\/p>\n<p><strong>22. <\/strong><strong>Kannan koolivormi.<\/strong><\/p>\n<p><strong>23. <\/strong><strong>Teen alati kodused \u00fclesanded \u00e4ra.<\/strong><\/p>\n<p><strong>24. <\/strong><strong>Puhvetis ja s\u00f6\u00f6klas ei tr\u00fcgi.<\/strong><\/p>\n<p><strong>25. <\/strong><strong>S\u00f6\u00f6n ainult keldrikorrusel.<\/strong><\/p>\n<p><strong>26. <\/strong><strong>J\u00f5uan tundi alati \u00f5igeaegselt. Hilinemise korral vabandan.<\/strong><\/p>\n<p><strong>27. <\/strong><strong>Tundidest ei puudu p\u00f5hjuseta.<\/strong><\/p>\n<p><strong>28. <\/strong><strong>J\u00e4rgin kokkulepitud liiklusreegleid treppidel.<\/strong><\/p>\n<p><strong>29. <\/strong><strong>Kannan kaasas vajalikke \u00f5ppevahendeid.<\/strong><\/p>\n<p><strong>30. <\/strong><strong>Lifti ei kasuta kui seda ei ole mul lubatud teha.<\/strong><\/p>\n<p>&nbsp;<\/p>\n<p><strong>Tunnen klassireegleid ning j\u00e4rgin neid. <\/strong><\/p>\n","protected":false},"excerpt":{"rendered":"<p>1. Teisele ei tee seda, mida ma ei taha, et mulle tehtaks. 2. Teise asju ei puutu ilma tema loata. 3. Kaas\u00f5pilast l\u00f6\u00f6n ja t\u00f5ukan. 4. Kooli ega kaas\u00f5pilaste vara ei riku. 5. Vaidlused ja probleemid lahendan s\u00f5nadega, mitte k\u00e4tega. 6. Probleemidest julgen r\u00e4\u00e4kida klassijuhatajale. 7. Kasutan \u00f5petajate ja kaas\u00f5pilastega suhtlemisel viisakat s\u00f5navara. Ei ropenda. [&hellip;]<\/p>\n","protected":false},"author":1,"featured_media":0,"parent":0,"menu_order":0,"comment_status":"open","ping_status":"open","template":"","meta":{"footnotes":""},"class_list":["post-479","page","type-page","status-publish","hentry"],"_links":{"self":[{"href":"https:\/\/www.real.edu.ee\/ajaveeb\/arh131a\/wp-json\/wp\/v2\/pages\/479","targetHints":{"allow":["GET"]}}],"collection":[{"href":"https:\/\/www.real.edu.ee\/ajaveeb\/arh131a\/wp-json\/wp\/v2\/pages"}],"about":[{"href":"https:\/\/www.real.edu.ee\/ajaveeb\/arh131a\/wp-json\/wp\/v2\/types\/page"}],"author":[{"embeddable":true,"href":"https:\/\/www.real.edu.ee\/ajaveeb\/arh131a\/wp-json\/wp\/v2\/users\/1"}],"replies":[{"embeddable":true,"href":"https:\/\/www.real.edu.ee\/ajaveeb\/arh131a\/wp-json\/wp\/v2\/comments?post=479"}],"version-history":[{"count":0,"href":"https:\/\/www.real.edu.ee\/ajaveeb\/arh131a\/wp-json\/wp\/v2\/pages\/479\/revisions"}],"wp:attachment":[{"href":"https:\/\/www.real.edu.ee\/ajaveeb\/arh131a\/wp-json\/wp\/v2\/media?parent=479"}],"curies":[{"name":"wp","href":"https:\/\/api.w.org\/{rel}","templated":true}]}}