{"id":124,"date":"2008-09-28T17:09:13","date_gmt":"2008-09-28T21:09:13","guid":{"rendered":"http:\/\/www.real.edu.ee\/ajaveeb\/131a\/?page_id=124"},"modified":"2008-09-28T17:09:13","modified_gmt":"2008-09-28T21:09:13","slug":"opilased-2","status":"publish","type":"page","link":"https:\/\/www.real.edu.ee\/ajaveeb\/arh131a\/opilased-2\/","title":{"rendered":"\u00d5pilased"},"content":{"rendered":"<p><a href=\"http:\/\/www.real.edu.ee\/ajaveeb\/arh131a\/files\/2009\/02\/klassipilt_5a_3.jpg\"><img loading=\"lazy\" decoding=\"async\" class=\"aligncenter size-medium wp-image-360\" title=\"klassipilt\" src=\"http:\/\/www.real.edu.ee\/ajaveeb\/arh131a\/files\/2009\/02\/klassipilt_5a_3-300x199.jpg\" alt=\"\" width=\"300\" height=\"199\" srcset=\"https:\/\/www.real.edu.ee\/ajaveeb\/arh131a\/files\/2009\/02\/klassipilt_5a_3-300x199.jpg 300w, https:\/\/www.real.edu.ee\/ajaveeb\/arh131a\/files\/2009\/02\/klassipilt_5a_3.jpg 900w\" sizes=\"auto, (max-width: 300px) 100vw, 300px\" \/><\/a><\/p>\n<table class=\"MsoTableGrid\" style=\"width: 283.15pt;border-collapse: collapse\" border=\"0\" cellspacing=\"0\" cellpadding=\"0\" width=\"378\">\n<tbody>\n<tr>\n<td style=\"padding-right: 5.4pt;padding-left: 5.4pt;padding-bottom: 0cm;width: 141.95pt;padding-top: 0cm;background-color: transparent;border: #f0f0f0\" width=\"189\">\n<p class=\"MsoNormal\" style=\"margin: 0cm 0cm 0pt\"><span style=\"color: #000000\"><span style=\"font-size: x-small\">nimi<\/span><\/span><\/p>\n<\/td>\n<td style=\"padding-right: 5.4pt;padding-left: 5.4pt;padding-bottom: 0cm;width: 141.2pt;padding-top: 0cm;background-color: transparent;border: #f0f0f0\" width=\"188\" valign=\"top\">\n<p class=\"MsoNormal\" style=\"margin: 0cm 0cm 0pt\"><span style=\"font-size: x-small\">s\u00fcnnip\u00e4ev<\/span><\/p>\n<\/td>\n<\/tr>\n<tr>\n<td style=\"padding-right: 5.4pt;padding-left: 5.4pt;padding-bottom: 0cm;width: 141.95pt;padding-top: 0cm;background-color: transparent;border: #f0f0f0\" width=\"189\">\n<p class=\"MsoNormal\" style=\"margin: 0cm 0cm 0pt\"><span style=\"font-size: x-small\">Paula <\/span><\/p>\n<\/td>\n<td style=\"padding-right: 5.4pt;padding-left: 5.4pt;padding-bottom: 0cm;width: 141.2pt;padding-top: 0cm;background-color: transparent;border: #f0f0f0\" width=\"188\" valign=\"top\">\n<p class=\"MsoNormal\" style=\"margin: 0cm 0cm 0pt\"><span style=\"font-size: x-small\">19. oktoober <\/span><\/p>\n<\/td>\n<\/tr>\n<tr>\n<td style=\"padding-right: 5.4pt;padding-left: 5.4pt;padding-bottom: 0cm;width: 141.95pt;padding-top: 0cm;background-color: transparent;border: #f0f0f0\" width=\"189\">\n<p class=\"MsoNormal\" style=\"margin: 0cm 0cm 0pt\"><span style=\"font-size: x-small\">Andreas A.<\/span><\/p>\n<\/td>\n<td style=\"padding-right: 5.4pt;padding-left: 5.4pt;padding-bottom: 0cm;width: 141.2pt;padding-top: 0cm;background-color: transparent;border: #f0f0f0\" width=\"188\" valign=\"top\">\n<p class=\"MsoNormal\" style=\"margin: 0cm 0cm 0pt\"><span style=\"font-size: x-small\">29. juuni <\/span><\/p>\n<\/td>\n<\/tr>\n<tr>\n<td style=\"padding-right: 5.4pt;padding-left: 5.4pt;padding-bottom: 0cm;width: 141.95pt;padding-top: 0cm;background-color: transparent;border: #f0f0f0\" width=\"189\">\n<p class=\"MsoNormal\" style=\"margin: 0cm 0cm 0pt\"><span style=\"font-size: x-small\">Elise <\/span><\/p>\n<\/td>\n<td style=\"padding-right: 5.4pt;padding-left: 5.4pt;padding-bottom: 0cm;width: 141.2pt;padding-top: 0cm;background-color: transparent;border: #f0f0f0\" width=\"188\" valign=\"top\">\n<p class=\"MsoNormal\" style=\"margin: 0cm 0cm 0pt\"><span style=\"font-size: x-small\">16. november <\/span><\/p>\n<\/td>\n<\/tr>\n<tr>\n<td style=\"padding-right: 5.4pt;padding-left: 5.4pt;padding-bottom: 0cm;width: 141.95pt;padding-top: 0cm;background-color: transparent;border: #f0f0f0\" width=\"189\">\n<p class=\"MsoNormal\" style=\"margin: 0cm 0cm 0pt\"><span style=\"font-size: x-small\">Hans Erik <\/span><\/p>\n<\/td>\n<td style=\"padding-right: 5.4pt;padding-left: 5.4pt;padding-bottom: 0cm;width: 141.2pt;padding-top: 0cm;background-color: transparent;border: #f0f0f0\" width=\"188\" valign=\"top\">\n<p class=\"MsoNormal\" style=\"margin: 0cm 0cm 0pt\"><span style=\"font-size: x-small\">8. detsember <\/span><\/p>\n<\/td>\n<\/tr>\n<tr>\n<td style=\"padding-right: 5.4pt;padding-left: 5.4pt;padding-bottom: 0cm;width: 141.95pt;padding-top: 0cm;background-color: transparent;border: #f0f0f0\" width=\"189\">\n<p class=\"MsoNormal\" style=\"margin: 0cm 0cm 0pt\"><span style=\"font-size: x-small\">M\u00e4rt <\/span><\/p>\n<\/td>\n<td style=\"padding-right: 5.4pt;padding-left: 5.4pt;padding-bottom: 0cm;width: 141.2pt;padding-top: 0cm;background-color: transparent;border: #f0f0f0\" width=\"188\" valign=\"top\">\n<p class=\"MsoNormal\" style=\"margin: 0cm 0cm 0pt\"><span style=\"font-size: x-small\">2. oktoober <\/span><\/p>\n<\/td>\n<\/tr>\n<tr>\n<td style=\"padding-right: 5.4pt;padding-left: 5.4pt;padding-bottom: 0cm;width: 141.95pt;padding-top: 0cm;background-color: transparent;border: #f0f0f0\" width=\"189\">\n<p class=\"MsoNormal\" style=\"margin: 0cm 0cm 0pt\"><span style=\"font-size: x-small\">Annagrete <\/span><\/p>\n<\/td>\n<td style=\"padding-right: 5.4pt;padding-left: 5.4pt;padding-bottom: 0cm;width: 141.2pt;padding-top: 0cm;background-color: transparent;border: #f0f0f0\" width=\"188\" valign=\"top\">\n<p class=\"MsoNormal\" style=\"margin: 0cm 0cm 0pt\"><span style=\"font-size: x-small\">19. august <\/span><\/p>\n<\/td>\n<\/tr>\n<tr>\n<td style=\"padding-right: 5.4pt;padding-left: 5.4pt;padding-bottom: 0cm;width: 141.95pt;padding-top: 0cm;background-color: transparent;border: #f0f0f0\" width=\"189\">\n<p class=\"MsoNormal\" style=\"margin: 0cm 0cm 0pt\"><span style=\"font-size: x-small\">Edvard <\/span><\/p>\n<\/td>\n<td style=\"padding-right: 5.4pt;padding-left: 5.4pt;padding-bottom: 0cm;width: 141.2pt;padding-top: 0cm;background-color: transparent;border: #f0f0f0\" width=\"188\" valign=\"top\">\n<p class=\"MsoNormal\" style=\"margin: 0cm 0cm 0pt\"><span style=\"font-size: x-small\">27. jaanuar <\/span><\/p>\n<\/td>\n<\/tr>\n<tr>\n<td style=\"padding-right: 5.4pt;padding-left: 5.4pt;padding-bottom: 0cm;width: 141.95pt;padding-top: 0cm;background-color: transparent;border: #f0f0f0\" width=\"189\">\n<p class=\"MsoNormal\" style=\"margin: 0cm 0cm 0pt\"><span style=\"font-size: x-small\">Bert <\/span><\/p>\n<\/td>\n<td style=\"padding-right: 5.4pt;padding-left: 5.4pt;padding-bottom: 0cm;width: 141.2pt;padding-top: 0cm;background-color: transparent;border: #f0f0f0\" width=\"188\" valign=\"top\">\n<p class=\"MsoNormal\" style=\"margin: 0cm 0cm 0pt\"><span style=\"font-size: x-small\">8. jaanuar <\/span><\/p>\n<\/td>\n<\/tr>\n<tr>\n<td style=\"padding-right: 5.4pt;padding-left: 5.4pt;padding-bottom: 0cm;width: 141.95pt;padding-top: 0cm;background-color: transparent;border: #f0f0f0\" width=\"189\">\n<p class=\"MsoNormal\" style=\"margin: 0cm 0cm 0pt\"><span style=\"font-size: x-small\">Kaspar <\/span><\/p>\n<\/td>\n<td style=\"padding-right: 5.4pt;padding-left: 5.4pt;padding-bottom: 0cm;width: 141.2pt;padding-top: 0cm;background-color: transparent;border: #f0f0f0\" width=\"188\" valign=\"top\">\n<p class=\"MsoNormal\" style=\"margin: 0cm 0cm 0pt\"><span style=\"font-size: x-small\">16. veebruar <\/span><\/p>\n<\/td>\n<\/tr>\n<tr>\n<td style=\"padding-right: 5.4pt;padding-left: 5.4pt;padding-bottom: 0cm;width: 141.95pt;padding-top: 0cm;background-color: transparent;border: #f0f0f0\" width=\"189\" valign=\"top\">\n<p class=\"MsoNormal\" style=\"margin: 0cm 0cm 0pt\"><span style=\"font-size: x-small\">Martin J.<\/span><\/p>\n<\/td>\n<td style=\"padding-right: 5.4pt;padding-left: 5.4pt;padding-bottom: 0cm;width: 141.2pt;padding-top: 0cm;background-color: transparent;border: #f0f0f0\" width=\"188\" valign=\"top\">\n<p class=\"MsoNormal\" style=\"margin: 0cm 0cm 0pt\"><span style=\"font-size: x-small\">19. mai <\/span><\/p>\n<\/td>\n<\/tr>\n<tr>\n<td style=\"padding-right: 5.4pt;padding-left: 5.4pt;padding-bottom: 0cm;width: 141.95pt;padding-top: 0cm;background-color: transparent;border: #f0f0f0\" width=\"189\">\n<p class=\"MsoNormal\" style=\"margin: 0cm 0cm 0pt\"><span style=\"font-size: x-small\">Kristiina <\/span><\/p>\n<\/td>\n<td style=\"padding-right: 5.4pt;padding-left: 5.4pt;padding-bottom: 0cm;width: 141.2pt;padding-top: 0cm;background-color: transparent;border: #f0f0f0\" width=\"188\" valign=\"top\">\n<p class=\"MsoNormal\" style=\"margin: 0cm 0cm 0pt\"><span style=\"font-size: x-small\">5. august <\/span><\/p>\n<\/td>\n<\/tr>\n<tr>\n<td style=\"padding-right: 5.4pt;padding-left: 5.4pt;padding-bottom: 0cm;width: 141.95pt;padding-top: 0cm;background-color: transparent;border: #f0f0f0\" width=\"189\">\n<p class=\"MsoNormal\" style=\"margin: 0cm 0cm 0pt\"><span style=\"font-size: x-small\">Renet\u00a0 <\/span><\/p>\n<\/td>\n<td style=\"padding-right: 5.4pt;padding-left: 5.4pt;padding-bottom: 0cm;width: 141.2pt;padding-top: 0cm;background-color: transparent;border: #f0f0f0\" width=\"188\" valign=\"top\">\n<p class=\"MsoNormal\" style=\"margin: 0cm 0cm 0pt\"><span style=\"font-size: x-small\">29. detsember <\/span><\/p>\n<\/td>\n<\/tr>\n<tr>\n<td style=\"padding-right: 5.4pt;padding-left: 5.4pt;padding-bottom: 0cm;width: 141.95pt;padding-top: 0cm;background-color: transparent;border: #f0f0f0\" width=\"189\" valign=\"top\">\n<p class=\"MsoNormal\" style=\"margin: 0cm 0cm 0pt\"><span style=\"font-size: x-small\">Liine <\/span><\/p>\n<\/td>\n<td style=\"padding-right: 5.4pt;padding-left: 5.4pt;padding-bottom: 0cm;width: 141.2pt;padding-top: 0cm;background-color: transparent;border: #f0f0f0\" width=\"188\" valign=\"top\">\n<p class=\"MsoNormal\" style=\"margin: 0cm 0cm 0pt\"><span style=\"font-size: x-small\">2. mai <\/span><\/p>\n<\/td>\n<\/tr>\n<tr>\n<td style=\"padding-right: 5.4pt;padding-left: 5.4pt;padding-bottom: 0cm;width: 141.95pt;padding-top: 0cm;background-color: transparent;border: #f0f0f0\" width=\"189\" valign=\"top\">\n<p class=\"MsoNormal\" style=\"margin: 0cm 0cm 0pt\"><span style=\"font-size: x-small\">Kerttu-Liis <\/span><\/p>\n<\/td>\n<td style=\"padding-right: 5.4pt;padding-left: 5.4pt;padding-bottom: 0cm;width: 141.2pt;padding-top: 0cm;background-color: transparent;border: #f0f0f0\" width=\"188\" valign=\"top\">\n<p class=\"MsoNormal\" style=\"margin: 0cm 0cm 0pt\"><span style=\"font-size: x-small\">26. m\u00e4rts <\/span><\/p>\n<\/td>\n<\/tr>\n<tr>\n<td style=\"padding-right: 5.4pt;padding-left: 5.4pt;padding-bottom: 0cm;width: 141.95pt;padding-top: 0cm;background-color: transparent;border: #f0f0f0\" width=\"189\">\n<p class=\"MsoNormal\" style=\"margin: 0cm 0cm 0pt\"><span style=\"font-size: x-small\">Alexander<\/span><\/p>\n<\/td>\n<td style=\"padding-right: 5.4pt;padding-left: 5.4pt;padding-bottom: 0cm;width: 141.2pt;padding-top: 0cm;background-color: transparent;border: #f0f0f0\" width=\"188\" valign=\"top\">\n<p class=\"MsoNormal\" style=\"margin: 0cm 0cm 0pt\"><span style=\"font-size: x-small\">8. aprill<\/span><\/p>\n<\/td>\n<\/tr>\n<tr>\n<td style=\"padding-right: 5.4pt;padding-left: 5.4pt;padding-bottom: 0cm;width: 141.95pt;padding-top: 0cm;background-color: transparent;border: #f0f0f0\" width=\"189\">\n<p class=\"MsoNormal\" style=\"margin: 0cm 0cm 0pt\"><span style=\"font-size: x-small\">Sundaram <\/span><\/p>\n<\/td>\n<td style=\"padding-right: 5.4pt;padding-left: 5.4pt;padding-bottom: 0cm;width: 141.2pt;padding-top: 0cm;background-color: transparent;border: #f0f0f0\" width=\"188\" valign=\"top\">\n<p class=\"MsoNormal\" style=\"margin: 0cm 0cm 0pt\"><span style=\"font-size: x-small\">23. november <\/span><\/p>\n<\/td>\n<\/tr>\n<tr>\n<td style=\"padding-right: 5.4pt;padding-left: 5.4pt;padding-bottom: 0cm;width: 141.95pt;padding-top: 0cm;background-color: transparent;border: #f0f0f0\" width=\"189\">\n<p class=\"MsoNormal\" style=\"margin: 0cm 0cm 0pt\"><span style=\"font-size: x-small\">Andreas K.<\/span><\/p>\n<\/td>\n<td style=\"padding-right: 5.4pt;padding-left: 5.4pt;padding-bottom: 0cm;width: 141.2pt;padding-top: 0cm;background-color: transparent;border: #f0f0f0\" width=\"188\" valign=\"top\">\n<p class=\"MsoNormal\" style=\"margin: 0cm 0cm 0pt\"><span style=\"font-size: x-small\">4. juuli <\/span><\/p>\n<\/td>\n<\/tr>\n<tr>\n<td style=\"padding-right: 5.4pt;padding-left: 5.4pt;padding-bottom: 0cm;width: 141.95pt;padding-top: 0cm;background-color: transparent;border: #f0f0f0\" width=\"189\">\n<p class=\"MsoNormal\" style=\"margin: 0cm 0cm 0pt\"><span style=\"font-size: x-small\">Karl-Erik L.<\/span><\/p>\n<\/td>\n<td style=\"padding-right: 5.4pt;padding-left: 5.4pt;padding-bottom: 0cm;width: 141.2pt;padding-top: 0cm;background-color: transparent;border: #f0f0f0\" width=\"188\" valign=\"top\">\n<p class=\"MsoNormal\" style=\"margin: 0cm 0cm 0pt\"><span style=\"font-size: x-small\">14. oktoober <\/span><\/p>\n<\/td>\n<\/tr>\n<tr>\n<td style=\"padding-right: 5.4pt;padding-left: 5.4pt;padding-bottom: 0cm;width: 141.95pt;padding-top: 0cm;background-color: transparent;border: #f0f0f0\" width=\"189\">\n<p class=\"MsoNormal\" style=\"margin: 0cm 0cm 0pt\"><span style=\"font-size: x-small\">Birgit <\/span><\/p>\n<\/td>\n<td style=\"padding-right: 5.4pt;padding-left: 5.4pt;padding-bottom: 0cm;width: 141.2pt;padding-top: 0cm;background-color: transparent;border: #f0f0f0\" width=\"188\" valign=\"top\">\n<p class=\"MsoNormal\" style=\"margin: 0cm 0cm 0pt\"><span style=\"font-size: x-small\">23. oktoober <\/span><\/p>\n<\/td>\n<\/tr>\n<tr>\n<td style=\"padding-right: 5.4pt;padding-left: 5.4pt;padding-bottom: 0cm;width: 141.95pt;padding-top: 0cm;background-color: transparent;border: #f0f0f0\" width=\"189\">\n<p class=\"MsoNormal\" style=\"margin: 0cm 0cm 0pt\"><span style=\"font-size: x-small\">Kristjan <\/span><\/p>\n<\/td>\n<td style=\"padding-right: 5.4pt;padding-left: 5.4pt;padding-bottom: 0cm;width: 141.2pt;padding-top: 0cm;background-color: transparent;border: #f0f0f0\" width=\"188\" valign=\"top\">\n<p class=\"MsoNormal\" style=\"margin: 0cm 0cm 0pt\"><span style=\"font-size: x-small\">30. juuni <\/span><\/p>\n<\/td>\n<\/tr>\n<tr>\n<td style=\"padding-right: 5.4pt;padding-left: 5.4pt;padding-bottom: 0cm;width: 141.95pt;padding-top: 0cm;background-color: transparent;border: #f0f0f0\" width=\"189\">\n<p class=\"MsoNormal\" style=\"margin: 0cm 0cm 0pt\"><span style=\"font-size: x-small\">Roberta <\/span><\/p>\n<\/td>\n<td style=\"padding-right: 5.4pt;padding-left: 5.4pt;padding-bottom: 0cm;width: 141.2pt;padding-top: 0cm;background-color: transparent;border: #f0f0f0\" width=\"188\" valign=\"top\">\n<p class=\"MsoNormal\" style=\"margin: 0cm 0cm 0pt\"><span style=\"font-size: x-small\">12. veebruar <\/span><\/p>\n<\/td>\n<\/tr>\n<tr>\n<td style=\"padding-right: 5.4pt;padding-left: 5.4pt;padding-bottom: 0cm;width: 141.95pt;padding-top: 0cm;background-color: transparent;border: #f0f0f0\" width=\"189\">\n<p class=\"MsoNormal\" style=\"margin: 0cm 0cm 0pt\"><span style=\"font-size: x-small\">Elina <\/span><\/p>\n<\/td>\n<td style=\"padding-right: 5.4pt;padding-left: 5.4pt;padding-bottom: 0cm;width: 141.2pt;padding-top: 0cm;background-color: transparent;border: #f0f0f0\" width=\"188\" valign=\"top\">\n<p class=\"MsoNormal\" style=\"margin: 0cm 0cm 0pt\"><span style=\"font-size: x-small\">18. m\u00e4rts <\/span><\/p>\n<\/td>\n<\/tr>\n<tr>\n<td style=\"padding-right: 5.4pt;padding-left: 5.4pt;padding-bottom: 0cm;width: 141.95pt;padding-top: 0cm;background-color: transparent;border: #f0f0f0\" width=\"189\" valign=\"top\">\n<p class=\"MsoNormal\" style=\"margin: 0cm 0cm 0pt\"><span style=\"font-size: x-small\">Rasmus <\/span><\/p>\n<\/td>\n<td style=\"padding-right: 5.4pt;padding-left: 5.4pt;padding-bottom: 0cm;width: 141.2pt;padding-top: 0cm;background-color: transparent;border: #f0f0f0\" width=\"188\" valign=\"top\">\n<p class=\"MsoNormal\" style=\"margin: 0cm 0cm 0pt\"><span style=\"font-size: x-small\">5. september <\/span><\/p>\n<\/td>\n<\/tr>\n<tr>\n<td style=\"padding-right: 5.4pt;padding-left: 5.4pt;padding-bottom: 0cm;width: 141.95pt;padding-top: 0cm;background-color: transparent;border: #f0f0f0\" width=\"189\">\n<p class=\"MsoNormal\" style=\"margin: 0cm 0cm 0pt\"><span style=\"font-size: x-small\">Riina <\/span><\/p>\n<\/td>\n<td style=\"padding-right: 5.4pt;padding-left: 5.4pt;padding-bottom: 0cm;width: 141.2pt;padding-top: 0cm;background-color: transparent;border: #f0f0f0\" width=\"188\" valign=\"top\">\n<p class=\"MsoNormal\" style=\"margin: 0cm 0cm 0pt\"><span style=\"font-size: x-small\">24. m\u00e4rts <\/span><\/p>\n<\/td>\n<\/tr>\n<tr>\n<td style=\"padding-right: 5.4pt;padding-left: 5.4pt;padding-bottom: 0cm;width: 141.95pt;padding-top: 0cm;background-color: transparent;border: #f0f0f0\" width=\"189\">\n<p class=\"MsoNormal\" style=\"margin: 0cm 0cm 0pt\"><span style=\"font-size: x-small\">Matthias <\/span><\/p>\n<\/td>\n<td style=\"padding-right: 5.4pt;padding-left: 5.4pt;padding-bottom: 0cm;width: 141.2pt;padding-top: 0cm;background-color: transparent;border: #f0f0f0\" width=\"188\" valign=\"top\">\n<p class=\"MsoNormal\" style=\"margin: 0cm 0cm 0pt\"><span style=\"font-size: x-small\">21. m\u00e4rts <\/span><\/p>\n<\/td>\n<\/tr>\n<tr>\n<td style=\"padding-right: 5.4pt;padding-left: 5.4pt;padding-bottom: 0cm;width: 141.95pt;padding-top: 0cm;background-color: transparent;border: #f0f0f0\" width=\"189\">\n<p class=\"MsoNormal\" style=\"margin: 0cm 0cm 0pt\"><span style=\"font-size: x-small\">Markus <\/span><\/p>\n<\/td>\n<td style=\"padding-right: 5.4pt;padding-left: 5.4pt;padding-bottom: 0cm;width: 141.2pt;padding-top: 0cm;background-color: transparent;border: #f0f0f0\" width=\"188\" valign=\"top\">\n<p class=\"MsoNormal\" style=\"margin: 0cm 0cm 0pt\"><span style=\"font-size: x-small\">5. detsember <\/span><\/p>\n<\/td>\n<\/tr>\n<tr>\n<td style=\"padding-right: 5.4pt;padding-left: 5.4pt;padding-bottom: 0cm;width: 141.95pt;padding-top: 0cm;background-color: transparent;border: #f0f0f0\" width=\"189\" valign=\"top\">\n<p class=\"MsoNormal\" style=\"margin: 0cm 0cm 0pt\"><span style=\"font-size: x-small\">Dan-Erik <\/span><\/p>\n<\/td>\n<td style=\"padding-right: 5.4pt;padding-left: 5.4pt;padding-bottom: 0cm;width: 141.2pt;padding-top: 0cm;background-color: transparent;border: #f0f0f0\" width=\"188\" valign=\"top\">\n<p class=\"MsoNormal\" style=\"margin: 0cm 0cm 0pt\"><span style=\"font-size: x-small\">11. veebruar <\/span><\/p>\n<\/td>\n<\/tr>\n<tr>\n<td style=\"padding-right: 5.4pt;padding-left: 5.4pt;padding-bottom: 0cm;width: 141.95pt;padding-top: 0cm;background-color: transparent;border: #f0f0f0\" width=\"189\">\n<p class=\"MsoNormal\" style=\"margin: 0cm 0cm 0pt\"><span style=\"font-size: x-small\">Carmen <\/span><\/p>\n<\/td>\n<td style=\"padding-right: 5.4pt;padding-left: 5.4pt;padding-bottom: 0cm;width: 141.2pt;padding-top: 0cm;background-color: transparent;border: #f0f0f0\" width=\"188\" valign=\"top\">\n<p class=\"MsoNormal\" style=\"margin: 0cm 0cm 0pt\"><span style=\"font-size: x-small\">15. juuli <\/span><\/p>\n<\/td>\n<\/tr>\n<tr>\n<td style=\"padding-right: 5.4pt;padding-left: 5.4pt;padding-bottom: 0cm;width: 141.95pt;padding-top: 0cm;background-color: transparent;border: #f0f0f0\" width=\"189\">\n<p class=\"MsoNormal\" style=\"margin: 0cm 0cm 0pt\"><span style=\"font-size: x-small\">Sten <\/span><\/p>\n<\/td>\n<td style=\"padding-right: 5.4pt;padding-left: 5.4pt;padding-bottom: 0cm;width: 141.2pt;padding-top: 0cm;background-color: transparent;border: #f0f0f0\" width=\"188\" valign=\"top\">\n<p class=\"MsoNormal\" style=\"margin: 0cm 0cm 0pt\"><span style=\"font-size: x-small\">4. oktoober <\/span><\/p>\n<\/td>\n<\/tr>\n<tr>\n<td style=\"padding-right: 5.4pt;padding-left: 5.4pt;padding-bottom: 0cm;width: 141.95pt;padding-top: 0cm;background-color: transparent;border: #f0f0f0\" width=\"189\">\n<p class=\"MsoNormal\" style=\"margin: 0cm 0cm 0pt\"><span style=\"font-size: x-small\">Martin S.<\/span><\/p>\n<\/td>\n<td style=\"padding-right: 5.4pt;padding-left: 5.4pt;padding-bottom: 0cm;width: 141.2pt;padding-top: 0cm;background-color: transparent;border: #f0f0f0\" width=\"188\" valign=\"top\">\n<p class=\"MsoNormal\" style=\"margin: 0cm 0cm 0pt\"><span style=\"font-size: x-small\">6. veebruar <\/span><\/p>\n<\/td>\n<\/tr>\n<tr>\n<td style=\"padding-right: 5.4pt;padding-left: 5.4pt;padding-bottom: 0cm;width: 141.95pt;padding-top: 0cm;background-color: transparent;border: #f0f0f0\" width=\"189\">\n<p class=\"MsoNormal\" style=\"margin: 0cm 0cm 0pt\"><span style=\"font-size: x-small\">Mirjam <\/span><\/p>\n<\/td>\n<td style=\"padding-right: 5.4pt;padding-left: 5.4pt;padding-bottom: 0cm;width: 141.2pt;padding-top: 0cm;background-color: transparent;border: #f0f0f0\" width=\"188\" valign=\"top\">\n<p class=\"MsoNormal\" style=\"margin: 0cm 0cm 0pt\"><span style=\"font-size: x-small\">13. veebruar <\/span><\/p>\n<\/td>\n<\/tr>\n<tr>\n<td style=\"padding-right: 5.4pt;padding-left: 5.4pt;padding-bottom: 0cm;width: 141.95pt;padding-top: 0cm;background-color: transparent;border: #f0f0f0\" width=\"189\">\n<p class=\"MsoNormal\" style=\"margin: 0cm 0cm 0pt\"><span style=\"font-size: x-small\">Karl Erik T.<\/span><\/p>\n<\/td>\n<td style=\"padding-right: 5.4pt;padding-left: 5.4pt;padding-bottom: 0cm;width: 141.2pt;padding-top: 0cm;background-color: transparent;border: #f0f0f0\" width=\"188\" valign=\"top\">\n<p class=\"MsoNormal\" style=\"margin: 0cm 0cm 0pt\"><span style=\"font-size: x-small\">3. detsember <\/span><\/p>\n<\/td>\n<\/tr>\n<tr>\n<td style=\"padding-right: 5.4pt;padding-left: 5.4pt;padding-bottom: 0cm;width: 141.95pt;padding-top: 0cm;background-color: transparent;border: #f0f0f0\" width=\"189\">\n<p class=\"MsoNormal\" style=\"margin: 0cm 0cm 0pt\"><span style=\"font-size: x-small\">Laura <\/span><\/p>\n<\/td>\n<td style=\"padding-right: 5.4pt;padding-left: 5.4pt;padding-bottom: 0cm;width: 141.2pt;padding-top: 0cm;background-color: transparent;border: #f0f0f0\" width=\"188\" valign=\"top\">\n<p class=\"MsoNormal\" style=\"margin: 0cm 0cm 0pt\"><span style=\"font-size: x-small\">6. mai <\/span><\/p>\n<\/td>\n<\/tr>\n<tr>\n<td style=\"padding-right: 5.4pt;padding-left: 5.4pt;padding-bottom: 0cm;width: 141.95pt;padding-top: 0cm;background-color: transparent;border: #f0f0f0\" width=\"189\">\n<p class=\"MsoNormal\" style=\"margin: 0cm 0cm 0pt\"><span style=\"font-size: x-small\">Hanna Reti <\/span><\/p>\n<\/td>\n<td style=\"padding-right: 5.4pt;padding-left: 5.4pt;padding-bottom: 0cm;width: 141.2pt;padding-top: 0cm;background-color: transparent;border: #f0f0f0\" width=\"188\" valign=\"top\">\n<p class=\"MsoNormal\" style=\"margin: 0cm 0cm 0pt\"><span style=\"font-size: x-small\">30. mai <\/span><\/p>\n<\/td>\n<\/tr>\n<tr>\n<td style=\"padding-right: 5.4pt;padding-left: 5.4pt;padding-bottom: 0cm;width: 141.95pt;padding-top: 0cm;background-color: transparent;border: #f0f0f0\" width=\"189\">\n<p class=\"MsoNormal\" style=\"margin: 0cm 0cm 0pt\"><span style=\"font-size: x-small\">Kevin <\/span><\/p>\n<\/td>\n<td style=\"padding-right: 5.4pt;padding-left: 5.4pt;padding-bottom: 0cm;width: 141.2pt;padding-top: 0cm;background-color: transparent;border: #f0f0f0\" width=\"188\" valign=\"top\">\n<p class=\"MsoNormal\" style=\"margin: 0cm 0cm 0pt\"><span style=\"font-size: x-small\">20. veebruar <\/span><\/p>\n<\/td>\n<\/tr>\n<tr>\n<td style=\"padding-right: 5.4pt;padding-left: 5.4pt;padding-bottom: 0cm;width: 141.95pt;padding-top: 0cm;background-color: transparent;border: #f0f0f0\" width=\"189\">\n<p class=\"MsoNormal\" style=\"margin: 0cm 0cm 0pt\"><span style=\"font-size: x-small\">Greetel <\/span><\/p>\n<\/td>\n<td style=\"padding-right: 5.4pt;padding-left: 5.4pt;padding-bottom: 0cm;width: 141.2pt;padding-top: 0cm;background-color: transparent;border: #f0f0f0\" width=\"188\" valign=\"top\">\n<p class=\"MsoNormal\" style=\"margin: 0cm 0cm 0pt\"><span style=\"font-size: x-small\">5. juuli <\/span><\/p>\n<\/td>\n<\/tr>\n<\/tbody>\n<\/table>\n","protected":false},"excerpt":{"rendered":"<p>nimi s\u00fcnnip\u00e4ev Paula 19. oktoober Andreas A. 29. juuni Elise 16. november Hans Erik 8. detsember M\u00e4rt 2. oktoober Annagrete 19. august Edvard 27. jaanuar Bert 8. jaanuar Kaspar 16. veebruar Martin J. 19. mai Kristiina 5. august Renet\u00a0 29. detsember Liine 2. mai Kerttu-Liis 26. m\u00e4rts Alexander 8. aprill Sundaram 23. november Andreas K. [&hellip;]<\/p>\n","protected":false},"author":1,"featured_media":0,"parent":0,"menu_order":0,"comment_status":"open","ping_status":"open","template":"","meta":{"footnotes":""},"class_list":["post-124","page","type-page","status-publish","hentry"],"_links":{"self":[{"href":"https:\/\/www.real.edu.ee\/ajaveeb\/arh131a\/wp-json\/wp\/v2\/pages\/124","targetHints":{"allow":["GET"]}}],"collection":[{"href":"https:\/\/www.real.edu.ee\/ajaveeb\/arh131a\/wp-json\/wp\/v2\/pages"}],"about":[{"href":"https:\/\/www.real.edu.ee\/ajaveeb\/arh131a\/wp-json\/wp\/v2\/types\/page"}],"author":[{"embeddable":true,"href":"https:\/\/www.real.edu.ee\/ajaveeb\/arh131a\/wp-json\/wp\/v2\/users\/1"}],"replies":[{"embeddable":true,"href":"https:\/\/www.real.edu.ee\/ajaveeb\/arh131a\/wp-json\/wp\/v2\/comments?post=124"}],"version-history":[{"count":0,"href":"https:\/\/www.real.edu.ee\/ajaveeb\/arh131a\/wp-json\/wp\/v2\/pages\/124\/revisions"}],"wp:attachment":[{"href":"https:\/\/www.real.edu.ee\/ajaveeb\/arh131a\/wp-json\/wp\/v2\/media?parent=124"}],"curies":[{"name":"wp","href":"https:\/\/api.w.org\/{rel}","templated":true}]}}