{"id":48,"date":"2009-02-10T18:05:03","date_gmt":"2009-02-10T16:05:03","guid":{"rendered":"http:\/\/www.real.edu.ee\/ajaveeb\/130b\/?page_id=48"},"modified":"2009-02-10T18:05:03","modified_gmt":"2009-02-10T16:05:03","slug":"i-meie","status":"publish","type":"page","link":"https:\/\/www.real.edu.ee\/ajaveeb\/arh130b\/i-meie\/","title":{"rendered":"Meie"},"content":{"rendered":"<p><span style=\"text-decoration: underline\">Inimesed<\/span><\/p>\n<p class=\"MsoNormal\"><strong><span lang=\"EN-US\">Johanna<\/span><\/strong><span lang=\"EN-US\"><br \/>\nMa ei oskagi niimoodi \u00f6elda, milline ma olen. Ma olen v\u00f5ib-olla natuke \u00f5el ja \u00fclbe, aga inimestega, kes on minu vastu toredad olen ma l\u00f5bus ja hooliv. Mulle meeldib \u00fclek\u00f5ige v\u00f5istlustants, millega tegelen juba viis aastat. Veel k\u00e4in ma n\u00e4iteringis. Mulle meeldib lugeda, muusikat kuulata ja filme vaadata. Eem&#8230; rohkem ma ei oskagi vist midagi \u00f6elda. <\/span><\/p>\n<p class=\"MsoNormal\"><strong><span lang=\"EN-US\">Elina<\/span><\/strong><span lang=\"EN-US\"><br \/>\nhaha, minu kohta on ainult \u00fcks s\u00f5na &#8211; hull. \ud83d\ude00<\/span><\/p>\n<p class=\"MsoNormal\"><span lang=\"EN-US\">\u00a0<\/span><strong><span lang=\"EN-US\">Ronald<\/span><\/strong><span lang=\"EN-US\"><br \/>\nMulle meeldib musa kuulata ja s\u00f5pradega olla. Veel meeldib mulle nalja teha ja niisama olla. Ja siis on vist k\u00f5ik. Ei tegelikult meeldib mulle freestyle\u2019l s\u00f5ita ja nats meeldib murdmaad ka s\u00f5ita! <\/span><\/p>\n<p class=\"MsoNormal\"><strong><span lang=\"EN-US\">Urmas-Rainer<\/span><\/strong><span lang=\"EN-US\"><br \/>\nMulle meeldib korvpalli m\u00e4ngida, raamatuid (m\u00f5ndasid) lugeda. Kindlasti k\u00e4ib minu lemmiktegevuste hulka ka jalgpall ning m\u00f5nikord suusatamine ka. <\/span><\/p>\n<p class=\"MsoNormal\"><strong><span lang=\"EN-US\">Johanna<\/span><\/strong><span lang=\"EN-US\"><br \/>\nMa olen selline suur raamatute\/kirjutamise\/ujumise f\u00e4nn. H\u00e4sti elav jne. Meeldib t\u00e4iega muusikat kuulata, k\u00f5ige rohkem Punk\/Rock\u2019i. Ujumisega tegelen viiendat aastat ja rohked n\u00e4dalavahetused veedan v\u00f5istlustel. Alati kui mul raha on, k\u00e4in ma Hesburgeris ja j\u00e4\u00e4tis on mu lemmik. Rohkem kui lihtsalt lemmik. \u0160okolaadi j\u00e4\u00e4tis on parim.\u00a0Naer on elu v\u00f5i peaaegu.\u00a0<\/span><strong>\u00a0<\/strong><\/p>\n<p class=\"MsoNormal\"><strong><span lang=\"EN-US\">Hanna<\/span><\/strong><span lang=\"EN-US\"><br \/>\nOlen tore t\u00fcdruk, kes on s\u00fcndinud novembris. Mulle meeldib v\u00e4ga tantsida. Samuti meeldib mulle ka n\u00e4itlemine. Armastan lugeda raamatuid, kuulata muusikat ja vaadata filme. Polegi vist muud \u00f6elda. <\/span><\/p>\n<p class=\"MsoNormal\"><strong><span lang=\"EN-US\">Helen<\/span><\/strong><span lang=\"EN-US\"><br \/>\nMa olen s\u00fcndinud juunikuus. Ma armastan n\u00e4idelda, laulda ja joonistada. Mulle meeldib ka raamatuid lugeda ja nautida suve. Tulevikus tahaksin saada n\u00e4itlejaks. Laulmas k\u00e4in veel Ellerheinas. Veel k\u00e4in ma ka tennist m\u00e4ngimas. <\/span><\/p>\n<p class=\"MsoNormal\"><strong><span lang=\"EN-US\">Rainer<\/span><\/strong><span lang=\"EN-US\"><br \/>\nOlen Rainer ja k\u00e4in Tallinna Reaalkoolis 7b klassis. Muidu k\u00e4in veel judo trennis. Klubi nimi on Aitado. <\/span><\/p>\n<p class=\"MsoNormal\"><strong><span lang=\"EN-US\">Martin<\/span><\/strong><span lang=\"EN-US\"><br \/>\nOlen s\u00f5bralik poiss, kellele \u00fclek\u00f5ige meeldib kardis\u00f5it ja lauatamine. Olen saavutanud kardis palju, lauatan aga niisama l\u00f5bu p\u00e4rast. Olen s\u00f5bralik, aktiivne, naljakas. Minu kohta on \u00f6eldud, et olen maailma parim s\u00f5ber. <\/span><\/p>\n<p class=\"MsoNormal\"><strong><span lang=\"EN-US\">Liis<\/span><\/strong><span lang=\"EN-US\"><br \/>\nOlen \u00fcpris otsekohene, vahest kuri, muidu energiapomm, vahest vingun niisama. Armastan tantsu ning k\u00e4in samuti ka tantsimas. S\u00f5brad on mulle v\u00e4ga t\u00e4htsad! <\/span><\/p>\n<p class=\"MsoNormal\"><strong><span lang=\"EN-US\">Evelin<\/span><\/strong><span lang=\"EN-US\"><br \/>\nOlen t\u00fcdruk, kellele \u00fcle k\u00f5ige meeldib laulda. Samuti tegelen iluv\u00f5imlemise ja n\u00e4itlemisega. \u00d5pin suhteliselt h\u00e4sti, kuid alati saaks paremini. Armastan oma s\u00f5pru ning peret ja ka klassikaaslased on v\u00e4ga toredad. <\/span><\/p>\n<p class=\"MsoNormal\"><strong><span lang=\"EN-US\">Kristin<\/span><\/strong><span lang=\"EN-US\"><br \/>\nArmastan tantsimist ja fotograafiat. Olen s\u00f5bralik, l\u00f5bus ja hooliv. Oma lemmik kohaks pean ma Hiiumaad, kus veedan kogu oma vabaaja. S\u00f5brad on mulle v\u00e4ga-v\u00e4ga t\u00e4htsad! <\/span><\/p>\n<p class=\"MsoNormal\"><strong><span lang=\"EN-US\">Marleen<\/span><\/strong><span lang=\"EN-US\"><br \/>\nTegelen kergej\u00f5ustiku, n\u00e4itlemise ja muusikaga. \u00dclek\u00f5ige hoolin oma s\u00f5pradest ja tuttavatest. <\/span><\/p>\n<p class=\"MsoNormal\"><strong><span lang=\"EN-US\">Hellery<\/span><\/strong><span lang=\"EN-US\"><br \/>\nMulle meeldib \u00fcle k\u00f5ige laulmine ning tegelen n\u00e4itlemisega. S\u00f5bralik, m\u00f5ndade meelest vahest liiga liiga otsekohene. S\u00f5brad on \u00fclek\u00f5ige! <\/span><\/p>\n<p class=\"MsoNormal\"><strong><span lang=\"EN-US\">Diana<\/span><\/strong><span lang=\"EN-US\"><br \/>\nMulle meeldib uisutada ja laulda. Olen otsekohene ja ma teen palju nalja. <\/span><\/p>\n<p class=\"MsoNormal\"><strong><span lang=\"EN-US\">Marko<\/span><\/strong><span lang=\"EN-US\"><br \/>\nMulle meeldib sport ja k\u00f5ik spordiga seostuv. Tegelen praegu tantsimisega! S\u00f5bralik paljudele&#8230; <\/span><\/p>\n<p class=\"MsoNormal\"><strong><span lang=\"EN-US\">Fred<\/span><\/strong><span lang=\"EN-US\"><br \/>\nMulle meeldib teha sporti. Nende hulgas k\u00f5ige rohkem meeldib jalgpall, suusatamine ja uisutamine. Mul on palju s\u00f5pru. <\/span><\/p>\n<p class=\"MsoNormal\"><strong><span lang=\"EN-US\">Simon<\/span><\/strong><span lang=\"EN-US\"><br \/>\nMulle meeldib jalgpall ja saalihoki. On palju s\u00f5pru ja \u00f5pin normaalselt (vist). <\/span><\/p>\n<p class=\"MsoNormal\"><strong><span lang=\"EN-US\">Carl Joosep<\/span><\/strong><span lang=\"EN-US\"><br \/>\nMulle meeldib m<\/span><span lang=\"EN-US\">\u00e4<\/span><span lang=\"EN-US\">ngida<\/span><span lang=\"EN-GB\"> kossu ja saalihokit. Vabalajal ole niisama s<\/span><span lang=\"ET\">\u00f5<\/span><span lang=\"EN-US\">pradega ja vaatan filme.<\/span><\/p>\n<p class=\"MsoNormal\"><span style=\"text-decoration: underline\">S\u00fcnnip\u00e4evad<\/span><\/p>\n<p class=\"MsoNormal\"><span lang=\"EN-US\"><strong>jaanuar<\/strong><br \/>\n01 Liis K<br \/>\n16 Siim K<br \/>\n27 Ain P<br \/>\n<\/span><\/p>\n<p class=\"MsoNormal\"><span lang=\"EN-US\"><strong>veebruar<br \/>\n<\/strong>27 Simon R<br \/>\n<\/span><\/p>\n<p class=\"MsoNormal\"><span lang=\"EN-US\"><strong>m\u00e4rts<\/strong><br \/>\n<\/span><\/p>\n<p class=\"MsoNormal\"><span lang=\"EN-US\"><strong>aprill<\/strong><br \/>\n18 &#8211; Berta T<br \/>\n<\/span><\/p>\n<p class=\"MsoNormal\"><span lang=\"EN-US\"><strong>mai<\/strong><br \/>\n02 &#8211; Rasmus F<br \/>\n15 &#8211; Marleen M<br \/>\n24 &#8211; Ronald R<br \/>\n<\/span><\/p>\n<p class=\"MsoNormal\"><span lang=\"EN-US\"><strong>juuni<br \/>\n<\/strong><\/span>05 &#8211; Kenneth T<br \/>\n<span lang=\"EN-US\">06 &#8211; Diana V<br \/>\n15 &#8211; Helen P<\/span><\/p>\n<p class=\"MsoNormal\"><span lang=\"EN-US\"><strong>juuli<br \/>\n<\/strong>07 &#8211; Johanna V<br \/>\n<\/span><span lang=\"EN-US\">16-\u00a0 Andri R<br \/>\n<\/span><\/p>\n<p class=\"MsoNormal\"><span lang=\"EN-US\"><strong>august<\/strong><br \/>\n<\/span><\/p>\n<p class=\"MsoNormal\"><span lang=\"EN-US\"><strong>september<\/strong><br \/>\n30<strong> &#8211; Kristi Koit<\/strong><br \/>\n<\/span><\/p>\n<p class=\"MsoNormal\"><span lang=\"EN-US\"><strong>oktoober<\/strong><br \/>\n17 &#8211; Elina K<br \/>\n18 &#8211; Aron O<br \/>\n31 &#8211; Rainer S<\/span><\/p>\n<p class=\"MsoNormal\"><span lang=\"EN-US\"><strong>november<br \/>\n<\/strong>04 &#8211; Kristin L<br \/>\n05 &#8211; Annemai A<br \/>\n19 &#8211; Evelin V<br \/>\n21 &#8211; Andreas L<\/span><\/p>\n<p class=\"MsoNormal\"><span lang=\"EN-US\"><strong>detsember<br \/>\n<\/strong>15 &#8211; Sander V<br \/>\n25 &#8211; Pille-Riin P<br \/>\n29 &#8211; Johanna L<br \/>\n<\/span><!--EndFragment--><\/p>\n<p><strong><a title=\"Otseviide: Meie klassist\u2026\" rel=\"bookmark\" href=\"http:\/\/www.real.edu.ee\/ajaveeb\/130b\/?p=7\"><span style=\"color: #282c2f\">Meie klassist\u2026<\/span><\/a><\/strong><\/p>\n<p class=\"entry\">Alustasime oma koolit\u00f6\u00f6d 2003. aastal ja oleme n\u00fc\u00fcdseks juba koos seitsmendat aastat. V\u00f5i siiski, m\u00f5ned meist v\u00e4hem, sest viiendast klassist tulid meie klassi \u00f5ppima kaks toredat \u00f5pilast, \u00fcks neist poiss, teine t\u00fcdruk. Oma r\u00e4nnakut alustasime esimeses klassis koos \u00f5petaja Kati Kurimiga, kes sel ajal veel Kati Kangas oli. Kolmanda klassi l\u00f5pus saime endale uue \u00f5petaja Kaie Saare ning seej\u00e4rel neljandas klassis \u00f5petaja Leili Nappo. Hetkel on meie klassijuhataja\/\u00f5petaja Kristi Koit.<\/p>\n<p>Kui v\u00e4ikeses majas olime enamuse ajast \u00fche \u00f5petajaga, siis n\u00fc\u00fcd on iga tund erinev \u00f5petaja. Loetelu meie \u00f5petajatest leiate \u00fclevalt \u201cMeie \u00f5petajate\u201d alt. Meil iga\u00fchel on oma lemmik\u00f5petaja, kuid sellist \u00f5petajat, kes meile kohe \u00fcldse ei meeldiks, teadaolevalt ei ole.<span> <\/span><\/p>\n<p>Me k\u00e4ime suhteliselt palju ka klassiekskursioonidel ja kuigi algklassides k\u00e4isime rohkem, k\u00e4ime ka praegu piisavalt palju. Toredaks traditsiooniks on saanud meie igaaastane Kuutsem\u00e4ele s\u00f5it. Samuti kevadised reisid &#8211; viimasel aastal oli see lausa kahep\u00e4evane. Vanasti oli meil ka palju klassi\u00f5htuid, kus s\u00f6\u00f6di, joodi ja tantsiti (nii vabatahtlikult kui ka sunnitult), kahjuks on n\u00fc\u00fcd need kuhugi kadunud. M\u00f5nikord ei viitsi keegi klassi\u00f5htut korraldada, teine kord aga j\u00e4lle pole sobivat aega v\u00f5i v\u00f5imalusi.<\/p>\n<p>Meie klassis on 22 poissi ja 14 t\u00fcdrukut, kellest enamik siiski h\u00e4sti l\u00e4bi saab. M\u00f5nikord on ikka m\u00f5ningaid erimeelsusi v\u00f5i ka veidike solvamist v\u00f5i midagi muud, mis v\u00f5ib haiget teha &#8211; aga \u00fcldiselt j\u00e4\u00e4vad l\u00f6\u00f6mised ja peksmised meist kaugele. Igal juhul oleme oma klassiga rahul ja arvan, et k\u00e4ime selle tee \u00fcheskoos v\u00f5iduka l\u00f5puni.<\/p>\n","protected":false},"excerpt":{"rendered":"<p>Inimesed Johanna Ma ei oskagi niimoodi \u00f6elda, milline ma olen. Ma olen v\u00f5ib-olla natuke \u00f5el ja \u00fclbe, aga inimestega, kes on minu vastu toredad olen ma l\u00f5bus ja hooliv. Mulle meeldib \u00fclek\u00f5ige v\u00f5istlustants, millega tegelen juba viis aastat. Veel k\u00e4in ma n\u00e4iteringis. Mulle meeldib lugeda, muusikat kuulata ja filme vaadata. Eem&#8230; rohkem ma ei oskagi [&hellip;]<\/p>\n","protected":false},"author":1,"featured_media":0,"parent":0,"menu_order":-1,"comment_status":"open","ping_status":"open","template":"","meta":{"footnotes":""},"class_list":["post-48","page","type-page","status-publish","hentry"],"_links":{"self":[{"href":"https:\/\/www.real.edu.ee\/ajaveeb\/arh130b\/wp-json\/wp\/v2\/pages\/48","targetHints":{"allow":["GET"]}}],"collection":[{"href":"https:\/\/www.real.edu.ee\/ajaveeb\/arh130b\/wp-json\/wp\/v2\/pages"}],"about":[{"href":"https:\/\/www.real.edu.ee\/ajaveeb\/arh130b\/wp-json\/wp\/v2\/types\/page"}],"author":[{"embeddable":true,"href":"https:\/\/www.real.edu.ee\/ajaveeb\/arh130b\/wp-json\/wp\/v2\/users\/1"}],"replies":[{"embeddable":true,"href":"https:\/\/www.real.edu.ee\/ajaveeb\/arh130b\/wp-json\/wp\/v2\/comments?post=48"}],"version-history":[{"count":0,"href":"https:\/\/www.real.edu.ee\/ajaveeb\/arh130b\/wp-json\/wp\/v2\/pages\/48\/revisions"}],"wp:attachment":[{"href":"https:\/\/www.real.edu.ee\/ajaveeb\/arh130b\/wp-json\/wp\/v2\/media?parent=48"}],"curies":[{"name":"wp","href":"https:\/\/api.w.org\/{rel}","templated":true}]}}