{"id":5,"date":"2009-09-14T14:24:36","date_gmt":"2009-09-14T11:24:36","guid":{"rendered":"http:\/\/www.real.edu.ee\/ajaveeb\/129a\/?page_id=2"},"modified":"2009-09-14T14:24:36","modified_gmt":"2009-09-14T11:24:36","slug":"minust","status":"publish","type":"page","link":"https:\/\/www.real.edu.ee\/ajaveeb\/arh129a\/minust\/","title":{"rendered":"Tallinna Reaalkooli lend 129a."},"content":{"rendered":"<p>Meie klassis \u00f5pib 36 isikut. Neis k\u00f5igis on midagi head ja midagi halba, aga mis kindel- nad k\u00f5ik on v\u00e4ga erilised ja andekad inimesed ja neil k\u00f5igil on \u00fckstesiele midagi \u00f5petada.<\/p>\n","protected":false},"excerpt":{"rendered":"<p>Meie klassis \u00f5pib 36 isikut. Neis k\u00f5igis on midagi head ja midagi halba, aga mis kindel- nad k\u00f5ik on v\u00e4ga erilised ja andekad inimesed ja neil k\u00f5igil on \u00fckstesiele midagi \u00f5petada.<\/p>\n","protected":false},"author":1,"featured_media":0,"parent":0,"menu_order":0,"comment_status":"open","ping_status":"open","template":"","meta":{"footnotes":""},"class_list":["post-5","page","type-page","status-publish","hentry"],"_links":{"self":[{"href":"https:\/\/www.real.edu.ee\/ajaveeb\/arh129a\/wp-json\/wp\/v2\/pages\/5","targetHints":{"allow":["GET"]}}],"collection":[{"href":"https:\/\/www.real.edu.ee\/ajaveeb\/arh129a\/wp-json\/wp\/v2\/pages"}],"about":[{"href":"https:\/\/www.real.edu.ee\/ajaveeb\/arh129a\/wp-json\/wp\/v2\/types\/page"}],"author":[{"embeddable":true,"href":"https:\/\/www.real.edu.ee\/ajaveeb\/arh129a\/wp-json\/wp\/v2\/users\/1"}],"replies":[{"embeddable":true,"href":"https:\/\/www.real.edu.ee\/ajaveeb\/arh129a\/wp-json\/wp\/v2\/comments?post=5"}],"version-history":[{"count":0,"href":"https:\/\/www.real.edu.ee\/ajaveeb\/arh129a\/wp-json\/wp\/v2\/pages\/5\/revisions"}],"wp:attachment":[{"href":"https:\/\/www.real.edu.ee\/ajaveeb\/arh129a\/wp-json\/wp\/v2\/media?parent=5"}],"curies":[{"name":"wp","href":"https:\/\/api.w.org\/{rel}","templated":true}]}}