{"id":56,"date":"2010-08-14T13:52:13","date_gmt":"2010-08-14T13:52:13","guid":{"rendered":"http:\/\/128b.wordpress.com\/?page_id=2"},"modified":"2010-08-14T13:52:13","modified_gmt":"2010-08-14T13:52:13","slug":"meist","status":"publish","type":"page","link":"https:\/\/www.real.edu.ee\/ajaveeb\/arh128b\/meist\/","title":{"rendered":"Meist"},"content":{"rendered":"<p><strong>128b 10.-12. klass<\/strong><\/p>\n<p style=\"text-align: left\">Meil on selline huvitav klass, kus \u00f5pivad koos <strong>tehnoloogid<\/strong> ja <strong>bisnismenid<\/strong>. Poisse on loomulikult rohkem kui t\u00fcdrukuid. On vanu reaalikaid ja on uusi reaalikaid. Uued on siia kogunenud \u00fcle terve Eesti (peamiselt\u00a0 Hiiumaalt, P\u00e4rnust ja J\u00fcrist).<\/p>\n<p style=\"text-align: left\"><a href=\"http:\/\/www.real.edu.ee\/ajaveeb\/arh128b\/files\/2010\/08\/Klass2010.jpg\"><img loading=\"lazy\" decoding=\"async\" class=\"aligncenter size-full wp-image-139\" src=\"http:\/\/www.real.edu.ee\/ajaveeb\/arh128b\/files\/2010\/08\/Klass2010.jpg\" alt=\"\" width=\"504\" height=\"318\" srcset=\"https:\/\/www.real.edu.ee\/ajaveeb\/arh128b\/files\/2010\/08\/Klass2010.jpg 720w, https:\/\/www.real.edu.ee\/ajaveeb\/arh128b\/files\/2010\/08\/Klass2010-300x189.jpg 300w\" sizes=\"auto, (max-width: 504px) 100vw, 504px\" \/><\/a><\/p>\n<p style=\"text-align: center\">\u00d5A 2010\/2011<\/p>\n<p>&nbsp;<\/p>\n<p><a href=\"http:\/\/www.real.edu.ee\/ajaveeb\/arh128b\/files\/2010\/08\/309608_2612158670295_1444873594_32918154_2093356720_n2.jpg\"><img loading=\"lazy\" decoding=\"async\" class=\"alignnone  wp-image-447\" src=\"http:\/\/www.real.edu.ee\/ajaveeb\/arh128b\/files\/2010\/08\/309608_2612158670295_1444873594_32918154_2093356720_n2.jpg\" alt=\"\" width=\"700\" height=\"461\" srcset=\"https:\/\/www.real.edu.ee\/ajaveeb\/arh128b\/files\/2010\/08\/309608_2612158670295_1444873594_32918154_2093356720_n2.jpg 960w, https:\/\/www.real.edu.ee\/ajaveeb\/arh128b\/files\/2010\/08\/309608_2612158670295_1444873594_32918154_2093356720_n2-300x198.jpg 300w, https:\/\/www.real.edu.ee\/ajaveeb\/arh128b\/files\/2010\/08\/309608_2612158670295_1444873594_32918154_2093356720_n2-768x506.jpg 768w\" sizes=\"auto, (max-width: 700px) 100vw, 700px\" \/><\/a><\/p>\n<p>&nbsp;<\/p>\n<p>&nbsp;<\/p>\n<p style=\"text-align: left\"><strong>Naljad otse koolipingist:<\/strong><\/p>\n<p style=\"text-align: left\">M. S\u00e4rg\u00a0&#8220;Ega ma siin striptiisi tegema ei hakka, et teie t\u00e4helepanu v\u00f5ita!&#8221;<\/p>\n<p style=\"text-align: left\">* \u00a0 \u00a0* \u00a0 \u00a0*<\/p>\n<p style=\"text-align: left\">T. Tamme-Amj\u00e4rv\u00a0&#8220;B\u00fctsantslik toredus teie ees. Mitte mina, aga see pilt mu selja taga.&#8221;<\/p>\n<p style=\"text-align: left\">T. Tamme-Amj\u00e4rv: &#8220;Ma ei taha endale tunnistada, et mu tehtud kontrollt\u00f6\u00f6d liiga lihtsad on, vaid et te olete lihtsalt nii targad ja teetegi k\u00f5ik viitele ja neljadele.&#8221;<\/p>\n<p style=\"text-align: left\">\u00d5pilane: &#8220;\u00d5petaja on eitusfaasis..&#8221;<\/p>\n<p style=\"text-align: left\">T. Tamme-Amj\u00e4rv: &#8220;Meil omalgi pedofiile, pole seda Vatikani vaja.&#8221;<\/p>\n<p style=\"text-align: left\">* \u00a0 \u00a0* \u00a0 \u00a0*<\/p>\n<p style=\"text-align: left\">K. Hein: &#8220;Olgu, l\u00f5petage see kaardim\u00e4ng n\u00fc\u00fcd \u00e4ra.&#8221;<\/p>\n<p style=\"text-align: left\">\u00d5pilane: &#8220;Kas te olete pahane, et nad teid m\u00e4ngu ei v\u00f5tnud?&#8221; (esimesel perioodil k\u00f5ksis K\u00e4tlin meiega tunni alguses v\u00f5idu)<\/p>\n<p style=\"text-align: left\">* \u00a0 \u00a0* \u00a0 \u00a0*<\/p>\n<p style=\"text-align: left\">Bioloogia ol\u00fcmpiaadiks kordamine. \u00d5p. Veskimetsa telefon heliseb ning ta hakkab seda v\u00f5tma. J\u00e4rsku puhkeb naerma..<\/p>\n<p style=\"text-align: left\">K. Veskimets: &#8220;See on n\u00e4tsuga laua k\u00fcljes kinni! Mitte tahvlin\u00e4tsuga, vaid n\u00e4rimiskummiga!&#8221;<\/p>\n<p style=\"text-align: left\">*\u00a0\u00a0\u00a0 *\u00a0\u00a0\u00a0 *<\/p>\n<p style=\"text-align: left\">Kangro: &#8220;Ja kodus j\u00e4\u00e4vad sellest \u00fclesandest c nagu coca-cola ja f nagu facebook.&#8221;<\/p>\n<p style=\"text-align: left\">Kangro: &#8220;Kui ma pean teie kirjapilti kontrollt\u00f6\u00f6des parandama hakkama, peab viskipudel k\u00f5rval olema!&#8221;<\/p>\n<p style=\"text-align: left\">* \u00a0 \u00a0* \u00a0 \u00a0*<\/p>\n<p style=\"text-align: left\">P. Karu: &#8221; Miks Ott ja kott koos pole?&#8221;<\/p>\n<p style=\"text-align: left\">P. Karu: &#8220;Inimesed k\u00e4ivad seal polaarp\u00e4eva vaatamas. Polaar\u00f6\u00f6ga on natuke keerulisem.&#8221;<\/p>\n<p style=\"text-align: left\">\u00d5pilane: &#8220;Pime on, jah.&#8221;<\/p>\n","protected":false},"excerpt":{"rendered":"<p>128b 10.-12. klass Meil on selline huvitav klass, kus \u00f5pivad koos tehnoloogid ja bisnismenid. Poisse on loomulikult rohkem kui t\u00fcdrukuid. On vanu reaalikaid ja on uusi reaalikaid. Uued on siia kogunenud \u00fcle terve Eesti (peamiselt\u00a0 Hiiumaalt, P\u00e4rnust ja J\u00fcrist). \u00d5A 2010\/2011 &nbsp; &nbsp; &nbsp; Naljad otse koolipingist: M. S\u00e4rg\u00a0&#8220;Ega ma siin striptiisi tegema ei hakka, [&hellip;]<\/p>\n","protected":false},"author":1,"featured_media":0,"parent":0,"menu_order":0,"comment_status":"closed","ping_status":"closed","template":"","meta":{"footnotes":""},"class_list":["post-56","page","type-page","status-publish","hentry"],"_links":{"self":[{"href":"https:\/\/www.real.edu.ee\/ajaveeb\/arh128b\/wp-json\/wp\/v2\/pages\/56","targetHints":{"allow":["GET"]}}],"collection":[{"href":"https:\/\/www.real.edu.ee\/ajaveeb\/arh128b\/wp-json\/wp\/v2\/pages"}],"about":[{"href":"https:\/\/www.real.edu.ee\/ajaveeb\/arh128b\/wp-json\/wp\/v2\/types\/page"}],"author":[{"embeddable":true,"href":"https:\/\/www.real.edu.ee\/ajaveeb\/arh128b\/wp-json\/wp\/v2\/users\/1"}],"replies":[{"embeddable":true,"href":"https:\/\/www.real.edu.ee\/ajaveeb\/arh128b\/wp-json\/wp\/v2\/comments?post=56"}],"version-history":[{"count":0,"href":"https:\/\/www.real.edu.ee\/ajaveeb\/arh128b\/wp-json\/wp\/v2\/pages\/56\/revisions"}],"wp:attachment":[{"href":"https:\/\/www.real.edu.ee\/ajaveeb\/arh128b\/wp-json\/wp\/v2\/media?parent=56"}],"curies":[{"name":"wp","href":"https:\/\/api.w.org\/{rel}","templated":true}]}}