{"id":2,"date":"2018-01-29T09:42:51","date_gmt":"2018-01-29T07:42:51","guid":{"rendered":"http:\/\/www.real.edu.ee\/ajaveeb\/arh128b\/?page_id=2"},"modified":"2018-01-29T09:42:51","modified_gmt":"2018-01-29T07:42:51","slug":"demoleht","status":"publish","type":"page","link":"https:\/\/www.real.edu.ee\/ajaveeb\/arh128b\/demoleht\/","title":{"rendered":"N\u00e4idisleht"},"content":{"rendered":"<p>See on n\u00e4idisleht. See erineb postitusest selle poolest, et j\u00e4\u00e4b \u00fchte kohta ja paistab navigeerimismen\u00fc\u00fcst (enamiku teemade puhul). Enamasti alustatakse enda kohta k\u00e4ivast lehest, mis tutvustab lehe omanikku k\u00fclastajatele. N\u00e4iteks nii:<\/p>\n<blockquote><p>Tere! Ma olen p\u00e4eval kuller, \u00f5htul algaja n\u00e4itleja. See on minu veebileht. Ma elan Los Angeleses, mul on lahe koer nimega Jack ning ma armastan kokteile (ja vihma k\u00e4tte j\u00e4\u00e4da).<\/p><\/blockquote>\n<p>&#8230;v\u00f5i nii:<\/p>\n<blockquote><p>Jubinavabrik XYZ asutati1971 ja on sellest ajast peale pakkunud k\u00f5rgekvaliteedilisi jubinaid.  XYZ asub Gotham Citys, annab t\u00f6\u00f6d \u00fcle 2000 inimesele ja teeb ka muidu linnas igasugu vingeid asju.<\/p><\/blockquote>\n<p>Uue WordPressi kasutajana v\u00f5iksid minna <a href=\"http:\/\/www.real.edu.ee\/ajaveeb\/arh128b\/wp-admin\/\">t\u00f6\u00f6lauale<\/a>, kustutada selle lehe ja luua ise uued. J\u00f5udu!<\/p>\n","protected":false},"excerpt":{"rendered":"<p>See on n\u00e4idisleht. See erineb postitusest selle poolest, et j\u00e4\u00e4b \u00fchte kohta ja paistab navigeerimismen\u00fc\u00fcst (enamiku teemade puhul). Enamasti alustatakse enda kohta k\u00e4ivast lehest, mis tutvustab lehe omanikku k\u00fclastajatele. N\u00e4iteks nii: Tere! Ma olen p\u00e4eval kuller, \u00f5htul algaja n\u00e4itleja. See on minu veebileht. Ma elan Los Angeleses, mul on lahe koer nimega Jack ning ma [&hellip;]<\/p>\n","protected":false},"author":1,"featured_media":0,"parent":0,"menu_order":0,"comment_status":"closed","ping_status":"open","template":"","meta":{"footnotes":""},"class_list":["post-2","page","type-page","status-publish","hentry"],"_links":{"self":[{"href":"https:\/\/www.real.edu.ee\/ajaveeb\/arh128b\/wp-json\/wp\/v2\/pages\/2","targetHints":{"allow":["GET"]}}],"collection":[{"href":"https:\/\/www.real.edu.ee\/ajaveeb\/arh128b\/wp-json\/wp\/v2\/pages"}],"about":[{"href":"https:\/\/www.real.edu.ee\/ajaveeb\/arh128b\/wp-json\/wp\/v2\/types\/page"}],"author":[{"embeddable":true,"href":"https:\/\/www.real.edu.ee\/ajaveeb\/arh128b\/wp-json\/wp\/v2\/users\/1"}],"replies":[{"embeddable":true,"href":"https:\/\/www.real.edu.ee\/ajaveeb\/arh128b\/wp-json\/wp\/v2\/comments?post=2"}],"version-history":[{"count":0,"href":"https:\/\/www.real.edu.ee\/ajaveeb\/arh128b\/wp-json\/wp\/v2\/pages\/2\/revisions"}],"wp:attachment":[{"href":"https:\/\/www.real.edu.ee\/ajaveeb\/arh128b\/wp-json\/wp\/v2\/media?parent=2"}],"curies":[{"name":"wp","href":"https:\/\/api.w.org\/{rel}","templated":true}]}}