{"id":2,"date":"2010-09-09T08:26:10","date_gmt":"2010-09-09T08:26:10","guid":{"rendered":"http:\/\/www.real.edu.ee\/ajaveeb\/arh128b\/?page_id=2"},"modified":"2010-09-09T08:26:10","modified_gmt":"2010-09-09T08:26:10","slug":"minust","status":"publish","type":"page","link":"https:\/\/www.real.edu.ee\/ajaveeb\/arh128a\/minust\/","title":{"rendered":"Minust"},"content":{"rendered":"<p>See on WordPressi lehen\u00e4idis; siia v\u00f5id panna infot iseenda v\u00f5i oma ajaveebi kohta, et lugejad teaksid sinust \u00fcht-teist. V\u00f5id luua nii palju lehti ja alamlehti kui soovid ning hallata neid k\u00f5iki otse WordPressist.<\/p>\n","protected":false},"excerpt":{"rendered":"<p>See on WordPressi lehen\u00e4idis; siia v\u00f5id panna infot iseenda v\u00f5i oma ajaveebi kohta, et lugejad teaksid sinust \u00fcht-teist. V\u00f5id luua nii palju lehti ja alamlehti kui soovid ning hallata neid k\u00f5iki otse WordPressist.<\/p>\n","protected":false},"author":1,"featured_media":0,"parent":0,"menu_order":0,"comment_status":"open","ping_status":"open","template":"","meta":{"footnotes":""},"class_list":["post-2","page","type-page","status-publish","hentry"],"_links":{"self":[{"href":"https:\/\/www.real.edu.ee\/ajaveeb\/arh128a\/wp-json\/wp\/v2\/pages\/2","targetHints":{"allow":["GET"]}}],"collection":[{"href":"https:\/\/www.real.edu.ee\/ajaveeb\/arh128a\/wp-json\/wp\/v2\/pages"}],"about":[{"href":"https:\/\/www.real.edu.ee\/ajaveeb\/arh128a\/wp-json\/wp\/v2\/types\/page"}],"author":[{"embeddable":true,"href":"https:\/\/www.real.edu.ee\/ajaveeb\/arh128a\/wp-json\/wp\/v2\/users\/1"}],"replies":[{"embeddable":true,"href":"https:\/\/www.real.edu.ee\/ajaveeb\/arh128a\/wp-json\/wp\/v2\/comments?post=2"}],"version-history":[{"count":0,"href":"https:\/\/www.real.edu.ee\/ajaveeb\/arh128a\/wp-json\/wp\/v2\/pages\/2\/revisions"}],"wp:attachment":[{"href":"https:\/\/www.real.edu.ee\/ajaveeb\/arh128a\/wp-json\/wp\/v2\/media?parent=2"}],"curies":[{"name":"wp","href":"https:\/\/api.w.org\/{rel}","templated":true}]}}