{"id":457,"date":"2009-09-14T14:36:51","date_gmt":"2009-09-14T11:36:51","guid":{"rendered":"http:\/\/www.real.edu.ee\/ajaveeb\/127b\/?page_id=2"},"modified":"2009-09-14T14:36:51","modified_gmt":"2009-09-14T11:36:51","slug":"minust","status":"publish","type":"page","link":"https:\/\/www.real.edu.ee\/ajaveeb\/arh127b\/minust\/","title":{"rendered":"Meist"},"content":{"rendered":"<p>Tallinna Reaalkooli 127nda lennu \u00f5pilased, kelle valikaineteks C-v\u00f5\u00f5rkeel (saksa v\u00f5i prantsuse) v\u00f5i tehnoloogia. Teine pool tehnolooge kutsub koduks\u00a0 C-klassi.<\/p>\n","protected":false},"excerpt":{"rendered":"<p>Tallinna Reaalkooli 127nda lennu \u00f5pilased, kelle valikaineteks C-v\u00f5\u00f5rkeel (saksa v\u00f5i prantsuse) v\u00f5i tehnoloogia. Teine pool tehnolooge kutsub koduks\u00a0 C-klassi.<\/p>\n","protected":false},"author":1,"featured_media":0,"parent":0,"menu_order":0,"comment_status":"open","ping_status":"open","template":"","meta":{"footnotes":""},"class_list":["post-457","page","type-page","status-publish","hentry"],"_links":{"self":[{"href":"https:\/\/www.real.edu.ee\/ajaveeb\/arh127b\/wp-json\/wp\/v2\/pages\/457","targetHints":{"allow":["GET"]}}],"collection":[{"href":"https:\/\/www.real.edu.ee\/ajaveeb\/arh127b\/wp-json\/wp\/v2\/pages"}],"about":[{"href":"https:\/\/www.real.edu.ee\/ajaveeb\/arh127b\/wp-json\/wp\/v2\/types\/page"}],"author":[{"embeddable":true,"href":"https:\/\/www.real.edu.ee\/ajaveeb\/arh127b\/wp-json\/wp\/v2\/users\/1"}],"replies":[{"embeddable":true,"href":"https:\/\/www.real.edu.ee\/ajaveeb\/arh127b\/wp-json\/wp\/v2\/comments?post=457"}],"version-history":[{"count":0,"href":"https:\/\/www.real.edu.ee\/ajaveeb\/arh127b\/wp-json\/wp\/v2\/pages\/457\/revisions"}],"wp:attachment":[{"href":"https:\/\/www.real.edu.ee\/ajaveeb\/arh127b\/wp-json\/wp\/v2\/media?parent=457"}],"curies":[{"name":"wp","href":"https:\/\/api.w.org\/{rel}","templated":true}]}}