{"id":29,"date":"2009-09-29T15:42:18","date_gmt":"2009-09-29T12:42:18","guid":{"rendered":"http:\/\/www.real.edu.ee\/ajaveeb\/127b\/?page_id=29"},"modified":"2009-09-29T15:42:18","modified_gmt":"2009-09-29T12:42:18","slug":"sunnipaevad","status":"publish","type":"page","link":"https:\/\/www.real.edu.ee\/ajaveeb\/arh127b\/sunnipaevad\/","title":{"rendered":"S\u00fcnnip\u00e4evad"},"content":{"rendered":"<div>Ann Hargi- 14. jaanuar<\/div>\n<div>Kristjan J\u00fcrisoo- 22. jaanuar<\/div>\n<div>Roberth Kulbin- 24. jaanuar<\/div>\n<div>Tuuli Pungas- 11. veebruar<\/div>\n<div>Kuldar Rosenberg- 28. veebruar<\/div>\n<div>Saari Sildos- 5. m\u00e4rts<\/div>\n<div>Anu Ainsaar- 7. m\u00e4rts<\/div>\n<div>J\u00fcri- Karl Leppik- 13. m\u00e4rts<\/div>\n<div>Ove Liis Mahhov- 24. m\u00e4rts<\/div>\n<div>Taavi Kalle Kiisler- 28. m\u00e4rts<\/div>\n<div>Diana Selju\u0161kin- 31. m\u00e4rts<\/div>\n<div>Ketlin Peterson- 25. aprill<\/div>\n<div>Kaarel P\u00f5ldemaa- 26. aprill<\/div>\n<div>Kaspar Orasm\u00e4e- 30. aprill<\/div>\n<div>Britt Ingeborg Loom\u00e4gi- 4. mai<\/div>\n<div>Oliver Simpson- 9. mai<\/div>\n<div>Karl V\u00e4lja- 24. mai<\/div>\n<div>Rasmus Kurgp\u00f5ld- 30. mai<\/div>\n<div>Erik Tamre- 10. juuni<\/div>\n<div>Marge Maidla- 21. juuni<\/div>\n<div>Mattias Karu- 7. juuli<\/div>\n<div>Oskar Kaldvee- 8. juuli<\/div>\n<div>Kerstin Joandi- 5. august<\/div>\n<div>Heilike Toming- 5. august<\/div>\n<div>Mark Kristian K\u00fcttim- 13. august<\/div>\n<div>Anna Trine Raudsepp- 14. august<\/div>\n<div>Carolyn\u00a0Lizbeth Einmann- 16. august<\/div>\n<div>Leo Kristopher Piel- 17. september<\/div>\n<div>Merilin Laars- 25. september<\/div>\n<div>M\u00e4rt Rannap- 3. oktoober<\/div>\n<div>Laura Maasik- 5. oktoober<\/div>\n<div>Hans Vellama- 5. oktoober<\/div>\n<div>Katre Metsvahi- 7. oktoober<\/div>\n<div>Kristjan Jalakas- 18. oktoober<\/div>\n<div>Anna Grete Paalberg- 8. november<\/div>\n<div>Elisa Sein- 15. detsember<\/div>\n<div>Anna- Helena Saarso- 21. detsember<\/div>\n<p style=\"margin-bottom: 0cm;line-height: 150%\"><span style=\"font-family: Arial, sans-serif\"> <\/span><\/p>\n","protected":false},"excerpt":{"rendered":"<p>Ann Hargi- 14. jaanuar Kristjan J\u00fcrisoo- 22. jaanuar Roberth Kulbin- 24. jaanuar Tuuli Pungas- 11. veebruar Kuldar Rosenberg- 28. veebruar Saari Sildos- 5. m\u00e4rts Anu Ainsaar- 7. m\u00e4rts J\u00fcri- Karl Leppik- 13. m\u00e4rts Ove Liis Mahhov- 24. m\u00e4rts Taavi Kalle Kiisler- 28. m\u00e4rts Diana Selju\u0161kin- 31. m\u00e4rts Ketlin Peterson- 25. aprill Kaarel P\u00f5ldemaa- 26. aprill [&hellip;]<\/p>\n","protected":false},"author":1,"featured_media":0,"parent":0,"menu_order":0,"comment_status":"closed","ping_status":"open","template":"","meta":{"footnotes":""},"class_list":["post-29","page","type-page","status-publish","hentry"],"_links":{"self":[{"href":"https:\/\/www.real.edu.ee\/ajaveeb\/arh127b\/wp-json\/wp\/v2\/pages\/29","targetHints":{"allow":["GET"]}}],"collection":[{"href":"https:\/\/www.real.edu.ee\/ajaveeb\/arh127b\/wp-json\/wp\/v2\/pages"}],"about":[{"href":"https:\/\/www.real.edu.ee\/ajaveeb\/arh127b\/wp-json\/wp\/v2\/types\/page"}],"author":[{"embeddable":true,"href":"https:\/\/www.real.edu.ee\/ajaveeb\/arh127b\/wp-json\/wp\/v2\/users\/1"}],"replies":[{"embeddable":true,"href":"https:\/\/www.real.edu.ee\/ajaveeb\/arh127b\/wp-json\/wp\/v2\/comments?post=29"}],"version-history":[{"count":0,"href":"https:\/\/www.real.edu.ee\/ajaveeb\/arh127b\/wp-json\/wp\/v2\/pages\/29\/revisions"}],"wp:attachment":[{"href":"https:\/\/www.real.edu.ee\/ajaveeb\/arh127b\/wp-json\/wp\/v2\/media?parent=29"}],"curies":[{"name":"wp","href":"https:\/\/api.w.org\/{rel}","templated":true}]}}