{"id":4,"date":"2008-09-19T12:03:58","date_gmt":"2008-09-19T16:03:58","guid":{"rendered":"http:\/\/www.real.edu.ee\/ajaveeb\/126b\/?page_id=2"},"modified":"2008-09-19T12:03:58","modified_gmt":"2008-09-19T16:03:58","slug":"ajaveebist","status":"publish","type":"page","link":"https:\/\/www.real.edu.ee\/ajaveeb\/arh126b\/ajaveebist\/","title":{"rendered":"Huumor"},"content":{"rendered":"<p>Ahuna: Ei, me istume siin kaua. Nii kaua kuni pimedaks l\u00e4heb. Mul aega on.<br \/>\n\u00d5pilane: Aga 21 \u00f5pilast peavad matemaatika j\u00e4relt\u00f6\u00f6sse minema.<br \/>\nAhuna: No siis istumine seni kaua kuni Aita Ottson teid otsima tuleb. See v\u00f5tab ikka tal k\u00f5vasti aega, enne kui ta otsima teid tuleb.<\/p>\n<p>***<\/p>\n<p>\u00d5pilane: Aga kui v\u00e4lja ei lasta, kuidas Teie siis v\u00e4lja saate?<br \/>\nTairi: See veel puuduks, et olen l\u00f5petanud \u00fclikooli, t\u00f6\u00f6tan miinimumpalgaga selle ahvikarjaga ja siis ka suitsul ei v\u00f5iks k\u00e4ia.<\/p>\n<p>***<\/p>\n<p>Mals: &#8220;Nii, m\u00f5ni minut kordamist ja siis hakkame kahtesid laduma!&#8221;<\/p>\n<p>***<\/p>\n<p>Reimann:&#8221;Vaatab neeger peeglisse, paistab must kui \u00f6\u00f6. Peegel v\u00e4rvi ei muuda, see ei ole tema t\u00f6\u00f6.&#8221;<\/p>\n<p>***<\/p>\n<p>Ahuna:&#8221;Mis revolutsioon seal Prantsusmaal veel oli?&#8221;<\/p>\n<p>***<\/p>\n<p>Piret Otsa: Pandi alla infostendile plakati k\u00f5rvale suur k\u00e4rakas maha.<\/p>\n<p>***<\/p>\n<p>Ahuna: Te vanemad ei teagi, et te energiajooke joote.<br \/>\nAhuna: Sellep\u00e4rast te sellised napakad oletegi, et te lastena energiajooke tarbinud.<br \/>\nAhuna: Ma kallan selle \u00e4ra.<br \/>\n(Edward on hiljem sunnitud \u00e4ra kandma)<\/p>\n<p>***<\/p>\n<p>Mals: Ainuke asi, mida ma n\u00f5ukogude ajast kahetsen, on see, et ei j\u00f5udnud Siberis \u00e4ra k\u00e4ia.<\/p>\n<p>***<\/p>\n<p>Ottson: &#8220;Mis mulle tundmatu, see k\u00f5ik on t\u00fchine!&#8221;<\/p>\n<p>***<\/p>\n<p>Ottson: Miks sul lollused \u00fcle m\u00f5istuse k\u00e4ivad?<\/p>\n<p>***<\/p>\n<p>Mathias hilineb esimese septembri klassijuhataja tundi 45 minutit<br \/>\nMathias: Vabandust, et hilinesin.<br \/>\nAhuna: Miks?<br \/>\nMathias: Magus uni (\u00fctles segaselt, ilmselgelt veel unes)<br \/>\nAhuna: Misasja?<br \/>\nMathias: Magus uni<br \/>\nAhuna: Mida??<br \/>\nNorma (klassi tagant): Onu s\u00fcnnip\u00e4ev (mis tegelikult k\u00f5las \u00fcsna analoogselt tol hetkel)<\/p>\n<p>***<\/p>\n<p>Norma hilineb esimese septembri klassijuhataja tundi 40 minutit<br \/>\nNorma: Palun vabandust, et ma hilinesin.<br \/>\nAhuna: Miks sa hilinesid?<br \/>\nNorma: Ma tulin bussiga, aga ma t\u00f5in teile viinaga \u0161okolaadikomme.<br \/>\nAhunalik n\u00e4gu (1)<br \/>\nNorma: Need on tegelikult viina-rummi \u0161okolaadikommid.<br \/>\nAhunalik n\u00e4gu (2)<\/p>\n<p>***<\/p>\n<p>Otsman: Mis on eelsperma?<br \/>\nOtsman: Eelm\u00e4ngu ajal v\u00f5i..?<\/p>\n<p>***<\/p>\n<p>Ottson: L\u00f5petage j\u00f5nksimine. Asjalikkust on siin alati olnud.<\/p>\n<p>***<\/p>\n<p>Volli: teeme, et a=x<br \/>\nOttson: mis vahet sel on, kas a v\u00f5i x<br \/>\nVolli: ei, 2x=a<br \/>\nOttson: V\u00f5tame kolmanda muutuja ka?<br \/>\nVolli: aga&#8230;<br \/>\nOttson: Me k\u00f5ik oleme tegijad, aga tule maapeale<br \/>\nVolli: &#8230;<br \/>\nAita: kuula mind! Sa teed seal oma asju.<\/p>\n<p>***<\/p>\n<p>Reimann: Kas sin v\u00f5i cos?<br \/>\nLauri: Tangens!<\/p>\n<p>***<\/p>\n<p>Volli: Tahaksid aatomkiirendit garaa\u017ei?<\/p>\n<p>***<\/p>\n<p>Edward: Tegime seda eelmine aasta, a tulemust ei m\u00e4leta<br \/>\nReimann: Joo v\u00e4hem!<\/p>\n<p>***<\/p>\n<p>Brus: l\u00f5uad pidada, edasi k\u00fclvata!<\/p>\n<p>***<\/p>\n<p>Edward: \u00d6elge midagi<br \/>\nReimann: Ma ei viitsi idiootidega &#8230;<\/p>\n<p>***<\/p>\n<p>Matthew: Do you like coffee?<br \/>\nJoosep N: Bananas<br \/>\n(5 sekundit hiljem)<br \/>\nJoosep N: and coffee.<\/p>\n<p>***<\/p>\n<p>Kangro: Naftast v\u00f5ime sellise koguse k\u00e4rakat toota, et.. oi-oi-oi<\/p>\n<p>***<\/p>\n<p>Volli: Ts\u00fckkel<br \/>\nKangro: Mitu n\u00e4dalat?<\/p>\n<p>***<\/p>\n<p>Kangro: Tarvas ja Taza. Taza ja Tarvas. Sellest saaks luuletuse teha.<\/p>\n<p>***<\/p>\n<p>Kangro: K\u00e4i. \u00d5pi l\u00f5puks see selili ujumine \u00e4ra.<\/p>\n<p>***<br \/>\n(Hook toksib pastakaga vihikut, tempokalt)<br \/>\nKangro: \u00c4ra toksi nii palju, sa oled nagu n\u00e4rvihaige.<\/p>\n<p>**<\/p>\n<p>Lauri: &#8221; Kas \u00f6eldakse T\u0161Ernob\u00f5l v\u00f5i T\u0161ernOb\u00f5l?&#8221;<br \/>\nOleg:&#8221; T\u0160EE!&#8221;<\/p>\n<p>**<\/p>\n<p>Karu:&#8221; No karta on, et vanainimesed surevad!&#8221;<br \/>\nKalle:&#8221; \u00c4rge kartke!&#8221;<\/p>\n<p>**<\/p>\n<p>Ahuna Kallele:&#8221;Kas sa \u00fcldse tahad siin tunnis olla? Mine \u00e4ra, kui ei taha! Ongi \u00f5hku rohkem!&#8221;<\/p>\n<p>**<\/p>\n<p>E.Viil:&#8221; When do you use past simple, Reet?&#8221;<br \/>\nReet:&#8221; When I talk about the past&#8230;Simply.&#8221;<\/p>\n<p>**<\/p>\n<p>Karu:&#8221; Globaliseerumise tulemusel keel \u00fchtsustub. Esialgu r\u00e4\u00e4gitakse inglise, siis hiina keelt.<br \/>\nKlass:&#8221;&#8230;ja siis l\u00e4ti&#8230;&#8221;<\/p>\n<p>**<\/p>\n<p>Elari seletus &#8221;stopover&#8221;ile &#8211; to have a burger.<br \/>\nVolli:&#8221; We couldn&#8217;t get a direct flight back home. We had a burger in Rome and changed planes.<\/p>\n<p>**<br \/>\nElari:&#8221;Kas te arvate, et te elate agulis?&#8221;<br \/>\nKaru:&#8221;Jah,arvan k\u00fcll.&#8221;<br \/>\nJoosep:&#8221;K\u00fcll te v\u00e4lja saate!&#8221;<br \/>\n**<br \/>\n(REK-i koosolekul r\u00e4\u00e4kisime ajalehe teemal ja tsitaatide nappusest)<br \/>\nPiret J\u00e4rvela: Alustame tagumikust!<br \/>\nElari: Oi, me saime uue tsitaadi<br \/>\nPiret J\u00e4rvela: Ole vait, Elari<\/p>\n<p>**<\/p>\n<p>Eviil: So there were 4-s so it couldn&#8217;t be a hard task.<br \/>\nElari: There weren&#8217;t any 5s?<br \/>\nEviil: No. There were not.<\/p>\n<p>**<\/p>\n<p>Harjutasime kehalises v\u00f5rkpalli servi.<br \/>\nKuusk:&#8221; Ja Gertrud, mis oli esimene reegel? &#8221;<br \/>\nGertrud:&#8221;Anname veel \u00fche v\u00f5imaluse!&#8221;<br \/>\n**<br \/>\nHook:&#8221; Onju 0-ga jagades saab l\u00f5pmatuse ?!&#8221;<br \/>\nReimann:&#8221; 0-ga ei saa jagada.&#8221;<br \/>\nHook:&#8221; Saab k\u00fcll, lihtsalt keegi ei julge! &#8221;<br \/>\n**<br \/>\nReimann: &#8221; 20 minuti p\u00e4rast k\u00fcsin Kallelt hindelist vastust. Ja sportlaselt ja klaverim\u00e4ngijalt ka. Joodikud j\u00e4tame t\u00e4na m\u00e4ngust v\u00e4lja.&#8221;<\/p>\n<p>**<br \/>\nAhuna: &#8221; Kuulge ausalt \u00f6eldes te ei ole normaalsed! &#8221;<\/p>\n<p>**<\/p>\n<p>(inglise keele tund, Norma loeb \u00fclesannet)<br \/>\nNorma: *ohkab* I&#8217;m tired&#8230; Can anyone else read the rest of this exercise?<\/p>\n<p>**<\/p>\n<p>Ahuna:&#8221; Ei tasu p\u00e4rleid sigade ette visata.&#8221;<br \/>\nKalle:&#8221; Me oleme p\u00e4rlid, aga kust te need sead v\u00f5tate ? &#8221;<\/p>\n<p>**<\/p>\n<p>Uutele ajaloo \u00f5pikutele j\u00e4rgi minnes ning oma nime esitades.<\/p>\n<p>Joosep:\u201dTere, nagu kook, aga h&#8217;ga\u201d<br \/>\nFrederik:\u201dNagu roos, aga \u00fche o asemel on s . \u201d<\/p>\n<p>**<\/p>\n<p>Kalle:&#8221;\u00d5petaja, kas te Superstaari saadet vaatasite?&#8221;<br \/>\nKaru:&#8221;Ei&#8221;<br \/>\nKalle:&#8221;Miks??&#8221;<br \/>\nKaru:&#8221; Ma ei tea, ma elan Kalamajas&#8221;<\/p>\n<p>**<\/p>\n<p>(p\u00e4rast uue teema v\u00f5tmist, esimese pika \u00fclesande lahti seletamisel)<br \/>\nReimann:&#8221; On ju p\u00f5nev?! &#8221;<br \/>\n\u00d5pilased:&#8221; Jaaaa&#8230;.. &#8221; (eufooriliselt)<\/p>\n<p>**<\/p>\n<p>Hook:&#8221; Ma siin m\u00f5tlesin.. &#8221;<br \/>\nAhuna:&#8221; M\u00f5tle vaikselt! &#8221;<\/p>\n<p>**<\/p>\n<p>Ivo: &#8221; T\u0161ai. See on ainuke s\u00f5na mida ma oskan. &#8221;<\/p>\n<p>**<\/p>\n<p>Reimann: &#8221; Tennisekohtunik, \u00f5pi ka! &#8221;<\/p>\n<p>**<\/p>\n<p>Elari:&#8221; Tere! Palun vabandust, et tundi hilinesin! Ma k\u00e4isin s\u00f6\u00f6mas, p\u00e4ris hea toit oli. &#8221;<br \/>\nMals:&#8221; Ma teadsin, et ta tuleb! Ma \u00fctlesin, et see on traditsioon, et sa astud p\u00e4rast kella sisse. &#8221;<\/p>\n<p>**<\/p>\n<p>Reimann:&#8221; Ja ma r\u00f5hutan, et kahe n\u00e4dala jooksul tuleb j\u00e4relt\u00f6\u00f6d \u00e4ra teha&#8230;. no v\u00f5ibolla kolme..&#8221;<\/p>\n<p>**<\/p>\n<p>J\u00e4rvela:&#8221; T\u00e4hestiku esimene t\u00e4ht on &#8221; F&#8221; , niiet Fredi , alusta palun.&#8221;<\/p>\n<p>**<\/p>\n<p>Karu:&#8221; Kui teil on valida, kas te l\u00e4hete Himaalajasse s\u00fcgisel v\u00f5i kevadel, siis minge n\u00e4iteks detsembris.&#8221;<\/p>\n<p>**<\/p>\n<p>Joosep:&#8221; \u00d5petaja, kas ma v\u00f5in teie kalkulaatorit kasutada?&#8221;*<br \/>\nReimann:&#8221; Millega ma siis ise arvutan? Ma ei ole Kadi-Liis Saar.&#8221;<br \/>\nklass naerab<br \/>\nReimann:&#8221; 1-0 minu kasuks &#8221;<\/p>\n<p>**<\/p>\n<p>Polma: &#8221; Sina oled nagu siuke&#8230;playboy! Mis su nimi on ? &#8221; &#8230; Janer.<\/p>\n<p>**<\/p>\n<p>Olspert:&#8221; When do you feel astonished? &#8221;<br \/>\nEdward:&#8221; I feel astonished, when Ivo understands, what&#8217;s going on&#8221;<\/p>\n<p>**<\/p>\n<p>Kangro:&#8221; Siis saamegi siukse kuju(elektronpaari \u00fchinemisel)&#8221;<br \/>\nKalle:&#8221; India p\u00e4hkel ! &#8221;<br \/>\nKangro:&#8221; S\u00fcnge v\u00e4rk.. jah&#8221;<\/p>\n<p>**<\/p>\n<p>Ahuna:&#8221; Mis oli Trooja s\u00f5ja p\u00f5hjuseks ? &#8221;<br \/>\nIvo:&#8221; Hobune!&#8221;<\/p>\n<p>**<\/p>\n<p>J\u00e4rvela:&#8221; M\u00f5nikord meil on imelikud m\u00f5tted, n\u00e4iteks leib on saia mees. N\u00fc\u00fcd \u00f6elge, mis eile esimene v\u00f5imalik s\u00f5na, mis teise s\u00f5naga meelde tuleb: t\u00fctar &#8211; poeg, vihm &#8211; lumi, leib&#8230;&#8221;<br \/>\nKalle:&#8221; Mees!&#8221;<\/p>\n<p>**<\/p>\n<p>J\u00e4rvela:&#8221; Eesti keel on foneetiline keel &#8211; kui me kirjutame &#8221;aa&#8221;, siis h\u00e4\u00e4ldame &#8221; aa&#8221; ja kui me kirjutame &#8221; k &#8221; ,siis h\u00e4\u00e4ldame &#8221; kana&#8221;.<\/p>\n<p>**<\/p>\n<p>Reimann:&#8221; Mida kaugemal on, seda suurem on Kalle.&#8221;<\/p>\n<p>**<\/p>\n<p>Edward:&#8221;Kes meist see oss on? &#8221;<br \/>\nTairi:&#8221; Ross \u00fctlesin.&#8221;<\/p>\n<p>**<\/p>\n<p>Polma:&#8221; Milliste liikideta elada ei saa ? &#8221;<br \/>\nHook:&#8221; Naised!&#8221;<br \/>\nPolma:&#8221; M\u00f5te l\u00e4ks korra naiste p\u00e4rast \u00e4ra&#8230;&#8221;<\/p>\n<p>**<\/p>\n<p>Polma:&#8221; Mis paneb hirmsasti jooksma ?&#8221;<br \/>\nHook:&#8221; Abielu!&#8221;<\/p>\n<p>**<\/p>\n<p>Olspert:&#8221; She looked floorless.. Mida see t\u00e4hendab p\u00f5randata ? &#8221;<br \/>\nNorma:&#8221; K\u00f5ht on lahti.&#8221;<\/p>\n<p>**<\/p>\n<p>Tahvlil:<\/p>\n<p><img loading=\"lazy\" decoding=\"async\" class=\"alignnone size-full wp-image-137\" title=\"tahvel\" src=\"http:\/\/www.real.edu.ee\/ajaveeb\/arh126b\/files\/2008\/09\/tahvel.jpg\" alt=\"tahvel\" width=\"117\" height=\"28\" \/><\/p>\n<p>Edward:&#8221; Aga mis see h\u00fctt seal on? &#8221;<\/p>\n<p>**<\/p>\n<p>Mals:&#8221; Ei ole ilus naerda teise \u00f5nnetuse \u00fcle!&#8221; Hakkab naerma.<\/p>\n<p>**<\/p>\n<p>Ajaloo tunnis r\u00e4\u00e4gitakse Indiast.<br \/>\nAhuna:&#8221; No minu hariduses on ju ka see puudu, et ma pole \u00f5ppinud&#8230;no mida ?&#8221;<br \/>\nNorma:&#8221; Ajalugu.&#8221;<\/p>\n<p>**<\/p>\n<p>Karu:&#8221; Nii, Sigrid! &#8230; Ei ole Sigrid? Nii , Gertrud! &#8221;<\/p>\n<p>**<\/p>\n<p>Janer kutsus Ottsoni, et k\u00fcsida, mis lehek\u00fcljel on radiaani m\u00f5iste.<br \/>\nOttson:&#8221; Sul on kodus neeger v\u00f5i?&#8221;<\/p>\n<p>**<\/p>\n<p>Edward:&#8221; What dangers can be found in the kitchen, that can cause accidents?&#8221;<br \/>\nHook:&#8221;My mom.&#8221;<\/p>\n<p>**<\/p>\n<p>Elari:&#8221; Omadega ei pl\u00f5ksita!&#8221;<br \/>\nJ\u00e4rvela:&#8221; Jaa, situ pihku, prill!&#8221;<\/p>\n","protected":false},"excerpt":{"rendered":"<p>Ahuna: Ei, me istume siin kaua. Nii kaua kuni pimedaks l\u00e4heb. Mul aega on. \u00d5pilane: Aga 21 \u00f5pilast peavad matemaatika j\u00e4relt\u00f6\u00f6sse minema. Ahuna: No siis istumine seni kaua kuni Aita Ottson teid otsima tuleb. See v\u00f5tab ikka tal k\u00f5vasti aega, enne kui ta otsima teid tuleb. *** \u00d5pilane: Aga kui v\u00e4lja ei lasta, kuidas Teie [&hellip;]<\/p>\n","protected":false},"author":1,"featured_media":0,"parent":0,"menu_order":0,"comment_status":"open","ping_status":"open","template":"","meta":{"footnotes":""},"class_list":["post-4","page","type-page","status-publish","hentry"],"_links":{"self":[{"href":"https:\/\/www.real.edu.ee\/ajaveeb\/arh126b\/wp-json\/wp\/v2\/pages\/4","targetHints":{"allow":["GET"]}}],"collection":[{"href":"https:\/\/www.real.edu.ee\/ajaveeb\/arh126b\/wp-json\/wp\/v2\/pages"}],"about":[{"href":"https:\/\/www.real.edu.ee\/ajaveeb\/arh126b\/wp-json\/wp\/v2\/types\/page"}],"author":[{"embeddable":true,"href":"https:\/\/www.real.edu.ee\/ajaveeb\/arh126b\/wp-json\/wp\/v2\/users\/1"}],"replies":[{"embeddable":true,"href":"https:\/\/www.real.edu.ee\/ajaveeb\/arh126b\/wp-json\/wp\/v2\/comments?post=4"}],"version-history":[{"count":0,"href":"https:\/\/www.real.edu.ee\/ajaveeb\/arh126b\/wp-json\/wp\/v2\/pages\/4\/revisions"}],"wp:attachment":[{"href":"https:\/\/www.real.edu.ee\/ajaveeb\/arh126b\/wp-json\/wp\/v2\/media?parent=4"}],"curies":[{"name":"wp","href":"https:\/\/api.w.org\/{rel}","templated":true}]}}