{"id":520,"date":"2009-11-29T00:39:36","date_gmt":"2009-11-28T22:39:36","guid":{"rendered":"http:\/\/www.real.edu.ee\/ajaveeb\/126a\/?page_id=520"},"modified":"2009-11-29T00:39:36","modified_gmt":"2009-11-28T22:39:36","slug":"leiud-pooningult","status":"publish","type":"page","link":"https:\/\/www.real.edu.ee\/ajaveeb\/arh126a\/leiud-pooningult\/","title":{"rendered":"Leiukast"},"content":{"rendered":"<p><strong><br \/>\n<\/strong><br \/>\n<span style=\"text-decoration: underline\">Meist meedias:<\/span><\/p>\n<p><img loading=\"lazy\" decoding=\"async\" class=\"alignright size-full wp-image-523\" title=\"Mari_postimehes\" src=\"http:\/\/www.real.edu.ee\/ajaveeb\/arh126a\/files\/2009\/11\/120466t40h0345.jpg\" alt=\"Mari_postimehes\" width=\"200\" height=\"200\" srcset=\"https:\/\/www.real.edu.ee\/ajaveeb\/arh126a\/files\/2009\/11\/120466t40h0345.jpg 200w, https:\/\/www.real.edu.ee\/ajaveeb\/arh126a\/files\/2009\/11\/120466t40h0345-150x150.jpg 150w\" sizes=\"auto, (max-width: 200px) 100vw, 200px\" \/><\/p>\n<p>Artikkel Postimehes &#8211; Kohus: g\u00fcmnasistid selgugu katseteta<br \/>\n<a href=\"http:\/\/www.postimees.ee\/?id=71845\">Meil k\u00e4is k\u00fclas Postimees<\/a><\/p>\n<p>Artikkel Postimehes &#8211; Linn kavandab andekatele \u00f5pilastele teadmiste keskust<br \/>\n<a href=\"http:\/\/www.tallinnapostimees.ee\/?id=120538\">Reaalkool1<\/a><\/p>\n<p><strong><br \/>\n<\/strong><br \/>\nVaata ka: <a href=\"http:\/\/rp.real.edu.ee\/?page_id=4\">Reaali poiss<\/a><\/p>\n<p><strong><br \/>\n<\/strong><br \/>\n<span style=\"text-decoration: underline\">Filmil\u00f5igud:<\/span><\/p>\n<p>Rebased Tallinna Reaalkoolis &#8211; Kontor<br \/>\n<a href=\"http:\/\/www.youtube.com\/watch?v=U6RQbgXXdhA&amp;feature=player_embedded\">Rebased<\/a><\/p>\n<p>Ps\u00fchholoogia film<br \/>\n<a href=\"http:\/\/www.youtube.com\/watch?v=t1G6NJ3P-JY\">Reaktsioonid<\/a><\/p>\n<p>Kes see andekas oli, kes seda filmis? Igatahes, n\u00fc\u00fcd saate meie loomingut ilusti vaadata =D<br \/>\n<a href=\"http:\/\/www.youtube.com\/watch?v=4NGcn5u4RoU&amp;feature=player_embedded\">11A s\u00f5rmuste n\u00e4idend<\/a><\/p>\n<p>Poleks oodanudki, jah? \ud83d\ude1b<\/p>\n","protected":false},"excerpt":{"rendered":"<p>Meist meedias: Artikkel Postimehes &#8211; Kohus: g\u00fcmnasistid selgugu katseteta Meil k\u00e4is k\u00fclas Postimees Artikkel Postimehes &#8211; Linn kavandab andekatele \u00f5pilastele teadmiste keskust Reaalkool1 Vaata ka: Reaali poiss Filmil\u00f5igud: Rebased Tallinna Reaalkoolis &#8211; Kontor Rebased Ps\u00fchholoogia film Reaktsioonid Kes see andekas oli, kes seda filmis? Igatahes, n\u00fc\u00fcd saate meie loomingut ilusti vaadata =D 11A s\u00f5rmuste n\u00e4idend [&hellip;]<\/p>\n","protected":false},"author":1,"featured_media":0,"parent":0,"menu_order":0,"comment_status":"open","ping_status":"open","template":"","meta":{"footnotes":""},"class_list":["post-520","page","type-page","status-publish","hentry"],"_links":{"self":[{"href":"https:\/\/www.real.edu.ee\/ajaveeb\/arh126a\/wp-json\/wp\/v2\/pages\/520","targetHints":{"allow":["GET"]}}],"collection":[{"href":"https:\/\/www.real.edu.ee\/ajaveeb\/arh126a\/wp-json\/wp\/v2\/pages"}],"about":[{"href":"https:\/\/www.real.edu.ee\/ajaveeb\/arh126a\/wp-json\/wp\/v2\/types\/page"}],"author":[{"embeddable":true,"href":"https:\/\/www.real.edu.ee\/ajaveeb\/arh126a\/wp-json\/wp\/v2\/users\/1"}],"replies":[{"embeddable":true,"href":"https:\/\/www.real.edu.ee\/ajaveeb\/arh126a\/wp-json\/wp\/v2\/comments?post=520"}],"version-history":[{"count":0,"href":"https:\/\/www.real.edu.ee\/ajaveeb\/arh126a\/wp-json\/wp\/v2\/pages\/520\/revisions"}],"wp:attachment":[{"href":"https:\/\/www.real.edu.ee\/ajaveeb\/arh126a\/wp-json\/wp\/v2\/media?parent=520"}],"curies":[{"name":"wp","href":"https:\/\/api.w.org\/{rel}","templated":true}]}}