{"id":216,"date":"2008-09-09T13:53:12","date_gmt":"2008-09-09T17:53:12","guid":{"rendered":"http:\/\/www.real.edu.ee\/ajaveeb\/126a\/?page_id=2"},"modified":"2008-09-09T13:53:12","modified_gmt":"2008-09-09T17:53:12","slug":"ajaveebist","status":"publish","type":"page","link":"https:\/\/www.real.edu.ee\/ajaveeb\/arh126a\/ajaveebist\/","title":{"rendered":"Meist"},"content":{"rendered":"<div class=\"mceTemp mceIEcenter\" style=\"text-align: right\">\n<dl id=\"attachment_606\" class=\"wp-caption aligncenter\" style=\"width: 491px\">\n<dt class=\"wp-caption-dt\"><img loading=\"lazy\" decoding=\"async\" class=\"size-large wp-image-606        \" title=\"11A klass 2009\/2010\" src=\"http:\/\/www.real.edu.ee\/ajaveeb\/arh126a\/files\/2008\/09\/11A_2009-2010.\u00f5a-1024x680.jpg\" alt=\"11A klass 2009\/2010\" width=\"481\" height=\"322\" \/><\/dt>\n<dd class=\"wp-caption-dd\">11A klass 2009\/2010<\/dd>\n<\/dl>\n<\/div>\n<p style=\"text-align: right\"><strong><br \/>\n<\/strong><\/p>\n<div class=\"mceTemp mceIEcenter\" style=\"text-align: right\">\n<dl id=\"attachment_105\" class=\"wp-caption aligncenter\" style=\"width: 250px\">\n<dt class=\"wp-caption-dt\"><a href=\"http:\/\/www.real.edu.ee\/ajaveeb\/arh126a\/files\/2009\/03\/10a.jpg\"><img loading=\"lazy\" decoding=\"async\" class=\"size-medium wp-image-105  \" title=\"10A 2008\/2009\" src=\"http:\/\/www.real.edu.ee\/ajaveeb\/arh126a\/files\/2009\/03\/10a-300x186.jpg\" alt=\"\" width=\"240\" height=\"149\" srcset=\"https:\/\/www.real.edu.ee\/ajaveeb\/arh126a\/files\/2009\/03\/10a-300x186.jpg 300w, https:\/\/www.real.edu.ee\/ajaveeb\/arh126a\/files\/2009\/03\/10a.jpg 800w\" sizes=\"auto, (max-width: 240px) 100vw, 240px\" \/><\/a><\/dt>\n<dd class=\"wp-caption-dd\">10A klass 2008\/2009<\/dd>\n<\/dl>\n<\/div>\n<p style=\"text-align: right\">\n<p style=\"text-align: right\">\n<p style=\"text-align: right\"><img decoding=\"async\" src=\"\/DOCUME~1\/Villu\/LOCALS~1\/Temp\/moz-screenshot-1.jpg\" alt=\"\" \/><strong> <\/strong><\/p>\n<p style=\"text-align: right\">\n<p style=\"text-align: right\">\n<p style=\"text-align: right\">\n<p style=\"text-align: right\">\n<p style=\"text-align: right\">\n<p style=\"text-align: right\">\n<p style=\"text-align: right\">\n<p style=\"text-align: right\">\n<p style=\"text-align: right\">\n<p style=\"text-align: right\"><strong><br \/>\n<\/strong><br \/>\n<strong><br \/>\n<\/strong><\/p>\n<p style=\"text-align: left\"><strong>Ann Elism\u00e4e<\/strong><br \/>\nV\u00e4ike, r\u00f5\u00f5msameelne ja s\u00e4ravate<br \/>\nsilmadega t\u00fcdruk. Kohati esinev<br \/>\njuhe ei ole kindlasti miinus, lihtsalt<br \/>\nnaljakas. V\u00e4ike p\u00e4ike igas p\u00e4evas.<br \/>\n<strong><br \/>\n<\/strong>Kas esimene burger aastal 2009 j\u00e4\u00e4b ka viimaseks?<\/p>\n<p style=\"text-align: right\"><strong>Henri Erilaid<\/strong><br \/>\nV\u00e4ga avatud poiss, kes ei karda teistest<br \/>\nerineda. Ta on aus ja otsekohene,<br \/>\nv\u00e4ga tark ning vallatu pilguga vallatu<br \/>\nnoormees. HAHAHAHAHA.<\/p>\n<p style=\"text-align: right\">Kus ta on?<\/p>\n<p style=\"text-align: right\"><strong> <\/strong><\/p>\n<p style=\"text-align: left\"><strong><strong>Selene Marieta Gnadenteich<\/strong><br \/>\n<\/strong>Kui Selene naeratab, on tunda, kuidas<br \/>\nkogu tuba t\u00e4itub soojusega. Tuleb t\u00e4nada<br \/>\n\u00f5nne, et meie klassis on nii abivalmis<br \/>\nhing kui Selene. Spordit\u00fcdruk.<\/p>\n<p style=\"text-align: left\">Kas ta on esimene Olegi sekret\u00e4r, kes ulatab projektoriekraani alla t\u00f5mbama?<\/p>\n<p style=\"text-align: right\"><strong><strong>Sander Hermet<\/strong><br \/>\n<\/strong>Laululembene m\u00f5nus m\u00f5mmi, kelle<br \/>\nm\u00f5ttev\u00e4lgatused panevad iga\u00fche muigama.<br \/>\n\u201cH\u00e4bi\u201d ning \u201ctagasihoidlikkus\u201d<br \/>\non talle v\u00f5\u00f5rad s\u00f5nad. MEIE ISSI!<\/p>\n<p style=\"text-align: right\">Mis ta taskulambi sees on?<\/p>\n<p style=\"text-align: left\"><strong>Markus\u2013Eerik Horma<\/strong><br \/>\nHarilikult n\u00e4eb asju universumi teisest otsast<br \/>\n(siis kui ta \u00e4rkvel on\u2026), oma l\u00f5busaid arvamusi<br \/>\nei j\u00e4ta enda teada. Tal on palju m\u00f5tteid<br \/>\nja s\u00fcdant, kuigi ta ei n\u00e4ita seda alati v\u00e4lja.<\/p>\n<p style=\"text-align: left\">Wha-wha-wha-wha-what did he say?<\/p>\n<p style=\"text-align: right\"><strong><strong>Janno J\u00f5ulu<\/strong><br \/>\n<\/strong>Jabbo vallutab maailma v\u00e4rvide, entusiasmi,<br \/>\nvillaste sokkide, f\u00fc\u00fcsika, spordi<br \/>\nja vaimustava naeruga! A tricky one.<\/p>\n<p style=\"text-align: right\">Ps\u00fchholoogi poeg, tahtis endale punased prilliraamid osta. Veider?<\/p>\n<p style=\"text-align: left\"><strong><strong>Risto Kaarma<\/strong><br \/>\n<\/strong> Risto on l\u00f5bus ja heatahtlik<br \/>\npoiss, kes leiab igas hetkes<br \/>\npositiivset. Tore klassivend, kelle<br \/>\nmuusikamaitse on lihtsalt parim.<\/p>\n<p>Tal on t\u00fcdruk ja auto. Saab?<\/p>\n<p style=\"text-align: right\"><strong><strong>Maria-Liesbeth Kaitsa<\/strong><br \/>\n<\/strong>T\u00fcdruk nagu m\u00fcstika \u2014 j\u00f5uab k\u00f5ike. Tal on<br \/>\nkindlalt see masin Harry Potterist, millega<br \/>\naega sai keerata. Leiab midagi positiivset<br \/>\nigast situatsioonist. MEIE EMME!<\/p>\n<p style=\"text-align: right\">Mism\u00f5ttes y=x ruudus?<strong> <\/strong><\/p>\n<p style=\"text-align: left\"><strong><strong>Liisa Marie Karolin<\/strong><br \/>\n<\/strong>K\u00f5ige r\u00f5\u00f5msameelsem n\u00e4itlejaplika,<br \/>\nkelle jalgade tatsumist Reaali<br \/>\np\u00f5randaplaadid kunagi tundnud on.<br \/>\nTal on v\u00f5ime igal pool silma paista.<\/p>\n<p>Mis ta seal TAIS teeb?<\/p>\n<p style=\"text-align: right\"><strong><strong>Ivar Kiitam<\/strong><br \/>\n<\/strong>Huvitav ning tark noormees. \u00d5ppimine<br \/>\nja sport \u2014 ainu\u00f5ige eluviis. Ivari seksikad<br \/>\np\u00e4evitustriibud ei j\u00e4ta ka pimedat<br \/>\nt\u00fcdrukut tuimaks. K\u00f5ndiv Google.<\/p>\n<p style=\"text-align: right\">Oota, ta reaalselt kallistas VIIT Tour de France&#8217;i venda?<strong> <\/strong><\/p>\n<p style=\"text-align: left\"><strong><strong>Charlotte Krippendorf-Baumann<\/strong><br \/>\n<\/strong>Meie vahetus\u00f5pilane, kes \u00f5pib<br \/>\nusinalt eesti keelt. Charly naerab<br \/>\npalju, on armas, p\u00e4ikeseline, positiivne,<br \/>\nomamoodi ja v\u00e4ga hea suhtleja.<\/p>\n<p style=\"text-align: right\"><strong><strong>Jasper Kursk<\/strong><br \/>\n<\/strong>\u00dcsna vaikne, kuid tunnis suuliselt<br \/>\nvastates v\u00f5ib kuulda m\u00f5ndagi huvitavat.<br \/>\n\u00dcldiselt s\u00f5bralik ja huvitava jutuga<br \/>\nklassivend, kes k\u00f5igile ennast ei ava.<\/p>\n<p style=\"text-align: right\">Kas ta t\u00fcdineb kunagi oma numbriprogrammist?<\/p>\n<p style=\"text-align: left\"><strong><strong>Tony Lepmets<\/strong><br \/>\n<\/strong>Huvitub eelk\u00f5ige filosoofi ast ja<br \/>\nm\u00f5tlemisest. Omap\u00e4rase olemisega,<br \/>\nkahjuks veidi vaiksev\u00f5itu. Ebareaalselt<br \/>\nrahulik, kannatlik ja tasakaalukas.<\/p>\n<p>D&#8217;ou vient ce bruit?<\/p>\n<p style=\"text-align: right\"><strong><strong>Helen Liis<\/strong><br \/>\n<\/strong>M\u00fcstika! Stiilne keemik ja f\u00fc\u00fcsik.<br \/>\nHelen on palju julgem, kui ta<br \/>\nv\u00e4lja n\u00e4itab, temaga ei ole jutul<br \/>\notsa ega \u00e4\u00e4rt. One in a million.<\/p>\n<p style=\"text-align: right\">Helen? Liis? Kumb siis?<strong> <\/strong><\/p>\n<p style=\"text-align: left\"><strong><strong>Maria Meos<\/strong><br \/>\n<\/strong>Ilus, armsa naeratusega t\u00fcdruk, kes<br \/>\njulgeb erineda. Kolm asja, milleta<br \/>\nta elada arvatavasti ei suudaks, on<br \/>\nlumelaud, red bull ja lumi.<\/p>\n<p>Mis seal Kuutsekal erilist on?<\/p>\n<p style=\"text-align: right\"><strong><strong>Regina Metsallik<\/strong><br \/>\n<\/strong>Elavaloomuline, v\u00f5ib keset koridori<br \/>\noma tantsukavasid esitada. Hea<br \/>\nv\u00e4ljendusoskuse ja kirjaandega t\u00fcdruk.<br \/>\nSuudab olla seotud k\u00f5igi ja k\u00f5igega.<\/p>\n<p style=\"text-align: left\"><strong><strong>Henri Molloka<\/strong><br \/>\n<\/strong>Tartlane \u00f5petab tallinlastele elu.<br \/>\nTal on alati midagi tabavat \u00f6elda<br \/>\nning vaidluses ta alla ei j\u00e4\u00e4.<\/p>\n<p>K\u00f5ps, k\u00f5ps, k\u00f5ps&#8230; kes tuleb?<\/p>\n<p style=\"text-align: right\"><strong><strong>Mari M\u00e4gi<\/strong><br \/>\n<\/strong> M\u00f5nus kompott l\u00f5putust naermisest,<br \/>\n\u0161okolaadihullusest, aktiivsusest ja murelikkusest.<br \/>\nTantsu, laulu ja teatri k\u00f5rvalt leiab<br \/>\nalati aega ka f\u00fc\u00fcsika konsultatsiooniks.<\/p>\n<p style=\"text-align: right\">Kuidas ta sellest \u0161okolaadist paksuks ei l\u00e4he?<\/p>\n<p style=\"text-align: left\"><strong><strong>Markus M\u00fchle<\/strong><br \/>\n<\/strong> Markus on n\u00e4idanud meile laulu-,<br \/>\nn\u00e4itleja- ja re\u017eiss\u00f6\u00f6riannet. Teda huvitab<br \/>\ntehnika, pole hetke, mis m\u00f6\u00f6duks<br \/>\niPhone\u2019ita. Ei h\u00e4bene avaldada arvamust.<\/p>\n<p>Kelle vend on kes?<\/p>\n<p style=\"text-align: right\"><strong><strong>Marek Nugis<\/strong><br \/>\n<\/strong>Alati k\u00f5igega kaasaminev ja teisi m\u00e4rkav<br \/>\np\u00e4ikeselaps, kes on t\u00e4is r\u00f5\u00f5mu ja energiat.<br \/>\nTa suudab k\u00f5iki oma l\u00f5busate n\u00e4gude ja<br \/>\nnaljakate \u00fctlustega naerma panna.<\/p>\n<p style=\"text-align: right\">Barclay de Nugis?<\/p>\n<p style=\"text-align: left\"><strong><strong>Britt\u2013Marie Pals<\/strong><br \/>\n<\/strong>Koolis vaoshoitud ja tubli \u00f5pilane, aga<br \/>\nvabal ajal t\u00f5sine rebel. Klassi fotograafi<br \/>\nna j\u00e4\u00e4dvustab Britu meie tegemisi ning<br \/>\nteeb kalkulaatoriga lapsikuid trikke.<\/p>\n<p>Ega ta ei solvunud?<\/p>\n<p style=\"text-align: right\"><strong><strong>Kadriann Pikkat<\/strong><br \/>\n<\/strong> K\u00f5psi h\u00e4\u00e4letoon on muhe ning n\u00e4gu alati<br \/>\nnaerul. Tuntud oma armsate grimasside<br \/>\npoolest, meeldib teistelt n\u00e4gude tegemisega<br \/>\nreaktsioone v\u00e4lja pressida. Nummi!<\/p>\n<p style=\"text-align: right\">Kumb on parem: kas teise v\u00f5i kolmanda korruse oma?<\/p>\n<p style=\"text-align: left\"><strong><strong>Kaspar Puksand<\/strong><br \/>\n<\/strong> Vaikne hall hiireke, kes n\u00e4itab<br \/>\nharva oma t\u00f5elist olemust\u2026 Olgu,<br \/>\nvaletasime, K\u00e4sp on lihtsalt raju.<br \/>\nEmotsioon on ta keskmine nimi.<\/p>\n<p>Kuhu j\u00e4id ema filoloogigeenid?<\/p>\n<p style=\"text-align: right\"><strong><strong>Mati Pulver<\/strong><br \/>\n<\/strong>Mati on alati olemas, kui teda<br \/>\nvaja on. Hoiab meeleolu \u00fcleval,<br \/>\nhoolimata ajast, teemast ja kohast.<\/p>\n<p style=\"text-align: right\">Alati valvel?<\/p>\n<p style=\"text-align: left\"><strong><strong>Karl Puusepp<\/strong><br \/>\n<\/strong>Armastab nalja visata, r\u00e4mpstoitu,<br \/>\nMac-i, v\u00f5\u00f5rkeeli ja muusikat, millest<br \/>\nkeegi kuulnud pole. Julgeb \u00f6elda, nagu<br \/>\nasi on, olgu see meeldiv v\u00f5i mitte.<\/p>\n<p>Kas sa siis kedagi ei armasta?<\/p>\n<p style=\"text-align: right\"><strong><strong>Kert P\u00fctsepp<\/strong><br \/>\n<\/strong>Uskumatu t\u00f6\u00f6v\u00f5imega poiss ja j\u00f5uab<br \/>\nelus kaugele. Ta on ehe ja soe inimene.<br \/>\nKui millegagi Kerti v\u00f5rrelda, siis<br \/>\nmesilasega, kuid Kert peab kauem vastu.<\/p>\n<p style=\"text-align: right\">Paljut\u00f5otav karj\u00e4\u00e4r v\u00f5i altk\u00e4emaks?<\/p>\n<p style=\"text-align: left\"><strong><strong>Siimu Rom<\/strong><br \/>\n<\/strong>Meie klassi muusik. Haruldus,<br \/>\nsest musikaalseid poisse on<br \/>\nv\u00e4he \u2014 Siimu on \u00fcks neist<br \/>\nv\u00e4hestest briljantidest.<strong><br \/>\n<strong><br \/>\n<\/strong><\/strong>Mida sa veel nende n\u00e4ppudega teha oskad?<\/p>\n<p style=\"text-align: right\"><strong><strong>Kadi Liis Saar<\/strong><br \/>\n<\/strong>Geenius. V\u00e4ga s\u00f5bralik ja abivalmis,<br \/>\nintelligentne ja mitmek\u00fclgne. Samas kahe<br \/>\njalaga maa peal, sooja iseloomu ja s\u00fcdamliku<br \/>\nnaeratusega. Poleks n\u00e4inud, ei usuks!<\/p>\n<p style=\"text-align: right\">TIK? Reaal? Sigat\u00fc\u00fcgas? Cambridge? Mis koolis sa k\u00e4id?<strong> <\/strong><\/p>\n<p style=\"text-align: left\"><strong><strong>Annica Saaret<\/strong><br \/>\n<\/strong>Annica on tagasihoidlik t\u00fcdruk,<br \/>\nkellega suhtlemiseks tuleb ise<br \/>\njulgus kokku v\u00f5tta, kuid see vaev<br \/>\nsaab hiljem mitmekordselt tasutud.<\/p>\n<p>Tegi Kadi-Liisile, Kerdile ja Jannole matas p\u00e4he. Kas t\u00f5esti nii armas kui tundub?<\/p>\n<p style=\"text-align: right\"><strong><strong>Kai Sarv<\/strong><br \/>\n<\/strong>Parimate grimasside ja veidi hirmutava,<br \/>\nsamas tujut\u00f5stva naeruga p\u00f6\u00f6rane<br \/>\nt\u00fctarlaps.Viitele \u00f5ppimine on lihtne ja<br \/>\ns\u00f5pradega l\u00f5butsemine veel lihtsam.<\/p>\n<p style=\"text-align: right\">Kas sul on j\u00e4rgmise aasta 21. veebruar alles planeerimata?<\/p>\n<p style=\"text-align: left\"><strong><strong>Priit Silm<\/strong><br \/>\n<\/strong>Priit on algusest peale olnud \u00e4\u00e4retult<br \/>\ns\u00f5bralik ja muhe. Meeldiv vestluskaaslane,<br \/>\noskab alati midagi tarka \u00f6elda.<br \/>\nRahulik, tasakaalukas ja m\u00f5istlik.<\/p>\n<p>Priit, mis juhtus, Priit?<\/p>\n<p style=\"text-align: right\"><strong><strong>Sander Suursalu<\/strong><br \/>\n<\/strong>Sander on tore, vaimukas, tark ja<br \/>\ns\u00f5bralik poiss. Temaga on m\u00f5nus<br \/>\nseltskonnas olla, rahulik ja alati<br \/>\nr\u00f5\u00f5msameelne. Sportlik iluspoiss.<\/p>\n<p style=\"text-align: right\">Kumb sulle siis rohkem meeldib, Peugeot v\u00f5i see blondiin?<strong> <\/strong><\/p>\n<p style=\"text-align: left\"><strong><strong>Karl Tarvas<\/strong><br \/>\n<\/strong>K\u00f5ige nunnuma naeratusega, mida<br \/>\nta varjata \u00f5nneks ei oska. Karl on<br \/>\nt\u00f5eliselt lahe. Ole v\u00e4hem haige!:)<\/p>\n<p>Mitmenda kursuse praktilist t\u00f6\u00f6d sa t\u00e4na j\u00e4rele teed?<\/p>\n<p style=\"text-align: right\"><strong><strong>Silver Taza<\/strong><br \/>\n<\/strong>Silverit tasub tundma \u00f5ppida. Ta on huvitav,<br \/>\nsoe ja v\u00e4ga loominguline. Ambitsioonikas<br \/>\nkuntsnikuhingega noormees, kelles<br \/>\npeitub rohkem kui v\u00e4lja paistab.<\/p>\n<p style=\"text-align: right\">Miks ta mind vaatab?<strong> <\/strong><\/p>\n<p style=\"text-align: left\"><strong><strong>Mari Umbleja<\/strong><br \/>\n<\/strong>Omap\u00e4rase olemuse ja m\u00f5tetega<br \/>\nlillelaps, kes v\u00f5ib esialgu j\u00e4\u00e4da m\u00e4rkamatuks,<br \/>\nkuid seda hetkeni, mil ta, pikk<br \/>\npats lehvimas, sinust m\u00f6\u00f6da jookseb.<\/p>\n<p>Kodut\u00fctar?<\/p>\n<p style=\"text-align: right\"><strong><strong>Johanna Vaimel<\/strong><br \/>\n<\/strong>S\u00fcmpaatne t\u00fcdruk, kes teab, et<br \/>\ns\u00f5pra tuleb h\u00e4das aidata. Armastab<br \/>\nteravaid nalju ning Johanna naeru<br \/>\non kuulda kooli teise otsa.<\/p>\n<p style=\"text-align: right\">Mis Newtoni eesnimi oli?<strong> <\/strong><\/p>\n<p style=\"text-align: left\"><strong><strong>Oliver Viljamaa<\/strong><br \/>\n<\/strong>Oliver on suurep\u00e4rane ja mitmek\u00fclgne<br \/>\nsuhtleja. Kord suudab see stiilne<br \/>\nMaci-poiss olla irooniline, kord \u00fclimalt<br \/>\notsekohene, kord hooliv ja armas.<\/p>\n<p>Error! Mac vedas alt?<\/p>\n<p style=\"text-align: right\"><strong><strong>Rasmus V\u00e4lling<\/strong><br \/>\n<\/strong>Reaalkooli r\u00fc\u00fctlikultuuri edasiviija.<br \/>\nP\u00fchendab oma teosed s\u00fcdamedaamile<br \/>\nning kannab ette suure rahvahulga ees.<br \/>\nIga p\u00e4ev avastame m\u00f5ne uue ande.<\/p>\n<p style=\"text-align: right\">Who&#8217;s your daddy? T\u00e4itsamees?<strong> <\/strong><\/p>\n<p style=\"text-align: left\"><strong><strong>Andres Talts<\/strong><br \/>\n<\/strong>Me pole kunagi n\u00e4inud \u00f5petajat, kes<br \/>\noma \u00f5pilasi nii palju usaldaks ja austaks.<br \/>\nTema muhe naeratus, salakaval pilk ja<br \/>\nvallatud lokid on k\u00f5igi salaarmastus.<\/p>\n<p>Orhideed ja red\u017ee?<\/p>\n<p><strong><strong><br \/>\n<\/strong><\/strong><\/p>\n<h2 style=\"text-align: center\"><span style=\"color: #ff0000\"><span style=\"text-decoration: underline\"><strong><strong>S\u00fcnnip\u00e4evad <\/strong><\/strong><\/span><\/span><\/h2>\n<p style=\"text-align: center\"><strong><strong><br \/>\n<\/strong><\/strong><\/p>\n<p style=\"text-align: center\"><strong><strong>Jaanuar<\/strong><\/strong><\/p>\n<p style=\"text-align: center\">6.01 &#8211; Helen, Kaspar<\/p>\n<p style=\"text-align: center\">16.01 &#8211; Ivar<\/p>\n<p style=\"text-align: center\">24.01 &#8211; Jasper<\/p>\n<p style=\"text-align: center\"><strong><strong>Veebruar<\/strong><\/strong><\/p>\n<p style=\"text-align: center\">2.02 &#8211; Markus-Eerik<\/p>\n<p style=\"text-align: center\">19.02\u00a0 &#8211; Siimu<\/p>\n<p style=\"text-align: center\">28.02 &#8211; Sander Hermet<\/p>\n<p style=\"text-align: center\"><strong><strong>M\u00e4rts<\/strong><\/strong><\/p>\n<p style=\"text-align: center\">5.03 &#8211; Liisa Marie<\/p>\n<p style=\"text-align: center\">7.03 &#8211; Sander Suursalu<\/p>\n<p style=\"text-align: center\">9.03 &#8211; Mari Umbleja, Hans J\u00fcrgen<\/p>\n<p style=\"text-align: center\">10.03 &#8211; Regina<\/p>\n<p style=\"text-align: center\">26.03 &#8211; Kadriann<\/p>\n<p style=\"text-align: center\">31.03 &#8211; Janno<\/p>\n<p style=\"text-align: center\"><strong><strong>Aprill<\/strong><\/strong><\/p>\n<p style=\"text-align: center\">9.04 &#8211; Kai, Karl Puusepp<\/p>\n<p style=\"text-align: center\">12.04 &#8211; Silver<\/p>\n<p style=\"text-align: center\">13.04 &#8211; Mati<\/p>\n<p style=\"text-align: center\">25.04 &#8211; Kert<\/p>\n<p style=\"text-align: center\"><strong><strong>Mai<\/strong><\/strong><\/p>\n<p style=\"text-align: center\">9.05 &#8211; Kadi Liis<\/p>\n<p style=\"text-align: center\">16.05 &#8211; Henri Erilaid<\/p>\n<p style=\"text-align: center\"><strong><strong>Juuni<\/strong><\/strong><\/p>\n<p style=\"text-align: center\">2.06 &#8211; Maria, Rasmus<\/p>\n<p style=\"text-align: center\">26.06 &#8211; Johanna<\/p>\n<p style=\"text-align: center\"><strong><strong>Juuli<\/strong><\/strong><\/p>\n<p style=\"text-align: center\">3.07 &#8211; Charlotte<\/p>\n<p style=\"text-align: center\">16.07 &#8211; Marek<\/p>\n<p style=\"text-align: center\"><strong><strong>August<\/strong><\/strong><\/p>\n<p style=\"text-align: center\">14.08 &#8211; Karl Tarvas<\/p>\n<p style=\"text-align: center\">31.08 &#8211; <span style=\"text-decoration: underline\">Andres Talts<\/span><\/p>\n<p style=\"text-align: center\"><strong><strong>September<\/strong><\/strong><\/p>\n<p style=\"text-align: center\">19.09 &#8211; Mari<\/p>\n<p style=\"text-align: center\"><strong><strong>Oktoober<\/strong><\/strong><\/p>\n<p style=\"text-align: center\">3.10 &#8211; Oliver<\/p>\n<p style=\"text-align: center\">9.10 &#8211; Maria-Liesbeth<\/p>\n<p style=\"text-align: center\">17.10 &#8211; Henri Molloka<\/p>\n<p style=\"text-align: center\">23.10 &#8211; Priit<\/p>\n<p style=\"text-align: center\">24.10 &#8211; Selene<\/p>\n<p style=\"text-align: center\"><strong><strong>November<\/strong><\/strong><\/p>\n<p style=\"text-align: center\">13.11 &#8211; Tony<\/p>\n<p style=\"text-align: center\">18.11 &#8211; Risto<\/p>\n<p style=\"text-align: center\">28.11 &#8211; Britt-Marie, Markus M\u00fchle<\/p>\n<p style=\"text-align: center\"><strong><strong>Detsember<\/strong><\/strong><\/p>\n<p style=\"text-align: center\">1.12 &#8211; Ann<\/p>\n<p style=\"text-align: center\">24.12 &#8211; Annica<\/p>\n","protected":false},"excerpt":{"rendered":"<p>11A klass 2009\/2010 10A klass 2008\/2009 Ann Elism\u00e4e V\u00e4ike, r\u00f5\u00f5msameelne ja s\u00e4ravate silmadega t\u00fcdruk. Kohati esinev juhe ei ole kindlasti miinus, lihtsalt naljakas. V\u00e4ike p\u00e4ike igas p\u00e4evas. Kas esimene burger aastal 2009 j\u00e4\u00e4b ka viimaseks? Henri Erilaid V\u00e4ga avatud poiss, kes ei karda teistest erineda. Ta on aus ja otsekohene, v\u00e4ga tark ning vallatu pilguga [&hellip;]<\/p>\n","protected":false},"author":1,"featured_media":0,"parent":0,"menu_order":0,"comment_status":"open","ping_status":"open","template":"","meta":{"footnotes":""},"class_list":["post-216","page","type-page","status-publish","hentry"],"_links":{"self":[{"href":"https:\/\/www.real.edu.ee\/ajaveeb\/arh126a\/wp-json\/wp\/v2\/pages\/216","targetHints":{"allow":["GET"]}}],"collection":[{"href":"https:\/\/www.real.edu.ee\/ajaveeb\/arh126a\/wp-json\/wp\/v2\/pages"}],"about":[{"href":"https:\/\/www.real.edu.ee\/ajaveeb\/arh126a\/wp-json\/wp\/v2\/types\/page"}],"author":[{"embeddable":true,"href":"https:\/\/www.real.edu.ee\/ajaveeb\/arh126a\/wp-json\/wp\/v2\/users\/1"}],"replies":[{"embeddable":true,"href":"https:\/\/www.real.edu.ee\/ajaveeb\/arh126a\/wp-json\/wp\/v2\/comments?post=216"}],"version-history":[{"count":0,"href":"https:\/\/www.real.edu.ee\/ajaveeb\/arh126a\/wp-json\/wp\/v2\/pages\/216\/revisions"}],"wp:attachment":[{"href":"https:\/\/www.real.edu.ee\/ajaveeb\/arh126a\/wp-json\/wp\/v2\/media?parent=216"}],"curies":[{"name":"wp","href":"https:\/\/api.w.org\/{rel}","templated":true}]}}