{"id":163,"date":"2017-09-11T13:34:07","date_gmt":"2017-09-11T10:34:07","guid":{"rendered":"http:\/\/www.real.edu.ee\/ajaveeb\/143a\/?page_id=163"},"modified":"2017-09-11T13:34:47","modified_gmt":"2017-09-11T10:34:47","slug":"arvutiopetus","status":"publish","type":"page","link":"https:\/\/www.real.edu.ee\/ajaveeb\/143a\/arvutiopetus\/","title":{"rendered":"Arvuti\u00f5petus"},"content":{"rendered":"<p>T\u00f6\u00f6lehed tekstit\u00f6\u00f6 \u00f5ppimiseks:<\/p>\n<p><a href=\"http:\/\/www.real.edu.ee\/ajaveeb\/141b\/files\/2015\/10\/Arvutiopetus_WORD_harjutused.doc\">Arvuti\u00f5petus_WORD_harjutused<\/a><\/p>\n<p>Kliki hiirel ja l\u00f5ika puule vahva kuju:<\/p>\n<p><a href=\"http:\/\/www.uptoten.com\/kids\/kidsgames-mixedbag-cutthebush.html\">http:\/\/www.uptoten.com\/kids\/kidsgames-mixedbag-cutthebush.html<\/a><\/p>\n<p>Kliki klaviatuuri t\u00e4htedel alusta punasel s\u00f5nal klikkides:<\/p>\n<p><a href=\"http:\/\/www.bigbrownbear.co.uk\/keyboard\/index.htm\">http:\/\/www.bigbrownbear.co.uk\/keyboard\/index.htm<\/a><\/p>\n<p>Kliki klaviatuuri t\u00e4htedel ja aita ahvikesel ronida:<\/p>\n<p><a href=\"http:\/\/www.tvokids.com\/games\/keyboardclimber\">http:\/\/www.tvokids.com\/games\/keyboardclimber<\/a><\/p>\n<p>M\u00e4ngud \u00f5pitu harjutamiseks:<\/p>\n<p><a href=\"https:\/\/learningapps.org\/index.php?category=10&amp;s=\">https:\/\/learningapps.org\/index.php?category=10&amp;s=<\/a><\/p>\n","protected":false},"excerpt":{"rendered":"<p>T\u00f6\u00f6lehed tekstit\u00f6\u00f6 \u00f5ppimiseks: Arvuti\u00f5petus_WORD_harjutused Kliki hiirel ja l\u00f5ika puule vahva kuju: http:\/\/www.uptoten.com\/kids\/kidsgames-mixedbag-cutthebush.html Kliki klaviatuuri t\u00e4htedel alusta punasel s\u00f5nal klikkides: http:\/\/www.bigbrownbear.co.uk\/keyboard\/index.htm Kliki klaviatuuri t\u00e4htedel ja aita ahvikesel ronida: http:\/\/www.tvokids.com\/games\/keyboardclimber M\u00e4ngud \u00f5pitu harjutamiseks: https:\/\/learningapps.org\/index.php?category=10&amp;s=<\/p>\n","protected":false},"author":51,"featured_media":0,"parent":0,"menu_order":0,"comment_status":"closed","ping_status":"closed","template":"","meta":{"footnotes":""},"class_list":["post-163","page","type-page","status-publish","hentry"],"_links":{"self":[{"href":"https:\/\/www.real.edu.ee\/ajaveeb\/143a\/wp-json\/wp\/v2\/pages\/163","targetHints":{"allow":["GET"]}}],"collection":[{"href":"https:\/\/www.real.edu.ee\/ajaveeb\/143a\/wp-json\/wp\/v2\/pages"}],"about":[{"href":"https:\/\/www.real.edu.ee\/ajaveeb\/143a\/wp-json\/wp\/v2\/types\/page"}],"author":[{"embeddable":true,"href":"https:\/\/www.real.edu.ee\/ajaveeb\/143a\/wp-json\/wp\/v2\/users\/51"}],"replies":[{"embeddable":true,"href":"https:\/\/www.real.edu.ee\/ajaveeb\/143a\/wp-json\/wp\/v2\/comments?post=163"}],"version-history":[{"count":1,"href":"https:\/\/www.real.edu.ee\/ajaveeb\/143a\/wp-json\/wp\/v2\/pages\/163\/revisions"}],"predecessor-version":[{"id":164,"href":"https:\/\/www.real.edu.ee\/ajaveeb\/143a\/wp-json\/wp\/v2\/pages\/163\/revisions\/164"}],"wp:attachment":[{"href":"https:\/\/www.real.edu.ee\/ajaveeb\/143a\/wp-json\/wp\/v2\/media?parent=163"}],"curies":[{"name":"wp","href":"https:\/\/api.w.org\/{rel}","templated":true}]}}