{"id":185,"date":"2014-05-24T11:51:07","date_gmt":"2014-05-24T08:51:07","guid":{"rendered":"http:\/\/www.real.edu.ee\/ajaveeb\/131b\/?page_id=185"},"modified":"2014-10-02T20:01:44","modified_gmt":"2014-10-02T17:01:44","slug":"klassi-saavutused-voistlustel","status":"publish","type":"page","link":"https:\/\/www.real.edu.ee\/ajaveeb\/131b\/klassi-saavutused-voistlustel\/","title":{"rendered":"Klassi saavutused v\u00f5istlustel"},"content":{"rendered":"<ol>\n<li>XIV kindral Johan Laidoneri ol\u00fcmpiateatejooks: p\u00f5hikooli- kui ka g\u00fcmnaasiumiosas I\u00a0koht. 10.b klassi esindajad: Christopher Juul, Villem Ossip,\u00a0Ma<span style=\"color: #000000\">tt<\/span>hias Rimm ja\u00a0Allar Aasj\u00f5e.<\/li>\n<li>Koolinoorte s\u00f5udmine: \u00a0II\u00a0<span style=\"line-height: 1.5em\">koht g\u00fcmnaasiumi tiimiga. 131.b klassi esindajad: Kevin Reim, Christopher Juul. Individuaalselt II koht: Kevin Reim.<\/span><\/li>\n<li>Alfa s\u00f5udmise v\u00f5istlus: II koht g\u00fcmnaasiumi tiimiga. 131.b klassi esindajad: Kevin Reim, Christopher Juul.<\/li>\n<li>Reaali Ramm 2014: Kevin Reim III koht (59p).<\/li>\n<li>Koolinoorte teateujumise MV finaalid: II koht. 10.b klassi esindajad:\u00a0Allar Aasj\u00f5e,\u00a0Christopher Juul,\u00a0Andreas Otti, Georg Mihkel Kodi.<\/li>\n<li>XV kindral Johan Laidoneri ol\u00fcmpiateatejooks:\u00a0V\u00f5istluste kiireima ringi aeg (2X750m): Matthias Rimm (ja\u00a0Hendrik Kiristaja), aeg: 4:07.1.\u00a0G\u00fcmnaasiumi noomeeste v\u00f5istkonda kuulusid 131.b lennust: Matthias Rimm, Christopher Juul, Allar Aasj\u00f5e, Villem Ossip.\u00a0G\u00fcmnaasiumi neidude v\u00f5istkonda kuulus 131.b lennust: Mirjam Koppel.<\/li>\n<\/ol>\n","protected":false},"excerpt":{"rendered":"<p>XIV kindral Johan Laidoneri ol\u00fcmpiateatejooks: p\u00f5hikooli- kui ka g\u00fcmnaasiumiosas I\u00a0koht. 10.b klassi esindajad: Christopher Juul, Villem Ossip,\u00a0Matthias Rimm ja\u00a0Allar Aasj\u00f5e. Koolinoorte s\u00f5udmine: \u00a0II\u00a0koht g\u00fcmnaasiumi tiimiga. 131.b klassi esindajad: Kevin Reim, Christopher Juul. Individuaalselt II koht: Kevin Reim. Alfa s\u00f5udmise v\u00f5istlus: II koht g\u00fcmnaasiumi tiimiga. 131.b klassi esindajad: Kevin Reim, Christopher Juul. Reaali Ramm 2014: Kevin [&hellip;]<\/p>\n","protected":false},"author":70,"featured_media":0,"parent":0,"menu_order":0,"comment_status":"open","ping_status":"open","template":"","meta":{"footnotes":""},"class_list":["post-185","page","type-page","status-publish","hentry"],"_links":{"self":[{"href":"https:\/\/www.real.edu.ee\/ajaveeb\/131b\/wp-json\/wp\/v2\/pages\/185","targetHints":{"allow":["GET"]}}],"collection":[{"href":"https:\/\/www.real.edu.ee\/ajaveeb\/131b\/wp-json\/wp\/v2\/pages"}],"about":[{"href":"https:\/\/www.real.edu.ee\/ajaveeb\/131b\/wp-json\/wp\/v2\/types\/page"}],"author":[{"embeddable":true,"href":"https:\/\/www.real.edu.ee\/ajaveeb\/131b\/wp-json\/wp\/v2\/users\/70"}],"replies":[{"embeddable":true,"href":"https:\/\/www.real.edu.ee\/ajaveeb\/131b\/wp-json\/wp\/v2\/comments?post=185"}],"version-history":[{"count":6,"href":"https:\/\/www.real.edu.ee\/ajaveeb\/131b\/wp-json\/wp\/v2\/pages\/185\/revisions"}],"predecessor-version":[{"id":275,"href":"https:\/\/www.real.edu.ee\/ajaveeb\/131b\/wp-json\/wp\/v2\/pages\/185\/revisions\/275"}],"wp:attachment":[{"href":"https:\/\/www.real.edu.ee\/ajaveeb\/131b\/wp-json\/wp\/v2\/media?parent=185"}],"curies":[{"name":"wp","href":"https:\/\/api.w.org\/{rel}","templated":true}]}}