{"id":2,"date":"2012-09-12T07:37:56","date_gmt":"2012-09-12T07:37:56","guid":{"rendered":"http:\/\/www.real.edu.ee\/ajaveeb\/130c\/?page_id=2"},"modified":"2012-09-29T14:32:59","modified_gmt":"2012-09-29T14:32:59","slug":"klassinimekiri","status":"publish","type":"page","link":"https:\/\/www.real.edu.ee\/ajaveeb\/130c\/klassinimekiri\/","title":{"rendered":"Klassinimekiri"},"content":{"rendered":"<ol>\n<li>Madis Abel<\/li>\n<li>Artur Ahlberg<\/li>\n<li>Mihkel Evard<\/li>\n<li>Sander Harjak<\/li>\n<li>Martin Juksar<\/li>\n<li>J\u00f6rgen J\u00f5ulu<\/li>\n<li>Riste Kaaret<\/li>\n<li>Kristiina Kangro<\/li>\n<li>Mihkel Kohava<\/li>\n<li>Rait Kohava<\/li>\n<li>Gerli Krjukov<\/li>\n<li>M\u00e4rten Kuusk<\/li>\n<li>Sten Laansoo<\/li>\n<li>Markus Laars<\/li>\n<li>Kaisa Laur<\/li>\n<li>Claus Lemmik<\/li>\n<li>Johanna Lumiste<\/li>\n<li>Rainer Urmas Maine<\/li>\n<li>Marleen Marnot<\/li>\n<li>Grete Metsallik<\/li>\n<li>Laura Johanna Mettis<\/li>\n<li>Sander N\u00f5mmik<\/li>\n<li>Lauri Otsmaa<\/li>\n<li>Rasmus Paks<\/li>\n<li>Lisanna Pihlak<\/li>\n<li>Pille- Riin Randaru<\/li>\n<li>Hedvig Rass<\/li>\n<li>Fred- Rainer R\u00e4nisoo<\/li>\n<li>Emil Salulaid<\/li>\n<li>Grete Savila<\/li>\n<li>Anelle Tamm<\/li>\n<li>K\u00e4tlin Tammiste<\/li>\n<li>Markus Tipner<\/li>\n<li>Rahel Tops<\/li>\n<li>Martin Trudnikov<\/li>\n<li>Kamilla Alma Vilderson<\/li>\n<li>Kristel Voit<\/li>\n<\/ol>\n","protected":false},"excerpt":{"rendered":"<p>Madis Abel Artur Ahlberg Mihkel Evard Sander Harjak Martin Juksar J\u00f6rgen J\u00f5ulu Riste Kaaret Kristiina Kangro Mihkel Kohava Rait Kohava Gerli Krjukov M\u00e4rten Kuusk Sten Laansoo Markus Laars Kaisa Laur Claus Lemmik Johanna Lumiste Rainer Urmas Maine Marleen Marnot Grete Metsallik Laura Johanna Mettis Sander N\u00f5mmik Lauri Otsmaa Rasmus Paks Lisanna Pihlak Pille- Riin Randaru [&hellip;]<\/p>\n","protected":false},"author":1,"featured_media":0,"parent":0,"menu_order":0,"comment_status":"open","ping_status":"open","template":"","meta":{"footnotes":""},"class_list":["post-2","page","type-page","status-publish","hentry"],"_links":{"self":[{"href":"https:\/\/www.real.edu.ee\/ajaveeb\/130c\/wp-json\/wp\/v2\/pages\/2","targetHints":{"allow":["GET"]}}],"collection":[{"href":"https:\/\/www.real.edu.ee\/ajaveeb\/130c\/wp-json\/wp\/v2\/pages"}],"about":[{"href":"https:\/\/www.real.edu.ee\/ajaveeb\/130c\/wp-json\/wp\/v2\/types\/page"}],"author":[{"embeddable":true,"href":"https:\/\/www.real.edu.ee\/ajaveeb\/130c\/wp-json\/wp\/v2\/users\/1"}],"replies":[{"embeddable":true,"href":"https:\/\/www.real.edu.ee\/ajaveeb\/130c\/wp-json\/wp\/v2\/comments?post=2"}],"version-history":[{"count":4,"href":"https:\/\/www.real.edu.ee\/ajaveeb\/130c\/wp-json\/wp\/v2\/pages\/2\/revisions"}],"predecessor-version":[{"id":56,"href":"https:\/\/www.real.edu.ee\/ajaveeb\/130c\/wp-json\/wp\/v2\/pages\/2\/revisions\/56"}],"wp:attachment":[{"href":"https:\/\/www.real.edu.ee\/ajaveeb\/130c\/wp-json\/wp\/v2\/media?parent=2"}],"curies":[{"name":"wp","href":"https:\/\/api.w.org\/{rel}","templated":true}]}}