{"id":38,"date":"2011-09-13T15:04:15","date_gmt":"2011-09-13T15:04:15","guid":{"rendered":"http:\/\/www.real.edu.ee\/ajaveeb\/129b\/?page_id=38"},"modified":"2012-12-03T22:37:24","modified_gmt":"2012-12-03T22:37:24","slug":"galerii","status":"publish","type":"page","link":"https:\/\/www.real.edu.ee\/ajaveeb\/129b\/galerii\/","title":{"rendered":"Galerii"},"content":{"rendered":"<div><a href=\"http:\/\/www.real.edu.ee\/ajaveeb\/129b\/files\/2011\/09\/galerii2011.png\"><img loading=\"lazy\" decoding=\"async\" class=\"aligncenter size-full wp-image-41\" src=\"http:\/\/www.real.edu.ee\/ajaveeb\/129b\/files\/2011\/09\/galerii2011.png\" alt=\"\" width=\"418\" height=\"69\" srcset=\"https:\/\/www.real.edu.ee\/ajaveeb\/129b\/files\/2011\/09\/galerii2011.png 418w, https:\/\/www.real.edu.ee\/ajaveeb\/129b\/files\/2011\/09\/galerii2011-300x49.png 300w\" sizes=\"auto, (max-width: 418px) 100vw, 418px\" \/><\/a><\/div>\n<ol>\n<li><strong><a href=\"http:\/\/www.real.edu.ee\/ajaveeb\/129b\/2011\/09\/13\/spordipaev\/\">Spordip\u00e4ev<\/a><\/strong> &#8211; 2. september 2011<\/li>\n<li><strong><a href=\"http:\/\/www.real.edu.ee\/ajaveeb\/129b\/2011\/09\/29\/reaal-130\/\">Reaal 130<\/a><\/strong> &#8211; 29. september 2011<\/li>\n<li><strong><a href=\"http:\/\/www.real.edu.ee\/ajaveeb\/129b\/2011\/10\/03\/reaal-130-vol2\/\">Reaal 130 vol2<\/a><\/strong> &#8211; 3. oktoober 2011<\/li>\n<li><strong><a href=\"http:\/\/www.real.edu.ee\/ajaveeb\/129b\/2011\/11\/\">\u00d5ppek\u00e4ik Tartus<\/a><\/strong> &#8211; 30. \u00a0november 2011<\/li>\n<li><strong><a href=\"https:\/\/picasaweb.google.com\/111453466482028481575\/Krimigala?authuser=0&amp;feat=directlink\">Krimigala<\/a><\/strong> &#8211; detsembri l\u00f5pp 2011<\/li>\n<\/ol>\n<p><a href=\"http:\/\/www.real.edu.ee\/ajaveeb\/129b\/files\/2011\/09\/galeriiiklassilblogi2012.png\"><img loading=\"lazy\" decoding=\"async\" class=\"aligncenter size-full wp-image-339\" src=\"http:\/\/www.real.edu.ee\/ajaveeb\/129b\/files\/2011\/09\/galeriiiklassilblogi2012.png\" alt=\"\" width=\"418\" height=\"69\" srcset=\"https:\/\/www.real.edu.ee\/ajaveeb\/129b\/files\/2011\/09\/galeriiiklassilblogi2012.png 418w, https:\/\/www.real.edu.ee\/ajaveeb\/129b\/files\/2011\/09\/galeriiiklassilblogi2012-300x49.png 300w\" sizes=\"auto, (max-width: 418px) 100vw, 418px\" \/><\/a><\/p>\n<ol>\n<li><strong><a href=\"https:\/\/picasaweb.google.com\/111453466482028481575\/TeemeAraTalgud2012Russalka?authuser=0&amp;authkey=Gv1sRgCMHs5-mMo6yiXA&amp;feat=directlink\">Teeme \u00c4ra<\/a><\/strong> &#8211; 5. mai 2012<\/li>\n<li><strong><a href=\"http:\/\/www.real.edu.ee\/ajaveeb\/129b\/2012\/05\/30\/meediamaja\/\">Meediamaja<\/a><\/strong> &#8211; 23. mai 2012<\/li>\n<li><a href=\"https:\/\/plus.google.com\/photos\/106267090418053268726\/albums\/5817847586759311265?banner=pwa&amp;authkey=CImA8a_wl-vz8gE\"><strong>Spordip\u00e4ev<\/strong><\/a> &#8211; 3. september 2012<\/li>\n<li><a href=\"https:\/\/picasaweb.google.com\/115206263760075951656\/Sormustepidu?authkey=Gv1sRgCIOQ6OijnI2pFg\"><strong>S\u00f5rmuste pidu<\/strong><\/a> &#8211; 19. oktoober 2012<\/li>\n<li><a href=\"https:\/\/picasaweb.google.com\/111453466482028481575\/SaintPetersburg?authuser=0&amp;authkey=Gv1sRgCN-quZSUwbWPTw&amp;feat=directlink\"><strong>Peterburi<\/strong><\/a> &#8211; 26.-28. oktoober 2012<\/li>\n<\/ol>\n","protected":false},"excerpt":{"rendered":"<p>Spordip\u00e4ev &#8211; 2. september 2011 Reaal 130 &#8211; 29. september 2011 Reaal 130 vol2 &#8211; 3. oktoober 2011 \u00d5ppek\u00e4ik Tartus &#8211; 30. \u00a0november 2011 Krimigala &#8211; detsembri l\u00f5pp 2011 Teeme \u00c4ra &#8211; 5. mai 2012 Meediamaja &#8211; 23. mai 2012 Spordip\u00e4ev &#8211; 3. september 2012 S\u00f5rmuste pidu &#8211; 19. oktoober 2012 Peterburi &#8211; 26.-28. oktoober [&hellip;]<\/p>\n","protected":false},"author":35,"featured_media":0,"parent":0,"menu_order":0,"comment_status":"open","ping_status":"open","template":"","meta":{"footnotes":""},"class_list":["post-38","page","type-page","status-publish","hentry"],"_links":{"self":[{"href":"https:\/\/www.real.edu.ee\/ajaveeb\/129b\/wp-json\/wp\/v2\/pages\/38","targetHints":{"allow":["GET"]}}],"collection":[{"href":"https:\/\/www.real.edu.ee\/ajaveeb\/129b\/wp-json\/wp\/v2\/pages"}],"about":[{"href":"https:\/\/www.real.edu.ee\/ajaveeb\/129b\/wp-json\/wp\/v2\/types\/page"}],"author":[{"embeddable":true,"href":"https:\/\/www.real.edu.ee\/ajaveeb\/129b\/wp-json\/wp\/v2\/users\/35"}],"replies":[{"embeddable":true,"href":"https:\/\/www.real.edu.ee\/ajaveeb\/129b\/wp-json\/wp\/v2\/comments?post=38"}],"version-history":[{"count":7,"href":"https:\/\/www.real.edu.ee\/ajaveeb\/129b\/wp-json\/wp\/v2\/pages\/38\/revisions"}],"predecessor-version":[{"id":40,"href":"https:\/\/www.real.edu.ee\/ajaveeb\/129b\/wp-json\/wp\/v2\/pages\/38\/revisions\/40"}],"wp:attachment":[{"href":"https:\/\/www.real.edu.ee\/ajaveeb\/129b\/wp-json\/wp\/v2\/media?parent=38"}],"curies":[{"name":"wp","href":"https:\/\/api.w.org\/{rel}","templated":true}]}}