{"id":76,"date":"2008-01-01T17:18:41","date_gmt":"2008-01-01T15:18:41","guid":{"rendered":"http:\/\/real.edu.ee\/~125b\/hobid\/"},"modified":"2008-01-01T17:18:41","modified_gmt":"2008-01-01T15:18:41","slug":"hobid","status":"publish","type":"page","link":"https:\/\/www.real.edu.ee\/ajaveeb\/125b\/hobid\/","title":{"rendered":"Hobid"},"content":{"rendered":"<h3>Andre<\/h3>\n<p>Omab ka hobisid.<em> <\/em>Ausalt.<em><br \/>\n<\/em><\/p>\n<h3>Andrus<\/h3>\n<p>Andrus k\u00e4ib vabal ajal v\u00e4itlusklubis ja ujumas, natuke aega on k\u00e4inud ka tai poksi trennis. Samuti k\u00e4ib ta eelmisest aastast saati korra talve jooksul m\u00e4gedes lumelauaga s\u00f5itmas. Eelmine aasta oli reis Slovakkiasse, see aasta s\u00f5idab ta Rootsi. Andrusele meeldib lugeda, kuigi viimasel napib selleks aega, ning kuulab v\u00e4ga palju muusikat. Tihti ootab rongi valel perroonil v\u00f5i tuleb \u00fcks peatus varem rongi pealt maha ja k\u00f5nnib mitu kilomeetrit lumetormis.<\/p>\n<h3>Annemary<\/h3>\n<p>Seitse aastat k\u00e4is Annemary muusikakoolis klaverierialal, eelmine aasta l\u00f5petas. Samuti k\u00e4ib ta tantsimas: hetkel k\u00fcll midagi vabamat, aga on tegelenud ka rahvatantsuga. Ja n\u00fc\u00fcd kohe, kohe hakkab ta ka trumme m\u00e4ngima ja \u00f5ppima.<\/p>\n<h3>Anni<\/h3>\n<p>On eriti lahe ja naerab teie k\u00f5igi \u00fcle oma ujumisprillide ja karnevaliriietega.<\/p>\n<h3>Anon\u00fc\u00fcmne Hereford<\/h3>\n<p>T\u00f6\u00f6tunnid m\u00f6\u00f6duvad Gustavi talus rohtu n\u00e4rides. Vabal ajal postitab 125b lennu kodukale kommentaare. L\u00f5hestunud isiksuse s\u00fcndroomi all kannataja. \u00dcle linna tuntud skisofreenik. Nitrobenseeni s\u00fcnteesib 200% saagisega.<\/p>\n<h3>Ardo<\/h3>\n<p><em>&#8220;Tegelenud olen oma elus erinevat asjadega: rahvatantsuga, peotantsuga, n\u00e4itlemisega, laulupeol on k\u00e4idud, tennisega, lauatennisega, kergej\u00f5ustikuga (aga see j\u00e4i sinna algkooli aega :)), korvpalliga\u2026<br \/>\nKoolis olen silmapaistnud vist oma \u00f5ppetulemustega. Tamsalu G\u00fcmnaasiumi esimesed 8 klassi sai l\u00f5petatud kiituskirjaga, 9 klassi tunnistuse rikkus \u00e4ra eesti keele eksam. K\u00e4inud olen ka erinevatel ol\u00fcmpiaadidel, auhinnalisi kohti L-Virumaal saavutasin matemaatikas, eesti keeles, keemias.&#8221; Vihkab teid k\u00f5iki. Uus lemmikraamat on &#8220;Orgasmipiibel&#8221;. <\/em><\/p>\n<h3>Edvard<\/h3>\n<p>Edvard ei osale ringides, sest talle ei meeldi v\u00f5istlemine. Kuid talle meeldib siiski asju niisama harrastada. N\u00e4iteks naudib ta ujumist ning soojadel hommikutel k\u00e4ib ta Kadriorus jooksmas. (See teeb tugevaks.) Samuti huvitub ta tehnikast ning arvutitest ja nendega seonduvatest asjadest. Kui Edvardil on halb tuju, elab ta ennast v\u00e4lja l\u00e4bi kirjutamise, kuid kirjutab ta ka muul ajal. Ja veel meeldib talle s\u00f5pradega olla, rattaga s\u00f5ita, lilli kinkida, telekat vaadata, nalja teha ja sodida, sest joonistada ta enda s\u00f5nul lihtsalt ei oska.<\/p>\n<h3>Edwart<\/h3>\n<p><em>\u201cVabal ajal tegelen kitarri m\u00e4ngu, purjelauatamise ja quadracer\u2019iga. Kitarri olen m\u00e4nginud mingi 2 aastat, pole kuskil \u00f5ppinud. Purjelauaga s\u00f5idan juba teist hooaega, eelmine aasta olin Purjelaua kooli liige. Quadracer\u2019i ostsin alles sellel s\u00fcgisel.\u201d<\/em><\/p>\n<h3>Erik<\/h3>\n<p>Erik kirjeldab oma hobisid nii: <em>\u201cArvutid, keemia, male, BC\u00cb!\u201d<br \/>\n<\/em><\/p>\n<h3>Erko<\/h3>\n<p>Erko tegeleb IT-ga: k\u00f5ik arvutite kokkupanekust videot\u00f6\u00f6tluse ning veebilehtede kirjutamiseni. Tema \u201clemmikraamatuks\u201d on wikipedia. P\u00e4ris p\u00f5hjalikult on ta uurinud ka rocki ajalugu 60.-ndatest t\u00e4nap\u00e4evani, sest see on midagi, mis teda t\u00f5siselt huvitab. Spordist naudib Erko tugitoolisporti ja ta on ka lootusetu kohvihoolik.<\/p>\n<h3>Gustav<\/h3>\n<p>Gustavi elus on aega hetkel kaheks asjaks: \u00f5ppimiseks ja.lgpalliks. Muud asjad j\u00e4\u00e4vad hetkel tahaplaanile, kuid k\u00fcll neidki teisi j\u00f5uab hiljem teha. Veel k\u00e4ib Gustav Reaalkooli segakooris. Kunagi on \u00f5pitud ka klaverit. Kui vaba aega on soovib Gustav seda veeta Hiiumaal.<\/p>\n<h3>Hanna-Liisa<\/h3>\n<p>Hanna-Liisa on laulnud 13 aastat ETV laulukooris, 7 aastat tegelenud iluv\u00f5imlemisega ning 5 aastat v\u00f5istlustantsuga. Natuke on ta m\u00e4nginud ka klaverit. Hetkel k\u00e4ib ta Tallinna Kunstikoolis ja \u00f5pib Eesti Kunsti Akadeemias arhitektuuri ettevalmistuskursustel. Veel laulab ta kooli segakooris ning t\u00fctarlaste ansamblis.<\/p>\n<h3>Harri<\/h3>\n<p>Harri on spordipoiss. Kooli k\u00f5rvalt teeb ta k\u00f5vasti trenni: kergej\u00f5ustikuga on tegelenud juba 9 aastat. Lisaks, kui aga v\u00e4hegi aega ja lund on, proovib ta vahel lumelauaga s\u00f5ita. Harri lemmikjook on Sprite. (Tema ei ole janu.) Eriti vihkab Andret.<\/p>\n<h3>Heiko<\/h3>\n<p>Vabal ajal meeldib Heikole Internetis surfata ja videosid striimida(nt. animet). Talle meeldib lugeda (n\u00e4iteks ulmet, fantaasiat v\u00f5i populaarteaduslikku kirjandust) ning ka \u00f5ppimise vastu pole tal midagi. Ka k\u00e4sit\u00f6\u00f6 kuulub tema hobide hulka (ketid ja muu sarnane), kuid hetkel ei ole tal selle harrastamiseks kahjuks v\u00f5imalust. Varem on ta k\u00e4inud veel ka p\u00e4ris mitu aastat korvpallitrennis. Vahel kutsub s\u00f5pru enda juurde teed jooma. M\u00e4lum\u00e4ngudes vastab k\u00f5ikidele k\u00fcsimustele valesti.<\/p>\n<h3>Helin<\/h3>\n<p>Helin k\u00e4ib vabal ajal Tallinna Kunstikoolis, kus toimuvad erinevad tunnid: maalimine, joonistamine, keraamika, skulptuur ja graafika. Samuti tegeleb ta 2 korda n\u00e4dalas tantsulise aeroobikaga.<\/p>\n<h3>Helis<\/h3>\n<p>Kooli v\u00e4liselt m\u00e4ngib Helis v\u00f5rkpalli, mida ta on teinud juba 2 aastat. Kui aega veel \u00fcle j\u00e4\u00e4b, k\u00e4ib ta lihtsalt harrastajana ujumas. Varem k\u00e4is ta ka ujumistrennis.<\/p>\n<h3>Hendrik<\/h3>\n<p>Hendrik on juba 8 aastat m\u00e4nginud tennist. Suvel s\u00f5idab ta kajakiga. Talvel k\u00e4ib suusatamas v\u00f5i uisutamas. \u00dclej\u00e4\u00e4nud vaba aega kasutab ta programmeerimiseks ja vaba tarkvara levitamiseks. Lemmiksari on &#8220;Selgeltn\u00e4gijate tuleproov&#8221;. Pakub teistele tihti teed. Lemmikloom on valgesabaline antilooporav.<\/p>\n<h3>Henrik<\/h3>\n<p>Ujumine on Henriku sportlik tegevus, aga seda teeb ta ainult hobi vormis. Tema t\u00f5eliselt tugevateks k\u00fclgedeks on aga ajalugu (seal tunneb ta end eriti koduselt), geograafia ning \u00fchiskonna \u00f5petus.<\/p>\n<h3>Ingrid<\/h3>\n<p>Ingrid k\u00e4ib Tai Chi trennis (Hiina v\u00f5itluskunst, t\u00e4nap\u00e4eval peamiselt terapeutilise m\u00f5juga) ning vahel k\u00e4ib ka niisama tennist m\u00e4ngimas. Tillemana k\u00e4is ta paar aastat tennisetrennis ka. Praegu tegeleb ta lisaks Tai Chi-le ka sukeldumisega ning on Eestimaa Looduse Fondi vabatahtlik.<\/p>\n<h3>J\u00fcrgen<\/h3>\n<p>Tervelt 14 aastat on J\u00fcrgen juba ujumisega tegelenud. Hobikorras harrastab ta ka golfi ja tennist, seega\u00a0lebo-aega tal eriti \u00fcle ei j\u00e4\u00e4. Aga juhul kui siiski j\u00e4\u00e4b, veedab ta selle m\u00f5nusasti oma s\u00f5pradega.<\/p>\n<h3>Kaarel<\/h3>\n<p>Kaks aastat on Kaarel tegelenud laskespordiga, kuid n\u00fc\u00fcd on v\u00e4ike vahe kooli p\u00e4rast sisse j\u00e4\u00e4nud. Ta \u00f5ppis ka viis aastat klaverit, aga seej\u00e4rel enam ei jaksanud. Laulis ka 9 aastat Eesti Poistekooris (n\u00fc\u00fcd Rahvusooper Estonia Poistekoor). Praegu \u00f5pib Kaarel juba teist aastat kitarri ning tuleb v\u00e4lja, et ka natuke kontrabassi. Oskab h\u00e4dap\u00e4rast ka v\u00f5rkpalli m\u00e4ngida, kui kedagi teist v\u00f5tta pole.<\/p>\n<h3>Kaileen<\/h3>\n<p>Kaileen tegeleb iluuisutamisega. Vahel laulab ja kallistab ka (Ning armastab teid k\u00f5iki) =). V\u00f5tab alati suure portsu salatit, kuid ei s\u00f6\u00f6 seda kunagi \u00e4ra (vt. Rita).<\/p>\n<h3>Karl Erik<\/h3>\n<p>Karl Erik on terve oma teadliku elu koos onupoeg Gustaviga kalal k\u00e4inud. Ta on ka palju reisinud ning on hea m\u00e4esuusataja. Vabal ajal togib ta jalgpalli. Tihtipeale vaid \u00fche jalaga, sest teise jalaga togib Karl tai poksi trennis vastaseid. Talle meeldib olla koos oma s\u00f5pradega.<\/p>\n<h3>Karol<\/h3>\n<p>6 aasat on Karol m\u00e4nginud jalgpalli, 2 aastat tegelenud kergej\u00f5ustikuga, pool aastat kardiga ning poolteist aastat rulaga s\u00f5itnud. Laulnud on ta 6 aastat ja kunagi isegi kaks aastat klaverit \u00f5ppinud. Hetkel k\u00e4ib ta lihtsalt j\u00f5usaalis muskleid pumpamas ning hobikorras meeldib talle s\u00f5ita lumelaua ja tsikliga. Karol on tegelenud ka Parkour\u2019iga (spordiala, kus tuleb h\u00fcpates ja ronides v\u00f5imalikult kiiresti ja l\u00fchimat teed pidi \u00fcletada ette j\u00e4\u00e4vad takistused), kuid j\u00e4ttis vigastuste v\u00e4ltimiseks pooleli. Kehalises kuivatab ennast p\u00f5lvekaitsmetega. Vahel m\u00f5tiskleb s\u00f5na &#8220;impulsiivne&#8221; t\u00e4henduse \u00fcle.<\/p>\n<h3>Konstantin<\/h3>\n<p>Konstantin m\u00e4ngib kabet, milles ta ei ole \u00fcldsegi mitte algaja, ja brid\u017ei (,kuid talle meeldivad ka muud kaardim\u00e4ngud). Ta k\u00e4ib v\u00f5rkpalli trennis ning oskab veel ka jalgpalli, korvpalli, piljardit, bowlingut ja malet m\u00e4ngida. Teeb maailma parimat varese j\u00e4ljendust.<\/p>\n<h3>Kristjan<\/h3>\n<p>Kristjani elu lahutamatuks osaks on muusika, mis h\u00f5lmab ka trombooni m\u00e4ngimist. Veel naudib ta ka purjelauaga s\u00f5itmist, see aitab tal l\u00f5\u00f5gastuda.<\/p>\n<h3>Kristjan Eerik<\/h3>\n<p>Kristjan on \u00f5ppinud trumme 2 aastat, kuid neid m\u00e4nginud juba 3 aastat. Samuti tantsib ta rahvatantsu ning on tantsul\u00f5vi s\u00f5na otseses m\u00f5ttes, sest isegi vahetundide ajal v\u00f5ib n\u00e4ha tema tulipunast juukselakka lehvimas. Koolist p\u00e4\u00e4semiseks j\u00e4\u00e4b maale lumevangi.<\/p>\n<h3><strong>Malle<\/strong><\/h3>\n<p>Meie armas klassijuhataja sulandub meie sekka v\u00e4ga h\u00e4sti ka oma hobide poolest. Talle meeldib lugeda ja teatris k\u00e4ia. Eriti naudib ta tantsulisi etendusi, sest on ka ise palju aastaid rahvatantsuga tegelenud (nii ise tantsinud kui ka noori juhendanud). Praegu kulub \u00f5petaja Mallel suur osa ajast tema kahele taksikoerale, kuid vabadel hetkedel harrastab ta ka portselani- ja siidimaali ning viimasel ajal ka \u00f5limaali.<\/p>\n<h3>Mart<\/h3>\n<p>Praegu laulab Mart kooli segakooris. Muidu meeldib talle s\u00f5pradega jalgpalli m\u00e4ngida, kuid ta oskab ka natukene klaverit ja kitarri m\u00e4ngida.<\/p>\n<h3>Mihkel<\/h3>\n<p><em>\u201cVabal ajal ma tegelen rulaspordiga. Talviti tegelen ka m\u00e4esuusatamisega ja lumelauaga (seda alles \u00f5pin). Rulaga olen s\u00f5itnud juba kuskil 1,5 aastat ja m\u00e4esuuska olen harrastanud 4 aastat. Huvitun palju tehnikast, autodest ja informaatikast. Meeldib kuulata raskemat muusikat ja ka vahest \u017eanre nimega house ja chillout.\u201d<\/em><\/p>\n<h3>Morten<\/h3>\n<p>Peale koolitundide k\u00e4ib Morten ka v\u00e4itlusklubis. Muul ajal aga tegeleb ta IT-ga.<\/p>\n<h3>M\u00e4rt B.<\/h3>\n<p>Vabal ajal on M\u00e4rt palju arvutis, kus ta n\u00e4iteks programmeerib v\u00f5i internetist erinevaid asju loeb. Kui aega leidub, meeldib talle ka raamatuid lugeda. Eriti meeldivad talle Pratchett\u2019i kettamaailma lood ning Paolini \u201cP\u00e4rand\u201d-i sari (\u201cEragon\u201d, \u201cEldest\u201d). Muusikast kuulab ta meeleldi filmide soundtracke, folki ja sellist natuke imelikku muusikat. Aga tegelikult armastab M\u00e4rt ka niisama lebotamist.<\/p>\n<h3>M\u00e4rt(t) \u0160.<\/h3>\n<p>Juba peaaegu 8 aastat on M\u00e4rt m\u00e4nginud tennist ja umbes 3 aastat trumme. Peale nende hobide meeldib talle veel muusikat kuulata, niisama juttu ajada ning enda naljade \u00fcle naerda, mis ei ole \u00fcldsegi nii ebatavaline, kui esmapilgul v\u00f5ib tunduda. Vabal ajal teeb arvutile formatit (V\u00e4hemalt korra p\u00e4evas). Valmistab inimestes segadust, kas ta nimi kirjutatakse \u00fche v\u00f5i kahe t-ga.<\/p>\n<h3>Rita<\/h3>\n<p>Praegu \u00f5pib Rita peale kooli asjade ka hispaania keelt. Varem on ta harrastanud ka mitmeid muid asju. Teises klassis k\u00e4is ta sulgpalli trennis ning algklasside aega j\u00e4\u00e4b ka aasta jagu kunstiringi kogemust. Samuti on ta tantsinud 5 aastat rahvatantsu. Ja k\u00f5ige tipuks tegelenud 7 aastat iluuisutamisega, mille ta l\u00f5petas eelmine aasta. Lisaks meeldib Ritale Kaileeni toitumisharjumuste kallal norida (vt. Kaileen).<\/p>\n<h3><a href=\"http:\/\/etv.ee\/?0545706\">Stefani<\/a><\/h3>\n<p>V\u00f5ib tunduda uskumatu, et Stefani on k\u00e4inud 5 aastat iluv\u00f5imlemas, aga ka tema oli kunagi pisike nunnu t\u00fcdrukutirts. Veel on ta k\u00e4inud paar aastat kunstiringis ning aastakese kitarri \u00f5ppinud, kuid kaotas selle vastu huvi.<br \/>\nPraegu ta kusagil ringis ei k\u00e4i ning vabal ajal on lihtsalt kodus v\u00f5i h\u00e4ngab v\u00e4ljas. Aga kui Stefani aega ja viitsimist leiab, tahab ta siiski joogas k\u00e4ima hakata. Samas meeldib inimesi slappida ja peksta.<br \/>\n&#8220;vub-vub-vub-vub&#8221;<\/p>\n<h3>Tanel<\/h3>\n<p>Tanel naudib sportlikke ajaviiteid. K\u00e4sipalli on ta m\u00e4nginud juba alates 2.-st klassist. Lihtsalt hobi vormis k\u00e4ib ta n\u00e4dalavahetuseti kas jooksmas, rulluisutamas v\u00f5i rattaga s\u00f5itmas.<\/p>\n<h3>Tarmo<\/h3>\n<p>Tarmo otseselt \u00fcheski trennis ega ringis ei k\u00e4i, k\u00fcll aga harrastab mitmeid asju niisama. N\u00e4iteks talvel meeldib talle suusatada ning suvel ujuda. K\u00f5ige rohkem tegeleb praegu ta arvutitega. Kunagi ammu tegeles t\u00f5sisemalt ka elektroonikaga, kuid mitte enam.<\/p>\n<h3>Thea<\/h3>\n<p>Thea k\u00e4ib kaks korda n\u00e4dalas kunstiringis, kus p\u00f5hiliselt maalitakse paberile, kuid vahel ja klaasile v\u00f5i siidile. Veelgi enam maalib Thea aga kodus ning seal juba l\u00f5uendile. \u00dcle\u00fcldse veedab ta \u00fcsna suure osa oma kooliv\u00e4lisest ajast kodus. (Ja kui teile tundub, et ta n\u00e4eb kuri v\u00e4lja, siis teadke, et ta tegelikult pole \u00fcldse kuri.)<\/p>\n<h3>Triin<\/h3>\n<p>Triin on tegelenud juba p\u00e4ris kaua aega kergej\u00f5ustikuga, kus on saavutanud v\u00e4ga h\u00e4id tulemusi, ning hetkel k\u00e4ib Erki Noole Kergej\u00f5ustikukoolis. F\u00fc\u00fcsikas paneb t\u00fchja.<\/p>\n<h3>T\u00f5nis<\/h3>\n<p>T\u00f5nisele meeldib \u00f5udselt k\u00e4ia j\u00f5usaalis muskleid pumpamas v\u00f5i siis hoopis lebotada ning muusikat kuulata. Suvel harrastab ta ka korvpalli.<\/p>\n","protected":false},"excerpt":{"rendered":"<p>Andre Omab ka hobisid. Ausalt. Andrus Andrus k\u00e4ib vabal ajal v\u00e4itlusklubis ja ujumas, natuke aega on k\u00e4inud ka tai poksi trennis. Samuti k\u00e4ib ta eelmisest aastast saati korra talve jooksul m\u00e4gedes lumelauaga s\u00f5itmas. Eelmine aasta oli reis Slovakkiasse, see aasta s\u00f5idab ta Rootsi. Andrusele meeldib lugeda, kuigi viimasel napib selleks aega, ning kuulab v\u00e4ga palju [&hellip;]<\/p>\n","protected":false},"author":1,"featured_media":0,"parent":0,"menu_order":2,"comment_status":"open","ping_status":"open","template":"AinultSisseLogitutele.php","meta":{"footnotes":""},"class_list":["post-76","page","type-page","status-publish","hentry"],"_links":{"self":[{"href":"https:\/\/www.real.edu.ee\/ajaveeb\/125b\/wp-json\/wp\/v2\/pages\/76","targetHints":{"allow":["GET"]}}],"collection":[{"href":"https:\/\/www.real.edu.ee\/ajaveeb\/125b\/wp-json\/wp\/v2\/pages"}],"about":[{"href":"https:\/\/www.real.edu.ee\/ajaveeb\/125b\/wp-json\/wp\/v2\/types\/page"}],"author":[{"embeddable":true,"href":"https:\/\/www.real.edu.ee\/ajaveeb\/125b\/wp-json\/wp\/v2\/users\/1"}],"replies":[{"embeddable":true,"href":"https:\/\/www.real.edu.ee\/ajaveeb\/125b\/wp-json\/wp\/v2\/comments?post=76"}],"version-history":[{"count":0,"href":"https:\/\/www.real.edu.ee\/ajaveeb\/125b\/wp-json\/wp\/v2\/pages\/76\/revisions"}],"wp:attachment":[{"href":"https:\/\/www.real.edu.ee\/ajaveeb\/125b\/wp-json\/wp\/v2\/media?parent=76"}],"curies":[{"name":"wp","href":"https:\/\/api.w.org\/{rel}","templated":true}]}}