{"id":141,"date":"2008-03-15T15:18:31","date_gmt":"2008-03-15T13:18:31","guid":{"rendered":"http:\/\/real.edu.ee\/~125b\/saavutused\/"},"modified":"2008-03-15T15:18:31","modified_gmt":"2008-03-15T13:18:31","slug":"saavutused","status":"publish","type":"page","link":"https:\/\/www.real.edu.ee\/ajaveeb\/125b\/saavutused\/","title":{"rendered":"Saavutused"},"content":{"rendered":"<h2>2007\/2008 \u00f5.a.<\/h2>\n<h4>Keemiaol\u00fcmpiaadi l\u00f5ppvoor<\/h4>\n<ul>\n<li>Kristjan Eerik Kaseniit 3. koht<\/li>\n<li>Andre Tamm 4. koht<\/li>\n<li>Hendrik Otto Kaju 24. koht<\/li>\n<li>Erik Ilbis 25. koht<\/li>\n<\/ul>\n<h4>Informaatikaol\u00fcmpiaadi l\u00f5ppvoor<\/h4>\n<ul>\n<li>Morten Piibeleht 1. koht<\/li>\n<li>Andre Tamm 3. koht<\/li>\n<li>M\u00e4rt Bakhoff 5. koht<\/li>\n<li>Hendrik Otto Kaju 7. koht<\/li>\n<li>Kristjan Eerik Kaseniit 8. koht<\/li>\n<li>Erko Risthein 10. koht<\/li>\n<\/ul>\n<h4>F\u00fc\u00fcsikaol\u00fcmpiaadi l\u00f5ppvoor<\/h4>\n<ul>\n<li>Andre Tamm 7. koht<\/li>\n<li>Heiko Kase 14. koht<\/li>\n<\/ul>\n<h4>Matemaatikaol\u00fcmpiaadi l\u00f5ppvoor<\/h4>\n<ul>\n<li>Andre Tamm 1. koht<\/li>\n<li>Henrik M\u00e4gi 23. koht<\/li>\n<li>Morten Piibeleht 30. koht<\/li>\n<\/ul>\n<h4>Vabariiklik matemaatikav\u00f5istlus K\u00e4nguru, Juuniorid 2008<\/h4>\n<ul>\n<li>Andre Tamm 21. koht<\/li>\n<li>Ardo Allik 85. koht<\/li>\n<li>Karol Kadarik 116. koht<\/li>\n<li>Helis Puksand 125. koht<\/li>\n<li>Kaileen Raudsepp 159. koht<\/li>\n<li>Tanel P\u00e4rnamaa 159. koht<\/li>\n<li>Hendrik Kaju 178. koht<\/li>\n<li>Rita Aedla 312. koht<\/li>\n<li>Morten Piibeleht 348. koht<\/li>\n<li>Henrik M\u00e4gi 410. koht<\/li>\n<li>Konstantin Selli 524. koht<\/li>\n<li>Kristjan J\u00e4rvan 664. koht<\/li>\n<li>Kristjan Eerik Kaseniit 854. koht<\/li>\n<li>Erko Risthein 1161. koht<\/li>\n<li>M\u00e4rt \u0160anin 1607. koht<\/li>\n<\/ul>\n<h4>Lingvistikaol\u00fcmpiaadi l\u00f5ppvoor<\/h4>\n<ul>\n<li>Andre Tamm 38. koht<\/li>\n<\/ul>\n<h4>Bioloogiaol\u00fcmpiaadi l\u00f5ppvoor<\/h4>\n<ul>\n<li>Heiko Kase 37. koht<\/li>\n<\/ul>\n<h4>Eesti meeste 53. meistriv\u00f5istlused rahvusvahelises kabes 2008, 100 ruutu<\/h4>\n<ul>\n<li>Konstantin Selli 3. koht<\/li>\n<\/ul>\n<h2>2008\/2009 \u00f5.a.<\/h2>\n<h4>Eesti v\u00e4lkkabe meistriv\u00f5istlused rahvusvahelises kabes, mehed<\/h4>\n<ul>\n<li>Konstantin Selli 1. koht<\/li>\n<\/ul>\n<h4>Tallinna Kooliteatrite Festival 2009, 1. koht etendusega &#8220;Imaginaarne eksistents&#8221;<\/h4>\n<ul>\n<li>Ardo Allik<\/li>\n<li>Erik Ilbis<\/li>\n<li>Hendrik Otto Kaju<\/li>\n<li>Kristjan Eerik Kaseniit<\/li>\n<li>Morten Piibeleht<\/li>\n<li>Andrus Raudsep<\/li>\n<li>Andre Tamm<\/li>\n<\/ul>\n<h4>Kooliteater 2009, preemia lavapartnerluse eest etendusega &#8220;Imaginaarne eksistents&#8221;<\/h4>\n<ul>\n<li>Ardo Allik<\/li>\n<li>Erik Ilbis<\/li>\n<li>Hendrik Otto Kaju<\/li>\n<li>Kristjan Eerik Kaseniit<\/li>\n<li>Morten Piibeleht<\/li>\n<li>Andrus Raudsep<\/li>\n<li>Andre Tamm<\/li>\n<\/ul>\n<h4>\u00dcle-Eestiline koolisegakooride konkurss, B-kategooria, 1. koht<\/h4>\n<ul>\n<li>Gustav Kotkas<\/li>\n<li>Anni Lember<\/li>\n<li>Hanna-Liisa M\u00f5tus<\/li>\n<li>Kaarel Ratas<\/li>\n<li>Mart Ratas<\/li>\n<\/ul>\n<h4>X Eesti Kammerkooride Festival, D-kategooria, 1. koht<\/h4>\n<ul>\n<li>Kristjan J\u00e4rvan<\/li>\n<li>Anni Lember<\/li>\n<li>Hanna-Liisa M\u00f5tus<\/li>\n<li>Kaarel Ratas<\/li>\n<li>Mart Ratas<\/li>\n<\/ul>\n<h4>F\u00fc\u00fcsika lahtine v\u00f5istlus<\/h4>\n<ul>\n<li>Andre 2. koht<\/li>\n<li>Karol 13. koht<\/li>\n<li>Heiko 17. koht<\/li>\n<\/ul>\n<h4>Informaatikaol\u00fcmpiaadi l\u00f5ppvoor<\/h4>\n<ul>\n<li>Hendrik 1. koht (algajad)<\/li>\n<li>Andre 3. koht (edasij\u00f5udnud)<\/li>\n<li>Morten 4. koht (edasij\u00f5udnud)<\/li>\n<li>kek 11. koht (edasij\u00f5udnud)<\/li>\n<li>M\u00e4rt B. 18. koht (edasij\u00f5udnud)<\/li>\n<\/ul>\n<h2>2009\/2010 \u00f5.a.<\/h2>\n<h4>Tootearenduskursuse I koht<\/h4>\n<ul>\n<li>Annemary<\/li>\n<li>Harri<\/li>\n<li>Morten<\/li>\n<li>Hendrik<\/li>\n<\/ul>\n<h4>Tallinna Kooliteatrite Festival 2010, 1. koht etendusega  \u201cVernanda leib\u201d<\/h4>\n<ul>\n<li>Ardo Allik<\/li>\n<li>Erik Ilbis<\/li>\n<li>Hendrik Otto Kaju<\/li>\n<li>Morten Piibeleht<\/li>\n<li>Andrus Raudsep<\/li>\n<li>Andre Tamm<\/li>\n<\/ul>\n<h4>Kooliteater 2010, preemia konspetsiooni eest etendusega  \u201cVernanda leib\u201d<\/h4>\n<ul>\n<li>Ardo Allik<\/li>\n<li>Erik Ilbis<\/li>\n<li>Hendrik Otto Kaju<\/li>\n<li>Morten Piibeleht<\/li>\n<li>Andrus Raudsep<\/li>\n<li>Andre Tamm<\/li>\n<\/ul>\n","protected":false},"excerpt":{"rendered":"<p>2007\/2008 \u00f5.a. Keemiaol\u00fcmpiaadi l\u00f5ppvoor Kristjan Eerik Kaseniit 3. koht Andre Tamm 4. koht Hendrik Otto Kaju 24. koht Erik Ilbis 25. koht Informaatikaol\u00fcmpiaadi l\u00f5ppvoor Morten Piibeleht 1. koht Andre Tamm 3. koht M\u00e4rt Bakhoff 5. koht Hendrik Otto Kaju 7. koht Kristjan Eerik Kaseniit 8. koht Erko Risthein 10. koht F\u00fc\u00fcsikaol\u00fcmpiaadi l\u00f5ppvoor Andre Tamm 7. [&hellip;]<\/p>\n","protected":false},"author":1,"featured_media":0,"parent":0,"menu_order":5,"comment_status":"open","ping_status":"open","template":"","meta":{"footnotes":""},"class_list":["post-141","page","type-page","status-publish","hentry"],"_links":{"self":[{"href":"https:\/\/www.real.edu.ee\/ajaveeb\/125b\/wp-json\/wp\/v2\/pages\/141","targetHints":{"allow":["GET"]}}],"collection":[{"href":"https:\/\/www.real.edu.ee\/ajaveeb\/125b\/wp-json\/wp\/v2\/pages"}],"about":[{"href":"https:\/\/www.real.edu.ee\/ajaveeb\/125b\/wp-json\/wp\/v2\/types\/page"}],"author":[{"embeddable":true,"href":"https:\/\/www.real.edu.ee\/ajaveeb\/125b\/wp-json\/wp\/v2\/users\/1"}],"replies":[{"embeddable":true,"href":"https:\/\/www.real.edu.ee\/ajaveeb\/125b\/wp-json\/wp\/v2\/comments?post=141"}],"version-history":[{"count":0,"href":"https:\/\/www.real.edu.ee\/ajaveeb\/125b\/wp-json\/wp\/v2\/pages\/141\/revisions"}],"wp:attachment":[{"href":"https:\/\/www.real.edu.ee\/ajaveeb\/125b\/wp-json\/wp\/v2\/media?parent=141"}],"curies":[{"name":"wp","href":"https:\/\/api.w.org\/{rel}","templated":true}]}}