{"id":1321,"date":"2010-07-30T18:45:52","date_gmt":"2010-07-30T16:45:52","guid":{"rendered":"http:\/\/real.edu.ee\/~125b\/?page_id=1321"},"modified":"2010-07-30T18:45:52","modified_gmt":"2010-07-30T16:45:52","slug":"ulikool","status":"publish","type":"page","link":"https:\/\/www.real.edu.ee\/ajaveeb\/125b\/ulikool\/","title":{"rendered":"\u00dclikool"},"content":{"rendered":"<p>Kuhu l\u00e4heb meie klass edasi?<\/p>\n<table border=\"0\">\n<tbody>\n<tr>\n<td>1.<\/td>\n<td>Andre<\/td>\n<td>EHTE Toitlustusteenindus<\/td>\n<\/tr>\n<tr>\n<td>2.<\/td>\n<td>Andrus<\/td>\n<td>T\u00dc Majandus<\/td>\n<\/tr>\n<tr>\n<td>3.<\/td>\n<td>Annemary<\/td>\n<td>TT\u00dc Avalik haldus<\/td>\n<\/tr>\n<tr>\n<td>4.<\/td>\n<td>Anni<\/td>\n<td>T\u00dc Geenitehnoloogia<\/td>\n<\/tr>\n<tr>\n<td>5.<\/td>\n<td>Ardo<\/td>\n<td>TT\u00dc Tehniline f\u00fc\u00fcsika<\/td>\n<\/tr>\n<tr>\n<td>6.<\/td>\n<td>Edvard<\/td>\n<td>T\u00dc Arstiteadus<\/td>\n<\/tr>\n<tr>\n<td>7.<\/td>\n<td>Edwart<\/td>\n<td>T\u00dc Matemaatiline statistika<\/td>\n<\/tr>\n<tr>\n<td>8.<\/td>\n<td>Erik<\/td>\n<td>T\u00dc Arvutitehnika<\/td>\n<\/tr>\n<tr>\n<td>9.<\/td>\n<td>Erko<\/td>\n<td>Stockholm School of Economics in Riga (SSE Riga)<\/td>\n<\/tr>\n<tr>\n<td>10.<\/td>\n<td>Gustav<\/td>\n<td>Kaitsev\u00e4gi, Tapal?<\/td>\n<\/tr>\n<tr>\n<td>11.<\/td>\n<td>Hanna-Liisa<\/td>\n<td>EKA Arhitektuur<\/td>\n<\/tr>\n<tr>\n<td>12.<\/td>\n<td>Harri<\/td>\n<td>TT\u00dc Mehhatroonika<strong><br \/>\n<\/strong><\/td>\n<\/tr>\n<tr>\n<td>13.<\/td>\n<td>Heiko<\/td>\n<td>T\u00dc Arstiteadus<\/td>\n<\/tr>\n<tr>\n<td>14.<\/td>\n<td>Helin<\/td>\n<td>TT\u00dc \u00c4riinfotehnoloogia<\/td>\n<\/tr>\n<tr>\n<td>15.<\/td>\n<td>Helis<\/td>\n<td>T\u00dc Matemaatiline statistika<\/td>\n<\/tr>\n<tr>\n<td>16.<\/td>\n<td>Hendrik<\/td>\n<td>T\u00dc Keemia<\/td>\n<\/tr>\n<tr>\n<td>17.<\/td>\n<td>Henrik<\/td>\n<td>T\u00dc Riigiteadused<\/td>\n<\/tr>\n<tr>\n<td>18.<\/td>\n<td>Ingrid<\/td>\n<td>T\u00dc Arstiteadus<\/td>\n<\/tr>\n<tr>\n<td>19.<\/td>\n<td>J\u00fcrgen<\/td>\n<td>T\u00dc Proviisor<\/td>\n<\/tr>\n<tr>\n<td>20.<\/td>\n<td>Kaarel<\/td>\n<td>T\u00dc Infotehnoloogia<\/td>\n<\/tr>\n<tr>\n<td>21.<\/td>\n<td>Kaileen<\/td>\n<td>T\u00dc Arstiteadus<\/td>\n<\/tr>\n<tr>\n<td>22.<\/td>\n<td>Karl Erik<\/td>\n<td>T\u00dc Majandus<\/td>\n<\/tr>\n<tr>\n<td>23.<\/td>\n<td>Karol<\/td>\n<td>EMA \u2013 Sadamamajandamine ja meretranspordi juhtimine<\/td>\n<\/tr>\n<tr>\n<td>24.<\/td>\n<td>Konstantin<\/td>\n<td>TT\u00dc Sadamaehitus<\/td>\n<\/tr>\n<tr>\n<td>25.<\/td>\n<td>Kristjan<\/td>\n<td>T\u00dc \u00d5igusteadus<\/td>\n<\/tr>\n<tr>\n<td>26.<\/td>\n<td>Kristjan Eerik<\/td>\n<td>Massachusetts Institute of Technology (MIT)<\/td>\n<\/tr>\n<tr>\n<td>27.<\/td>\n<td>Mart<\/td>\n<td>TT\u00dc Tehniline f\u00fc\u00fcsika<\/td>\n<\/tr>\n<tr>\n<td>28.<\/td>\n<td>Mihkel<\/td>\n<td>TT\u00dc \u00c4riinfotehnoloogia<\/td>\n<\/tr>\n<tr>\n<td>29.<\/td>\n<td>Morten<\/td>\n<td>T\u00dc F\u00fc\u00fcsika<\/td>\n<\/tr>\n<tr>\n<td>30.<\/td>\n<td>M\u00e4rt B.<\/td>\n<td>T\u00dc Infotehnoloogia<\/td>\n<\/tr>\n<tr>\n<td>31.<\/td>\n<td>M\u00e4rt \u0160.<\/td>\n<td>TT\u00dc Sadamaehitus<\/td>\n<\/tr>\n<tr>\n<td>32.<\/td>\n<td>Rita<\/td>\n<td>T\u00dc Bioloogia<\/td>\n<\/tr>\n<tr>\n<td>33.<\/td>\n<td>Stefani<\/td>\n<td>T\u00dc Geenitehnoloogia<\/td>\n<\/tr>\n<tr>\n<td>34.<\/td>\n<td>Tanel<\/td>\n<td>T\u00dc Matemaatiline statistika<\/td>\n<\/tr>\n<tr>\n<td>35.<\/td>\n<td>Tarmo<\/td>\n<td>TT\u00dc Arvutis\u00fcsteemid<\/td>\n<\/tr>\n<tr>\n<td>36.<\/td>\n<td>Thea<\/td>\n<td>TT\u00dc K\u00fcte ja ventilatsioon<\/td>\n<\/tr>\n<tr>\n<td>37.<\/td>\n<td>Triin<\/td>\n<td>TT\u00dc Avalik haldus<\/td>\n<\/tr>\n<tr>\n<td>38.<\/td>\n<td>T\u00f5nis<\/td>\n<td>TT\u00dc Ehitusmajandus ja juhtimine<\/td>\n<\/tr>\n<\/tbody>\n<\/table>\n<p>PS! Nimekiri koostatud SAISi alusel, kui ma (st, mu otsingumootor) kuskil metsa olen pannud, j\u00e4tke kommentaar v\u00f5is\u00f5imake mind isiklikult.<\/p>\n<p>PPS! Keda kirjas pole, neid kas polnud otsingumootori haardes v\u00f5i nad olid rohkem kui \u00fches nimekirjas. Andke oma valik teada.<\/p>\n<p>Erik.<\/p>\n<div style=\"width: 1px;height: 1px;overflow: hidden\">\n<h3 class=\"r\"><a class=\"l\" href=\"http:\/\/en.wikipedia.org\/wiki\/Massachusetts_Institute_of_Technology\"><em><\/em><em>Massachusetts Institute of Technology<\/em><\/a><\/h3>\n<\/div>\n","protected":false},"excerpt":{"rendered":"<p>Kuhu l\u00e4heb meie klass edasi? 1. Andre EHTE Toitlustusteenindus 2. Andrus T\u00dc Majandus 3. Annemary TT\u00dc Avalik haldus 4. Anni T\u00dc Geenitehnoloogia 5. Ardo TT\u00dc Tehniline f\u00fc\u00fcsika 6. Edvard T\u00dc Arstiteadus 7. Edwart T\u00dc Matemaatiline statistika 8. Erik T\u00dc Arvutitehnika 9. Erko Stockholm School of Economics in Riga (SSE Riga) 10. Gustav Kaitsev\u00e4gi, Tapal? 11. [&hellip;]<\/p>\n","protected":false},"author":1,"featured_media":0,"parent":0,"menu_order":0,"comment_status":"open","ping_status":"open","template":"","meta":{"footnotes":""},"class_list":["post-1321","page","type-page","status-publish","hentry"],"_links":{"self":[{"href":"https:\/\/www.real.edu.ee\/ajaveeb\/125b\/wp-json\/wp\/v2\/pages\/1321","targetHints":{"allow":["GET"]}}],"collection":[{"href":"https:\/\/www.real.edu.ee\/ajaveeb\/125b\/wp-json\/wp\/v2\/pages"}],"about":[{"href":"https:\/\/www.real.edu.ee\/ajaveeb\/125b\/wp-json\/wp\/v2\/types\/page"}],"author":[{"embeddable":true,"href":"https:\/\/www.real.edu.ee\/ajaveeb\/125b\/wp-json\/wp\/v2\/users\/1"}],"replies":[{"embeddable":true,"href":"https:\/\/www.real.edu.ee\/ajaveeb\/125b\/wp-json\/wp\/v2\/comments?post=1321"}],"version-history":[{"count":0,"href":"https:\/\/www.real.edu.ee\/ajaveeb\/125b\/wp-json\/wp\/v2\/pages\/1321\/revisions"}],"wp:attachment":[{"href":"https:\/\/www.real.edu.ee\/ajaveeb\/125b\/wp-json\/wp\/v2\/media?parent=1321"}],"curies":[{"name":"wp","href":"https:\/\/api.w.org\/{rel}","templated":true}]}}