{"id":25,"date":"2008-03-17T15:06:20","date_gmt":"2008-03-17T13:06:20","guid":{"rendered":"http:\/\/www.real.edu.ee\/~klass10a\/?page_id=25"},"modified":"2008-03-17T15:06:20","modified_gmt":"2008-03-17T13:06:20","slug":"saavutused","status":"publish","type":"page","link":"https:\/\/www.real.edu.ee\/ajaveeb\/125a\/saavutused\/","title":{"rendered":"Saavutused"},"content":{"rendered":"<p><font color=\"#ff0000\">\u00dcleskutse k\u00f5igile klassikaaslastele: saatke oma saavutused Egelynile ja teeme selle lehe p\u00e4evakohasemaks!<\/font><\/p>\n<p><em>OL\u00dcMPIAADID:<\/em><\/p>\n<p><strong>Matemaatika l\u00f5ppvoor 2007\/2008<\/strong><\/p>\n<p>3-4 Erik Paemurru<\/p>\n<p><strong>Keemia l\u00f5ppvoor 2007\/2008<\/strong><\/p>\n<p>16 Kaspar M\u00e4rtens<\/p>\n<p>23 Joosep S\u00f5najalg<\/p>\n<p><strong>F\u00fc\u00fcsika piirkonnavoor 2007\/2008<\/strong><\/p>\n<p>19-23 Erik Paemurru<\/p>\n<p>34-36 Edgar Tereping<\/p>\n<p><strong>Keemia piirkonnavoor 2007\/2008<\/strong><\/p>\n<p>10 Kaspar M\u00e4rtens<\/p>\n<p>11 Joosep S\u00f5najalg<\/p>\n<p>32 Hardi Vilt<\/p>\n<p><strong>Matemaatika piirkonnavoor 2007\/2008<\/strong><\/p>\n<p>1 Erik Paemurru<\/p>\n<p>7 Kaspar M\u00e4rtens<\/p>\n<p>29 Liisa Ellermaa<\/p>\n<p>30 Kati Hensen<\/p>\n<p><strong>Matemaatikav\u00f5istlus K\u00e4nguru 2008<\/strong><\/p>\n<p>12 Chris Reintal<\/p>\n<p>25 Anastassia Gromova<\/p>\n<p>53 Heimar Kalpus<\/p>\n<p>53 Priit T\u00e4nav<\/p>\n<p>64 Kati Hensen<\/p>\n<p>105 Kaspar M\u00e4rtens<\/p>\n<p>105 Liisi Reedo<\/p>\n<p>116 Liisi M\u00f5tsh\u00e4rg<\/p>\n<p>138 Edgar Tereping<\/p>\n<p><strong>Kesklinna kaunitar 2008<\/strong><\/p>\n<p>Maarja-Liis Reilson<\/p>\n","protected":false},"excerpt":{"rendered":"<p>\u00dcleskutse k\u00f5igile klassikaaslastele: saatke oma saavutused Egelynile ja teeme selle lehe p\u00e4evakohasemaks! OL\u00dcMPIAADID: Matemaatika l\u00f5ppvoor 2007\/2008 3-4 Erik Paemurru Keemia l\u00f5ppvoor 2007\/2008 16 Kaspar M\u00e4rtens 23 Joosep S\u00f5najalg F\u00fc\u00fcsika piirkonnavoor 2007\/2008 19-23 Erik Paemurru 34-36 Edgar Tereping Keemia piirkonnavoor 2007\/2008 10 Kaspar M\u00e4rtens 11 Joosep S\u00f5najalg 32 Hardi Vilt Matemaatika piirkonnavoor 2007\/2008 1 Erik Paemurru [&hellip;]<\/p>\n","protected":false},"author":1,"featured_media":0,"parent":0,"menu_order":3,"comment_status":"open","ping_status":"open","template":"","meta":{"footnotes":""},"class_list":["post-25","page","type-page","status-publish","hentry"],"_links":{"self":[{"href":"https:\/\/www.real.edu.ee\/ajaveeb\/125a\/wp-json\/wp\/v2\/pages\/25","targetHints":{"allow":["GET"]}}],"collection":[{"href":"https:\/\/www.real.edu.ee\/ajaveeb\/125a\/wp-json\/wp\/v2\/pages"}],"about":[{"href":"https:\/\/www.real.edu.ee\/ajaveeb\/125a\/wp-json\/wp\/v2\/types\/page"}],"author":[{"embeddable":true,"href":"https:\/\/www.real.edu.ee\/ajaveeb\/125a\/wp-json\/wp\/v2\/users\/1"}],"replies":[{"embeddable":true,"href":"https:\/\/www.real.edu.ee\/ajaveeb\/125a\/wp-json\/wp\/v2\/comments?post=25"}],"version-history":[{"count":0,"href":"https:\/\/www.real.edu.ee\/ajaveeb\/125a\/wp-json\/wp\/v2\/pages\/25\/revisions"}],"wp:attachment":[{"href":"https:\/\/www.real.edu.ee\/ajaveeb\/125a\/wp-json\/wp\/v2\/media?parent=25"}],"curies":[{"name":"wp","href":"https:\/\/api.w.org\/{rel}","templated":true}]}}