{"id":2,"date":"2012-04-12T09:15:20","date_gmt":"2012-04-12T09:15:20","guid":{"rendered":"http:\/\/www.real.edu.ee\/ajaveeb\/125a\/?page_id=2"},"modified":"2012-04-12T09:15:20","modified_gmt":"2012-04-12T09:15:20","slug":"demoleht","status":"publish","type":"page","link":"https:\/\/www.real.edu.ee\/ajaveeb\/125a\/demoleht\/","title":{"rendered":"N\u00e4idisleht"},"content":{"rendered":"<p>See on n\u00e4idisleht. See erineb ajaveebipostitusest selle poolest, et on p\u00fcsiva asukohaga ning enamik teemasid n\u00e4itab seda lehe navigeerimismen\u00fc\u00fcs. Enamik inimesi alustab Minust -lehek\u00fcljega, mis kirjeldab neid v\u00f5imalikele k\u00fclastajatele. See v\u00f5iks olla n\u00e4iteks selline: <\/p>\n<blockquote><p>Tere! Ma olen p\u00e4eval jalgrattakuller ja \u00f5htuti algaja n\u00e4itleja ning see on minu ajaveeb. Ma elan Los Angeleses, mul on lahe koer nimega Jack ning ma armastan pi&#241;a coladat (ja vihma k\u00e4tte j\u00e4\u00e4mist).<\/p><\/blockquote>\n<p>&#8230;v\u00f5i midagi sellist:<\/p>\n<blockquote><p>AS XYZ Trullallaavabrik asutati aastal 1971 ja on sellest ajast varustanud \u00fcmbruskonda kvaliteetse trullallaaga.  K\u00fckametsas asuv XYZ pakub t\u00f6\u00f6d \u00fcle 2000 inimesele ning aitab igati kaasa K\u00fckametsa elu-olu arendamisele.<\/p><\/blockquote>\n<p>WordPressiga t\u00f6\u00f6d alustades v\u00f5iksid esmalt minna <a href=\"http:\/\/www.real.edu.ee\/ajaveeb\/125a\/wp-admin\/\">oma t\u00f6\u00f6lauale<\/a>, kustutada selle lehe ja panna asemele juba enda omad. J\u00f5udu!<\/p>\n","protected":false},"excerpt":{"rendered":"<p>See on n\u00e4idisleht. See erineb ajaveebipostitusest selle poolest, et on p\u00fcsiva asukohaga ning enamik teemasid n\u00e4itab seda lehe navigeerimismen\u00fc\u00fcs. Enamik inimesi alustab Minust -lehek\u00fcljega, mis kirjeldab neid v\u00f5imalikele k\u00fclastajatele. See v\u00f5iks olla n\u00e4iteks selline: Tere! Ma olen p\u00e4eval jalgrattakuller ja \u00f5htuti algaja n\u00e4itleja ning see on minu ajaveeb. Ma elan Los Angeleses, mul on lahe [&hellip;]<\/p>\n","protected":false},"author":1,"featured_media":0,"parent":0,"menu_order":0,"comment_status":"open","ping_status":"open","template":"","meta":{"footnotes":""},"class_list":["post-2","page","type-page","status-publish","hentry"],"_links":{"self":[{"href":"https:\/\/www.real.edu.ee\/ajaveeb\/125a\/wp-json\/wp\/v2\/pages\/2","targetHints":{"allow":["GET"]}}],"collection":[{"href":"https:\/\/www.real.edu.ee\/ajaveeb\/125a\/wp-json\/wp\/v2\/pages"}],"about":[{"href":"https:\/\/www.real.edu.ee\/ajaveeb\/125a\/wp-json\/wp\/v2\/types\/page"}],"author":[{"embeddable":true,"href":"https:\/\/www.real.edu.ee\/ajaveeb\/125a\/wp-json\/wp\/v2\/users\/1"}],"replies":[{"embeddable":true,"href":"https:\/\/www.real.edu.ee\/ajaveeb\/125a\/wp-json\/wp\/v2\/comments?post=2"}],"version-history":[{"count":0,"href":"https:\/\/www.real.edu.ee\/ajaveeb\/125a\/wp-json\/wp\/v2\/pages\/2\/revisions"}],"wp:attachment":[{"href":"https:\/\/www.real.edu.ee\/ajaveeb\/125a\/wp-json\/wp\/v2\/media?parent=2"}],"curies":[{"name":"wp","href":"https:\/\/api.w.org\/{rel}","templated":true}]}}